{"id":149594,"date":"2023-10-14T09:09:09","date_gmt":"2023-10-14T07:09:09","guid":{"rendered":"https:\/\/audiohypnosis.online\/product\/desgosto\/"},"modified":"2023-10-14T09:09:09","modified_gmt":"2023-10-14T07:09:09","slug":"desgosto","status":"publish","type":"product","link":"https:\/\/audiohypnosis.online\/pt-br\/produto\/desgosto\/","title":{"rendered":"Desgosto"},"content":{"rendered":"<p>Voc\u00ea est\u00e1 sofrendo com um cora\u00e7\u00e3o partido? Nossos MP3s de hipnose em \u00e1udio oferecem um caminho para a cura emocional. Encontre al\u00edvio e comece de novo com nosso pacote que inclui 6 arquivos de \u00e1udio e um manual de pr\u00e1ticas recomendadas.<\/p>\n","protected":false},"excerpt":{"rendered":"<p>Voc\u00ea precisa de ajuda para lidar com a m\u00e1goa?<\/p>\n","protected":false},"featured_media":149595,"comment_status":"closed","ping_status":"closed","template":"","meta":[],"language":[2637,2636,2581],"product_cat":[2828],"product_tag":[2829,2653,2667,2830,2808],"class_list":{"0":"post-149594","1":"product","2":"type-product","3":"status-publish","4":"has-post-thumbnail","6":"language-alemao","7":"language-frances","8":"language-holandes","9":"product_cat-relacionamentos","10":"product_tag-amor-pt-br","11":"product_tag-bem-estar-emocional","12":"product_tag-cura-pt-br","13":"product_tag-desgosto","14":"product_tag-relacionamentos","15":"pa_languages-alemao","16":"pa_languages-frances","17":"pa_languages-holandes","19":"entry","20":"has-media","22":"first","23":"instock","24":"purchasable","25":"product-type-variable","26":"has-product-nav","27":"col","28":"span_1_of_4","29":"owp-content-center","30":"owp-thumbs-layout-horizontal","31":"owp-btn-big","32":"owp-tabs-layout-vertical","33":"has-no-thumbnails"},"acf":[],"aioseo_notices":[],"_links":{"self":[{"href":"https:\/\/audiohypnosis.online\/pt-br\/wp-json\/wp\/v2\/product\/149594","targetHints":{"allow":["GET"]}}],"collection":[{"href":"https:\/\/audiohypnosis.online\/pt-br\/wp-json\/wp\/v2\/product"}],"about":[{"href":"https:\/\/audiohypnosis.online\/pt-br\/wp-json\/wp\/v2\/types\/product"}],"replies":[{"embeddable":true,"href":"https:\/\/audiohypnosis.online\/pt-br\/wp-json\/wp\/v2\/comments?post=149594"}],"version-history":[{"count":0,"href":"https:\/\/audiohypnosis.online\/pt-br\/wp-json\/wp\/v2\/product\/149594\/revisions"}],"wp:featuredmedia":[{"embeddable":true,"href":"https:\/\/audiohypnosis.online\/pt-br\/wp-json\/wp\/v2\/media\/149595"}],"wp:attachment":[{"href":"https:\/\/audiohypnosis.online\/pt-br\/wp-json\/wp\/v2\/media?parent=149594"}],"wp:term":[{"taxonomy":"language","embeddable":true,"href":"https:\/\/audiohypnosis.online\/pt-br\/wp-json\/wp\/v2\/language?post=149594"},{"taxonomy":"product_cat","embeddable":true,"href":"https:\/\/audiohypnosis.online\/pt-br\/wp-json\/wp\/v2\/product_cat?post=149594"},{"taxonomy":"product_tag","embeddable":true,"href":"https:\/\/audiohypnosis.online\/pt-br\/wp-json\/wp\/v2\/product_tag?post=149594"}],"curies":[{"name":"wp","href":"https:\/\/api.w.org\/{rel}","templated":true}]}}