{"id":149531,"date":"2023-10-14T09:09:09","date_gmt":"2023-10-14T07:09:09","guid":{"rendered":"https:\/\/audiohypnosis.online\/product\/aumento-do-desejo-sexual\/"},"modified":"2023-10-14T09:09:09","modified_gmt":"2023-10-14T07:09:09","slug":"aumento-do-desejo-sexual","status":"publish","type":"product","link":"https:\/\/audiohypnosis.online\/pt-br\/produto\/aumento-do-desejo-sexual\/","title":{"rendered":"Aumento do desejo sexual"},"content":{"rendered":"<p>Voc\u00ea deseja uma vida sexual mais satisfat\u00f3ria? Nossos MP3s de hipnose em \u00e1udio podem ajudar a aumentar sua libido. Obtenha acesso a 6 arquivos de \u00e1udio para download e um manual para orientar voc\u00ea em dire\u00e7\u00e3o a uma vida \u00edntima mais satisfat\u00f3ria.<\/p>\n","protected":false},"excerpt":{"rendered":"<p>Voc\u00ea quer aumentar seu desejo sexual?<\/p>\n","protected":false},"featured_media":149532,"comment_status":"closed","ping_status":"closed","template":"","meta":[],"language":[2637,2639,2636,2581,2780],"product_cat":[2805],"product_tag":[2807,2806,2808,2810,2809],"class_list":{"0":"post-149531","1":"product","2":"type-product","3":"status-publish","4":"has-post-thumbnail","6":"language-alemao","7":"language-espanhol","8":"language-frances","9":"language-holandes","10":"language-servio","11":"product_cat-sexualidade","12":"product_tag-gezondheid-pt-br","13":"product_tag-libido-pt-br","14":"product_tag-relacionamentos","15":"product_tag-seksuelewelzijn-pt-br","16":"product_tag-verlangen-pt-br","17":"pa_languages-alemao","18":"pa_languages-espanhol","19":"pa_languages-frances","20":"pa_languages-holandes","21":"pa_languages-hungaro","22":"pa_languages-ingles","23":"pa_languages-portugues-brasil","24":"pa_languages-servio","25":"pa_languages-ucraniano","27":"entry","28":"has-media","30":"first","31":"instock","32":"purchasable","33":"product-type-variable","34":"has-product-nav","35":"col","36":"span_1_of_4","37":"owp-content-center","38":"owp-thumbs-layout-horizontal","39":"owp-btn-big","40":"owp-tabs-layout-vertical","41":"has-no-thumbnails"},"acf":[],"aioseo_notices":[],"_links":{"self":[{"href":"https:\/\/audiohypnosis.online\/pt-br\/wp-json\/wp\/v2\/product\/149531","targetHints":{"allow":["GET"]}}],"collection":[{"href":"https:\/\/audiohypnosis.online\/pt-br\/wp-json\/wp\/v2\/product"}],"about":[{"href":"https:\/\/audiohypnosis.online\/pt-br\/wp-json\/wp\/v2\/types\/product"}],"replies":[{"embeddable":true,"href":"https:\/\/audiohypnosis.online\/pt-br\/wp-json\/wp\/v2\/comments?post=149531"}],"version-history":[{"count":0,"href":"https:\/\/audiohypnosis.online\/pt-br\/wp-json\/wp\/v2\/product\/149531\/revisions"}],"wp:featuredmedia":[{"embeddable":true,"href":"https:\/\/audiohypnosis.online\/pt-br\/wp-json\/wp\/v2\/media\/149532"}],"wp:attachment":[{"href":"https:\/\/audiohypnosis.online\/pt-br\/wp-json\/wp\/v2\/media?parent=149531"}],"wp:term":[{"taxonomy":"language","embeddable":true,"href":"https:\/\/audiohypnosis.online\/pt-br\/wp-json\/wp\/v2\/language?post=149531"},{"taxonomy":"product_cat","embeddable":true,"href":"https:\/\/audiohypnosis.online\/pt-br\/wp-json\/wp\/v2\/product_cat?post=149531"},{"taxonomy":"product_tag","embeddable":true,"href":"https:\/\/audiohypnosis.online\/pt-br\/wp-json\/wp\/v2\/product_tag?post=149531"}],"curies":[{"name":"wp","href":"https:\/\/api.w.org\/{rel}","templated":true}]}}