{"id":149490,"date":"2023-10-14T09:09:09","date_gmt":"2023-10-14T07:09:09","guid":{"rendered":"https:\/\/audiohypnosis.online\/product\/enxaquecas\/"},"modified":"2023-10-14T09:09:09","modified_gmt":"2023-10-14T07:09:09","slug":"enxaquecas","status":"publish","type":"product","link":"https:\/\/audiohypnosis.online\/pt-br\/produto\/enxaquecas\/","title":{"rendered":"Enxaquecas"},"content":{"rendered":"<p>Voc\u00ea est\u00e1 cansado das enxaquecas que atrapalham sua vida? Nossas sess\u00f5es de hipnose em \u00e1udio se concentram no controle e no al\u00edvio da dor. Voc\u00ea receber\u00e1 6 arquivos de \u00e1udio para download e um manual de pr\u00e1ticas recomendadas para ajudar a gerenciar seus sintomas.<\/p>\n","protected":false},"excerpt":{"rendered":"<p>Voc\u00ea precisa de al\u00edvio para as enxaquecas?<\/p>\n","protected":false},"featured_media":149491,"comment_status":"closed","ping_status":"closed","template":"","meta":[],"language":[2637,2639,2636,2581,2638,3060,2780],"product_cat":[2640],"product_tag":[2801,2802,2661,2654],"class_list":{"0":"post-149490","1":"product","2":"type-product","3":"status-publish","4":"has-post-thumbnail","6":"language-alemao","7":"language-espanhol","8":"language-frances","9":"language-holandes","10":"language-ingles","11":"language-it-pt-br","12":"language-servio","13":"product_cat-saude-e-bem-estar","14":"product_tag-gerenciamento-da-dor","15":"product_tag-migrena-pt-br","16":"product_tag-ulga-pt-br","17":"product_tag-zdrowie-pt-br","18":"pa_languages-alemao","19":"pa_languages-espanhol","20":"pa_languages-frances","21":"pa_languages-holandes","22":"pa_languages-hungaro","23":"pa_languages-ingles","24":"pa_languages-italiano-pt-br","25":"pa_languages-portugues-brasil","26":"pa_languages-servio","27":"pa_languages-ucraniano","29":"entry","30":"has-media","32":"first","33":"instock","34":"purchasable","35":"product-type-variable","36":"has-product-nav","37":"col","38":"span_1_of_4","39":"owp-content-center","40":"owp-thumbs-layout-horizontal","41":"owp-btn-big","42":"owp-tabs-layout-vertical","43":"has-no-thumbnails"},"acf":[],"aioseo_notices":[],"_links":{"self":[{"href":"https:\/\/audiohypnosis.online\/pt-br\/wp-json\/wp\/v2\/product\/149490","targetHints":{"allow":["GET"]}}],"collection":[{"href":"https:\/\/audiohypnosis.online\/pt-br\/wp-json\/wp\/v2\/product"}],"about":[{"href":"https:\/\/audiohypnosis.online\/pt-br\/wp-json\/wp\/v2\/types\/product"}],"replies":[{"embeddable":true,"href":"https:\/\/audiohypnosis.online\/pt-br\/wp-json\/wp\/v2\/comments?post=149490"}],"version-history":[{"count":0,"href":"https:\/\/audiohypnosis.online\/pt-br\/wp-json\/wp\/v2\/product\/149490\/revisions"}],"wp:featuredmedia":[{"embeddable":true,"href":"https:\/\/audiohypnosis.online\/pt-br\/wp-json\/wp\/v2\/media\/149491"}],"wp:attachment":[{"href":"https:\/\/audiohypnosis.online\/pt-br\/wp-json\/wp\/v2\/media?parent=149490"}],"wp:term":[{"taxonomy":"language","embeddable":true,"href":"https:\/\/audiohypnosis.online\/pt-br\/wp-json\/wp\/v2\/language?post=149490"},{"taxonomy":"product_cat","embeddable":true,"href":"https:\/\/audiohypnosis.online\/pt-br\/wp-json\/wp\/v2\/product_cat?post=149490"},{"taxonomy":"product_tag","embeddable":true,"href":"https:\/\/audiohypnosis.online\/pt-br\/wp-json\/wp\/v2\/product_tag?post=149490"}],"curies":[{"name":"wp","href":"https:\/\/api.w.org\/{rel}","templated":true}]}}