{"id":149452,"date":"2023-10-14T09:09:09","date_gmt":"2023-10-14T07:09:09","guid":{"rendered":"https:\/\/audiohypnosis.online\/product\/menos-ingestao-de-acucar\/"},"modified":"2023-10-14T09:09:09","modified_gmt":"2023-10-14T07:09:09","slug":"menos-ingestao-de-acucar","status":"publish","type":"product","link":"https:\/\/audiohypnosis.online\/pt-br\/produto\/menos-ingestao-de-acucar\/","title":{"rendered":"Menos ingest\u00e3o de a\u00e7\u00facar"},"content":{"rendered":"<p>Voc\u00ea est\u00e1 com dificuldades para reduzir o consumo de a\u00e7\u00facar? Nossas sess\u00f5es de hipnose em \u00e1udio podem ajudar voc\u00ea a fazer escolhas alimentares mais saud\u00e1veis. Voc\u00ea receber\u00e1 6 arquivos de \u00e1udio para download e um manual para obter os melhores resultados.<\/p>\n","protected":false},"excerpt":{"rendered":"<p>Voc\u00ea est\u00e1 tentando diminuir a ingest\u00e3o de a\u00e7\u00facar?<\/p>\n","protected":false},"featured_media":149453,"comment_status":"closed","ping_status":"closed","template":"","meta":[],"language":[2636,2581],"product_cat":[2686],"product_tag":[2798,2675,2642,2797,2641],"class_list":{"0":"post-149452","1":"product","2":"type-product","3":"status-publish","4":"has-post-thumbnail","6":"language-frances","7":"language-holandes","8":"product_cat-peso-pt-br","9":"product_tag-acucar","10":"product_tag-autocontrole","11":"product_tag-bem-estar","12":"product_tag-dieta-pt-br-2","13":"product_tag-saude","14":"pa_languages-frances","15":"pa_languages-holandes","16":"pa_languages-portugues-brasil","18":"entry","19":"has-media","21":"first","22":"instock","23":"purchasable","24":"product-type-variable","25":"has-product-nav","26":"col","27":"span_1_of_4","28":"owp-content-center","29":"owp-thumbs-layout-horizontal","30":"owp-btn-big","31":"owp-tabs-layout-vertical","32":"has-no-thumbnails"},"acf":[],"aioseo_notices":[],"_links":{"self":[{"href":"https:\/\/audiohypnosis.online\/pt-br\/wp-json\/wp\/v2\/product\/149452","targetHints":{"allow":["GET"]}}],"collection":[{"href":"https:\/\/audiohypnosis.online\/pt-br\/wp-json\/wp\/v2\/product"}],"about":[{"href":"https:\/\/audiohypnosis.online\/pt-br\/wp-json\/wp\/v2\/types\/product"}],"replies":[{"embeddable":true,"href":"https:\/\/audiohypnosis.online\/pt-br\/wp-json\/wp\/v2\/comments?post=149452"}],"version-history":[{"count":0,"href":"https:\/\/audiohypnosis.online\/pt-br\/wp-json\/wp\/v2\/product\/149452\/revisions"}],"wp:featuredmedia":[{"embeddable":true,"href":"https:\/\/audiohypnosis.online\/pt-br\/wp-json\/wp\/v2\/media\/149453"}],"wp:attachment":[{"href":"https:\/\/audiohypnosis.online\/pt-br\/wp-json\/wp\/v2\/media?parent=149452"}],"wp:term":[{"taxonomy":"language","embeddable":true,"href":"https:\/\/audiohypnosis.online\/pt-br\/wp-json\/wp\/v2\/language?post=149452"},{"taxonomy":"product_cat","embeddable":true,"href":"https:\/\/audiohypnosis.online\/pt-br\/wp-json\/wp\/v2\/product_cat?post=149452"},{"taxonomy":"product_tag","embeddable":true,"href":"https:\/\/audiohypnosis.online\/pt-br\/wp-json\/wp\/v2\/product_tag?post=149452"}],"curies":[{"name":"wp","href":"https:\/\/api.w.org\/{rel}","templated":true}]}}