{"id":149416,"date":"2023-10-14T09:09:09","date_gmt":"2023-10-14T07:09:09","guid":{"rendered":"https:\/\/audiohypnosis.online\/product\/menos-preocupacoes\/"},"modified":"2023-10-14T09:09:09","modified_gmt":"2023-10-14T07:09:09","slug":"menos-preocupacao","status":"publish","type":"product","link":"https:\/\/audiohypnosis.online\/pt-br\/produto\/menos-preocupacao\/","title":{"rendered":"Menos preocupa\u00e7\u00f5es"},"content":{"rendered":"<p>Voc\u00ea est\u00e1 se preocupando excessivamente? Nossos MP3s de hipnose em \u00e1udio podem ajudar voc\u00ea a adotar uma abordagem mais relaxada da vida. O pacote inclui 6 arquivos de \u00e1udio e um manual para orientar voc\u00ea em dire\u00e7\u00e3o a menos estresse e mais paz.<\/p>\n","protected":false},"excerpt":{"rendered":"<p>Voc\u00ea quer se preocupar menos e viver mais?<\/p>\n","protected":false},"featured_media":149417,"comment_status":"closed","ping_status":"closed","template":"","meta":[],"language":[2637,2636,2581],"product_cat":[2665],"product_tag":[2662,2643,2653,2660,2795],"class_list":{"0":"post-149416","1":"product","2":"type-product","3":"status-publish","4":"has-post-thumbnail","6":"language-alemao","7":"language-frances","8":"language-holandes","9":"product_cat-bem-estar-emocional","10":"product_tag-ansiedade","11":"product_tag-autocuidado-pt-br","12":"product_tag-bem-estar-emocional","13":"product_tag-estresse","14":"product_tag-preocupacao","15":"pa_languages-alemao","16":"pa_languages-frances","17":"pa_languages-holandes","18":"pa_languages-portugues-brasil","20":"entry","21":"has-media","23":"first","24":"instock","25":"purchasable","26":"product-type-variable","27":"has-product-nav","28":"col","29":"span_1_of_4","30":"owp-content-center","31":"owp-thumbs-layout-horizontal","32":"owp-btn-big","33":"owp-tabs-layout-vertical","34":"has-no-thumbnails"},"acf":[],"aioseo_notices":[],"_links":{"self":[{"href":"https:\/\/audiohypnosis.online\/pt-br\/wp-json\/wp\/v2\/product\/149416","targetHints":{"allow":["GET"]}}],"collection":[{"href":"https:\/\/audiohypnosis.online\/pt-br\/wp-json\/wp\/v2\/product"}],"about":[{"href":"https:\/\/audiohypnosis.online\/pt-br\/wp-json\/wp\/v2\/types\/product"}],"replies":[{"embeddable":true,"href":"https:\/\/audiohypnosis.online\/pt-br\/wp-json\/wp\/v2\/comments?post=149416"}],"version-history":[{"count":0,"href":"https:\/\/audiohypnosis.online\/pt-br\/wp-json\/wp\/v2\/product\/149416\/revisions"}],"wp:featuredmedia":[{"embeddable":true,"href":"https:\/\/audiohypnosis.online\/pt-br\/wp-json\/wp\/v2\/media\/149417"}],"wp:attachment":[{"href":"https:\/\/audiohypnosis.online\/pt-br\/wp-json\/wp\/v2\/media?parent=149416"}],"wp:term":[{"taxonomy":"language","embeddable":true,"href":"https:\/\/audiohypnosis.online\/pt-br\/wp-json\/wp\/v2\/language?post=149416"},{"taxonomy":"product_cat","embeddable":true,"href":"https:\/\/audiohypnosis.online\/pt-br\/wp-json\/wp\/v2\/product_cat?post=149416"},{"taxonomy":"product_tag","embeddable":true,"href":"https:\/\/audiohypnosis.online\/pt-br\/wp-json\/wp\/v2\/product_tag?post=149416"}],"curies":[{"name":"wp","href":"https:\/\/api.w.org\/{rel}","templated":true}]}}