{"id":149381,"date":"2023-10-14T09:09:09","date_gmt":"2023-10-14T07:09:09","guid":{"rendered":"https:\/\/audiohypnosis.online\/product\/mentalidade-de-vencedor\/"},"modified":"2023-10-14T09:09:09","modified_gmt":"2023-10-14T07:09:09","slug":"mentalidade-de-vencedor","status":"publish","type":"product","link":"https:\/\/audiohypnosis.online\/pt-br\/produto\/mentalidade-de-vencedor\/","title":{"rendered":"Mentalidade de vencedor"},"content":{"rendered":"<p>Embarque em uma jornada transformadora com nosso MP3 de hipnose &#8220;mentalidade de vencedor&#8221;.<\/p>\n<p>Essa sess\u00e3o de \u00e1udio elaborada por especialistas foi projetada para reconfigurar seus padr\u00f5es de pensamento, promovendo confian\u00e7a inabal\u00e1vel e uma mentalidade focada e orientada para o sucesso.<\/p>\n<p>Ideal para qualquer pessoa que esteja buscando superar bloqueios mentais e atingir seu potencial m\u00e1ximo, este MP3 \u00e9 o seu trampolim para o triunfo pessoal e profissional.<\/p>\n<p>Experimente o poder da mudan\u00e7a positiva e comece a realizar seus sonhos hoje mesmo!&#8221;<\/p>\n","protected":false},"excerpt":{"rendered":"<p>Voc\u00ea est\u00e1 procurando uma mentalidade vencedora?<\/p>\n","protected":false},"featured_media":84728,"comment_status":"closed","ping_status":"closed","template":"","meta":[],"language":[2637,2639,2636,2581,2638],"product_cat":[2651],"product_tag":[2652,2655,2689,2699,2694],"class_list":{"0":"post-149381","1":"product","2":"type-product","3":"status-publish","4":"has-post-thumbnail","6":"language-alemao","7":"language-espanhol","8":"language-frances","9":"language-holandes","10":"language-ingles","11":"product_cat-auto-aperfeicoamento","12":"product_tag-auto-aperfeicoamento","13":"product_tag-confianca","14":"product_tag-mentalidade","15":"product_tag-motivacao","16":"product_tag-sucesso","17":"pa_languages-alemao","18":"pa_languages-espanhol","19":"pa_languages-frances","20":"pa_languages-holandes","21":"pa_languages-hungaro","22":"pa_languages-ingles","23":"pa_languages-polones","24":"pa_languages-portugues-brasil","25":"pa_languages-ucraniano","27":"entry","28":"has-media","30":"first","31":"instock","32":"purchasable","33":"product-type-variable","34":"has-product-nav","35":"col","36":"span_1_of_4","37":"owp-content-center","38":"owp-thumbs-layout-horizontal","39":"owp-btn-big","40":"owp-tabs-layout-vertical","41":"has-no-thumbnails"},"acf":[],"aioseo_notices":[],"_links":{"self":[{"href":"https:\/\/audiohypnosis.online\/pt-br\/wp-json\/wp\/v2\/product\/149381","targetHints":{"allow":["GET"]}}],"collection":[{"href":"https:\/\/audiohypnosis.online\/pt-br\/wp-json\/wp\/v2\/product"}],"about":[{"href":"https:\/\/audiohypnosis.online\/pt-br\/wp-json\/wp\/v2\/types\/product"}],"replies":[{"embeddable":true,"href":"https:\/\/audiohypnosis.online\/pt-br\/wp-json\/wp\/v2\/comments?post=149381"}],"version-history":[{"count":0,"href":"https:\/\/audiohypnosis.online\/pt-br\/wp-json\/wp\/v2\/product\/149381\/revisions"}],"wp:featuredmedia":[{"embeddable":true,"href":"https:\/\/audiohypnosis.online\/pt-br\/wp-json\/wp\/v2\/media\/84728"}],"wp:attachment":[{"href":"https:\/\/audiohypnosis.online\/pt-br\/wp-json\/wp\/v2\/media?parent=149381"}],"wp:term":[{"taxonomy":"language","embeddable":true,"href":"https:\/\/audiohypnosis.online\/pt-br\/wp-json\/wp\/v2\/language?post=149381"},{"taxonomy":"product_cat","embeddable":true,"href":"https:\/\/audiohypnosis.online\/pt-br\/wp-json\/wp\/v2\/product_cat?post=149381"},{"taxonomy":"product_tag","embeddable":true,"href":"https:\/\/audiohypnosis.online\/pt-br\/wp-json\/wp\/v2\/product_tag?post=149381"}],"curies":[{"name":"wp","href":"https:\/\/api.w.org\/{rel}","templated":true}]}}