{"id":149309,"date":"2023-10-14T09:09:09","date_gmt":"2023-10-14T07:09:09","guid":{"rendered":"https:\/\/audiohypnosis.online\/product\/roer-as-unhas\/"},"modified":"2023-10-14T09:09:09","modified_gmt":"2023-10-14T07:09:09","slug":"roer-unhas","status":"publish","type":"product","link":"https:\/\/audiohypnosis.online\/pt-br\/produto\/roer-unhas\/","title":{"rendered":"Roer as unhas"},"content":{"rendered":"<p>Voc\u00ea quer abandonar o h\u00e1bito de roer as unhas? Nossos MP3s de hipnose em \u00e1udio podem ajudar voc\u00ea a ter controle sobre esse h\u00e1bito. Voc\u00ea ter\u00e1 acesso a 6 arquivos de \u00e1udio para download e a um manual de pr\u00e1ticas eficazes.<\/p>\n","protected":false},"excerpt":{"rendered":"<p>Voc\u00ea quer parar de roer as unhas?<\/p>\n","protected":false},"featured_media":149310,"comment_status":"closed","ping_status":"closed","template":"","meta":[],"language":[2581,2638],"product_cat":[2785],"product_tag":[2675,2642,2786,2787,2641],"class_list":{"0":"post-149309","1":"product","2":"type-product","3":"status-publish","4":"has-post-thumbnail","6":"language-holandes","7":"language-ingles","8":"product_cat-maus-habitos","9":"product_tag-autocontrole","10":"product_tag-bem-estar","11":"product_tag-habito-pt-br","12":"product_tag-roer-unhas","13":"product_tag-saude","14":"pa_languages-holandes","15":"pa_languages-ingles","16":"pa_languages-ucraniano","18":"entry","19":"has-media","21":"first","22":"instock","23":"purchasable","24":"product-type-variable","25":"has-product-nav","26":"col","27":"span_1_of_4","28":"owp-content-center","29":"owp-thumbs-layout-horizontal","30":"owp-btn-big","31":"owp-tabs-layout-vertical","32":"has-no-thumbnails"},"acf":[],"aioseo_notices":[],"_links":{"self":[{"href":"https:\/\/audiohypnosis.online\/pt-br\/wp-json\/wp\/v2\/product\/149309","targetHints":{"allow":["GET"]}}],"collection":[{"href":"https:\/\/audiohypnosis.online\/pt-br\/wp-json\/wp\/v2\/product"}],"about":[{"href":"https:\/\/audiohypnosis.online\/pt-br\/wp-json\/wp\/v2\/types\/product"}],"replies":[{"embeddable":true,"href":"https:\/\/audiohypnosis.online\/pt-br\/wp-json\/wp\/v2\/comments?post=149309"}],"version-history":[{"count":0,"href":"https:\/\/audiohypnosis.online\/pt-br\/wp-json\/wp\/v2\/product\/149309\/revisions"}],"wp:featuredmedia":[{"embeddable":true,"href":"https:\/\/audiohypnosis.online\/pt-br\/wp-json\/wp\/v2\/media\/149310"}],"wp:attachment":[{"href":"https:\/\/audiohypnosis.online\/pt-br\/wp-json\/wp\/v2\/media?parent=149309"}],"wp:term":[{"taxonomy":"language","embeddable":true,"href":"https:\/\/audiohypnosis.online\/pt-br\/wp-json\/wp\/v2\/language?post=149309"},{"taxonomy":"product_cat","embeddable":true,"href":"https:\/\/audiohypnosis.online\/pt-br\/wp-json\/wp\/v2\/product_cat?post=149309"},{"taxonomy":"product_tag","embeddable":true,"href":"https:\/\/audiohypnosis.online\/pt-br\/wp-json\/wp\/v2\/product_tag?post=149309"}],"curies":[{"name":"wp","href":"https:\/\/api.w.org\/{rel}","templated":true}]}}