{"id":149269,"date":"2023-10-14T09:09:09","date_gmt":"2023-10-14T07:09:09","guid":{"rendered":"https:\/\/audiohypnosis.online\/product\/suor-excessivo\/"},"modified":"2024-01-16T11:41:37","modified_gmt":"2024-01-16T10:41:37","slug":"suor-excessivo","status":"publish","type":"product","link":"https:\/\/audiohypnosis.online\/pt-br\/produto\/suor-excessivo\/","title":{"rendered":"Suor excessivo"},"content":{"rendered":"<p>Voc\u00ea est\u00e1 preocupado com o suor excessivo?<br \/>\nNossas sess\u00f5es de hipnose em \u00e1udio oferecem a voc\u00ea uma maneira de gerenciar melhor essa condi\u00e7\u00e3o.<br \/>\nVoc\u00ea ter\u00e1 acesso a 6 arquivos de \u00e1udio para download e a um manual de pr\u00e1ticas recomendadas.  <\/p>\n","protected":false},"excerpt":{"rendered":"<p>Voc\u00ea tem dificuldades com a transpira\u00e7\u00e3o excessiva?<\/p>\n","protected":false},"featured_media":149270,"comment_status":"closed","ping_status":"closed","template":"","meta":[],"language":[2637,2639,2636,2581,2638,2780],"product_cat":[2640],"product_tag":[2675,2642,2782,2641,2781],"class_list":{"0":"post-149269","1":"product","2":"type-product","3":"status-publish","4":"has-post-thumbnail","6":"language-alemao","7":"language-espanhol","8":"language-frances","9":"language-holandes","10":"language-ingles","11":"language-servio","12":"product_cat-saude-e-bem-estar","13":"product_tag-autocontrole","14":"product_tag-bem-estar","15":"product_tag-higiene-pt-br","16":"product_tag-saude","17":"product_tag-suor","18":"pa_languages-alemao","19":"pa_languages-espanhol","20":"pa_languages-frances","21":"pa_languages-holandes","22":"pa_languages-ingles","23":"pa_languages-polones","24":"pa_languages-servio","25":"pa_languages-ucraniano","27":"entry","28":"has-media","30":"first","31":"instock","32":"purchasable","33":"product-type-variable","34":"has-product-nav","35":"col","36":"span_1_of_4","37":"owp-content-center","38":"owp-thumbs-layout-horizontal","39":"owp-btn-big","40":"owp-tabs-layout-vertical","41":"has-no-thumbnails"},"acf":[],"aioseo_notices":[],"_links":{"self":[{"href":"https:\/\/audiohypnosis.online\/pt-br\/wp-json\/wp\/v2\/product\/149269","targetHints":{"allow":["GET"]}}],"collection":[{"href":"https:\/\/audiohypnosis.online\/pt-br\/wp-json\/wp\/v2\/product"}],"about":[{"href":"https:\/\/audiohypnosis.online\/pt-br\/wp-json\/wp\/v2\/types\/product"}],"replies":[{"embeddable":true,"href":"https:\/\/audiohypnosis.online\/pt-br\/wp-json\/wp\/v2\/comments?post=149269"}],"version-history":[{"count":1,"href":"https:\/\/audiohypnosis.online\/pt-br\/wp-json\/wp\/v2\/product\/149269\/revisions"}],"predecessor-version":[{"id":149279,"href":"https:\/\/audiohypnosis.online\/pt-br\/wp-json\/wp\/v2\/product\/149269\/revisions\/149279"}],"wp:featuredmedia":[{"embeddable":true,"href":"https:\/\/audiohypnosis.online\/pt-br\/wp-json\/wp\/v2\/media\/149270"}],"wp:attachment":[{"href":"https:\/\/audiohypnosis.online\/pt-br\/wp-json\/wp\/v2\/media?parent=149269"}],"wp:term":[{"taxonomy":"language","embeddable":true,"href":"https:\/\/audiohypnosis.online\/pt-br\/wp-json\/wp\/v2\/language?post=149269"},{"taxonomy":"product_cat","embeddable":true,"href":"https:\/\/audiohypnosis.online\/pt-br\/wp-json\/wp\/v2\/product_cat?post=149269"},{"taxonomy":"product_tag","embeddable":true,"href":"https:\/\/audiohypnosis.online\/pt-br\/wp-json\/wp\/v2\/product_tag?post=149269"}],"curies":[{"name":"wp","href":"https:\/\/api.w.org\/{rel}","templated":true}]}}