{"id":105120,"date":"2024-01-11T14:41:43","date_gmt":"2024-01-11T13:41:43","guid":{"rendered":"https:\/\/audiohypnosis.online\/?post_type=product&#038;p=105120"},"modified":"2025-03-14T17:19:02","modified_gmt":"2025-03-14T16:19:02","slug":"parar-de-fumar-old","status":"publish","type":"product","link":"https:\/\/audiohypnosis.online\/pt-br\/produto\/parar-de-fumar-old\/","title":{"rendered":"Parar de Fumar"},"content":{"rendered":"<p>Quer parar de fumar? Nossos MP3s de hipnose \u00e1udio podem te guiar para uma vida sem fuma\u00e7a. Voc\u00ea ter\u00e1 acesso a 6 arquivos de \u00e1udio para download e um guia com a abordagem mais eficaz.<\/p>\n","protected":false},"excerpt":{"rendered":"<p>Voc\u00ea quer parar de fumar?<\/p>\n","protected":false},"featured_media":151892,"comment_status":"closed","ping_status":"closed","template":"","meta":[],"language":[2636,2581,2638,3060],"product_cat":[2894],"product_tag":[2895,2641],"class_list":{"0":"post-105120","1":"product","2":"type-product","3":"status-publish","4":"has-post-thumbnail","6":"language-frances","7":"language-holandes","8":"language-ingles","9":"language-it-pt-br","10":"product_cat-vicios","11":"product_tag-dependencia","12":"product_tag-saude","13":"pa_languages-frances","14":"pa_languages-holandes","15":"pa_languages-ingles","16":"pa_languages-italiano-pt-br","17":"pa_languages-portugues-brasil","19":"entry","20":"has-media","22":"first","23":"instock","24":"shipping-taxable","25":"purchasable","26":"product-type-variable","27":"has-product-nav","28":"col","29":"span_1_of_4","30":"owp-content-center","31":"owp-thumbs-layout-horizontal","32":"owp-btn-big","33":"owp-tabs-layout-vertical","34":"has-no-thumbnails"},"acf":[],"aioseo_notices":[],"_links":{"self":[{"href":"https:\/\/audiohypnosis.online\/pt-br\/wp-json\/wp\/v2\/product\/105120","targetHints":{"allow":["GET"]}}],"collection":[{"href":"https:\/\/audiohypnosis.online\/pt-br\/wp-json\/wp\/v2\/product"}],"about":[{"href":"https:\/\/audiohypnosis.online\/pt-br\/wp-json\/wp\/v2\/types\/product"}],"replies":[{"embeddable":true,"href":"https:\/\/audiohypnosis.online\/pt-br\/wp-json\/wp\/v2\/comments?post=105120"}],"version-history":[{"count":1,"href":"https:\/\/audiohypnosis.online\/pt-br\/wp-json\/wp\/v2\/product\/105120\/revisions"}],"predecessor-version":[{"id":105346,"href":"https:\/\/audiohypnosis.online\/pt-br\/wp-json\/wp\/v2\/product\/105120\/revisions\/105346"}],"wp:featuredmedia":[{"embeddable":true,"href":"https:\/\/audiohypnosis.online\/pt-br\/wp-json\/wp\/v2\/media\/151892"}],"wp:attachment":[{"href":"https:\/\/audiohypnosis.online\/pt-br\/wp-json\/wp\/v2\/media?parent=105120"}],"wp:term":[{"taxonomy":"language","embeddable":true,"href":"https:\/\/audiohypnosis.online\/pt-br\/wp-json\/wp\/v2\/language?post=105120"},{"taxonomy":"product_cat","embeddable":true,"href":"https:\/\/audiohypnosis.online\/pt-br\/wp-json\/wp\/v2\/product_cat?post=105120"},{"taxonomy":"product_tag","embeddable":true,"href":"https:\/\/audiohypnosis.online\/pt-br\/wp-json\/wp\/v2\/product_tag?post=105120"}],"curies":[{"name":"wp","href":"https:\/\/api.w.org\/{rel}","templated":true}]}}