{"id":27974,"date":"2023-10-20T11:24:29","date_gmt":"2023-10-20T09:24:29","guid":{"rendered":"http:\/\/audiohypnosis.online\/?page_id=27974"},"modified":"2023-11-16T15:09:29","modified_gmt":"2023-11-16T14:09:29","slug":"audio-hypnosis-termos-gerais","status":"publish","type":"page","link":"https:\/\/audiohypnosis.online\/pt-br\/audio-hypnosis-termos-gerais\/","title":{"rendered":"Audio Hypnosis &#8211; Termos Gerais"},"content":{"rendered":"\t\t<div data-elementor-type=\"wp-page\" data-elementor-id=\"27974\" class=\"elementor elementor-27974 elementor-20376\" data-elementor-post-type=\"page\">\n\t\t\t\t<div class=\"elementor-element elementor-element-b83a8c9 e-flex e-con-boxed e-con e-parent\" data-id=\"b83a8c9\" data-element_type=\"container\" data-settings=\"{&quot;background_background&quot;:&quot;classic&quot;,&quot;shape_divider_top&quot;:&quot;mountains&quot;,&quot;shape_divider_bottom&quot;:&quot;mountains&quot;}\">\n\t\t\t\t\t<div class=\"e-con-inner\">\n\t\t\t\t<div class=\"elementor-shape elementor-shape-top\" data-negative=\"false\">\n\t\t\t<svg xmlns=\"http:\/\/www.w3.org\/2000\/svg\" viewBox=\"0 0 1000 100\" preserveAspectRatio=\"none\">\n\t<path class=\"elementor-shape-fill\" opacity=\"0.33\" d=\"M473,67.3c-203.9,88.3-263.1-34-320.3,0C66,119.1,0,59.7,0,59.7V0h1000v59.7 c0,0-62.1,26.1-94.9,29.3c-32.8,3.3-62.8-12.3-75.8-22.1C806,49.6,745.3,8.7,694.9,4.7S492.4,59,473,67.3z\"\/>\n\t<path class=\"elementor-shape-fill\" opacity=\"0.66\" d=\"M734,67.3c-45.5,0-77.2-23.2-129.1-39.1c-28.6-8.7-150.3-10.1-254,39.1 s-91.7-34.4-149.2,0C115.7,118.3,0,39.8,0,39.8V0h1000v36.5c0,0-28.2-18.5-92.1-18.5C810.2,18.1,775.7,67.3,734,67.3z\"\/>\n\t<path class=\"elementor-shape-fill\" d=\"M766.1,28.9c-200-57.5-266,65.5-395.1,19.5C242,1.8,242,5.4,184.8,20.6C128,35.8,132.3,44.9,89.9,52.5C28.6,63.7,0,0,0,0 h1000c0,0-9.9,40.9-83.6,48.1S829.6,47,766.1,28.9z\"\/>\n<\/svg>\t\t<\/div>\n\t\t\t\t<div class=\"elementor-shape elementor-shape-bottom\" data-negative=\"false\">\n\t\t\t<svg xmlns=\"http:\/\/www.w3.org\/2000\/svg\" viewBox=\"0 0 1000 100\" preserveAspectRatio=\"none\">\n\t<path class=\"elementor-shape-fill\" opacity=\"0.33\" d=\"M473,67.3c-203.9,88.3-263.1-34-320.3,0C66,119.1,0,59.7,0,59.7V0h1000v59.7 c0,0-62.1,26.1-94.9,29.3c-32.8,3.3-62.8-12.3-75.8-22.1C806,49.6,745.3,8.7,694.9,4.7S492.4,59,473,67.3z\"\/>\n\t<path class=\"elementor-shape-fill\" opacity=\"0.66\" d=\"M734,67.3c-45.5,0-77.2-23.2-129.1-39.1c-28.6-8.7-150.3-10.1-254,39.1 s-91.7-34.4-149.2,0C115.7,118.3,0,39.8,0,39.8V0h1000v36.5c0,0-28.2-18.5-92.1-18.5C810.2,18.1,775.7,67.3,734,67.3z\"\/>\n\t<path class=\"elementor-shape-fill\" d=\"M766.1,28.9c-200-57.5-266,65.5-395.1,19.5C242,1.8,242,5.4,184.8,20.6C128,35.8,132.3,44.9,89.9,52.5C28.6,63.7,0,0,0,0 h1000c0,0-9.9,40.9-83.6,48.1S829.6,47,766.1,28.9z\"\/>\n<\/svg>\t\t<\/div>\n\t\t\t\t\t<\/div>\n\t\t\t\t<\/div>\n\t\t<div class=\"elementor-element elementor-element-8481795 e-flex e-con-boxed e-con e-parent\" data-id=\"8481795\" data-element_type=\"container\">\n\t\t\t\t\t<div class=\"e-con-inner\">\n\t\t\t\t<div class=\"elementor-element elementor-element-1358c3d elementor-widget elementor-widget-heading\" data-id=\"1358c3d\" data-element_type=\"widget\" data-widget_type=\"heading.default\">\n\t\t\t\t<div class=\"elementor-widget-container\">\n\t\t\t<style>\/*! elementor - v3.23.0 - 23-07-2024 *\/\n.elementor-heading-title{padding:0;margin:0;line-height:1}.elementor-widget-heading .elementor-heading-title[class*=elementor-size-]>a{color:inherit;font-size:inherit;line-height:inherit}.elementor-widget-heading .elementor-heading-title.elementor-size-small{font-size:15px}.elementor-widget-heading .elementor-heading-title.elementor-size-medium{font-size:19px}.elementor-widget-heading .elementor-heading-title.elementor-size-large{font-size:29px}.elementor-widget-heading .elementor-heading-title.elementor-size-xl{font-size:39px}.elementor-widget-heading .elementor-heading-title.elementor-size-xxl{font-size:59px}<\/style><h1 class=\"elementor-heading-title elementor-size-default\">General Terms and Conditions<\/h1>\t\t<\/div>\n\t\t\t\t<\/div>\n\t\t\t\t<div class=\"elementor-element elementor-element-ddbacb6 elementor-widget elementor-widget-heading\" data-id=\"ddbacb6\" data-element_type=\"widget\" data-widget_type=\"heading.default\">\n\t\t\t\t<div class=\"elementor-widget-container\">\n\t\t\t<h2 class=\"elementor-heading-title elementor-size-default\">Audiohypnosis.online operated by The Spiral LTD<\/h2>\t\t<\/div>\n\t\t\t\t<\/div>\n\t\t\t\t<div class=\"elementor-element elementor-element-126a4b9 elementor-widget elementor-widget-text-editor\" data-id=\"126a4b9\" data-element_type=\"widget\" data-widget_type=\"text-editor.default\">\n\t\t\t\t<div class=\"elementor-widget-container\">\n\t\t\t<style>\/*! elementor - v3.23.0 - 23-07-2024 *\/\n.elementor-widget-text-editor.elementor-drop-cap-view-stacked .elementor-drop-cap{background-color:#69727d;color:#fff}.elementor-widget-text-editor.elementor-drop-cap-view-framed .elementor-drop-cap{color:#69727d;border:3px solid;background-color:transparent}.elementor-widget-text-editor:not(.elementor-drop-cap-view-default) .elementor-drop-cap{margin-top:8px}.elementor-widget-text-editor:not(.elementor-drop-cap-view-default) .elementor-drop-cap-letter{width:1em;height:1em}.elementor-widget-text-editor .elementor-drop-cap{float:left;text-align:center;line-height:1;font-size:50px}.elementor-widget-text-editor .elementor-drop-cap-letter{display:inline-block}<\/style>\t\t\t\t<h3>Last Updated: October 2023<\/h3>\n\n<hr \/>\n\n<h2>Introduction<\/h2>\nThank you for visiting AudioHypnosis.online, a service provided by The Spiral LTD (&#8220;we,&#8221; &#8220;us,&#8221; &#8220;our&#8221;), located in Bulgaria. These General Terms and Conditions govern the use of our website and the purchase of products and services offered therein.\n\n<hr \/>\n\n<h2>Acceptance of Terms<\/h2>\nBy accessing or using this website, you agree to abide by these Terms and Conditions. If you disagree with any part of these terms, please do not use our website.\n\n<hr \/>\n\n<h2>User Accounts<\/h2>\nTo purchase from AudioHypnosis.online, you may need to create an account. You agree to provide accurate and up-to-date information and to keep your account secure.\n\n<hr \/>\n\n<h2>Purchases<\/h2>\n<h3>Price<\/h3>\nThe price of each product or service is as stated on our website. We reserve the right to change prices at any time without notice.\n<h3>Payment<\/h3>\nAll payments are securely processed through our online payment gateway. Your payment information will be stored and processed in accordance with our Privacy Policy.\n\n<hr \/>\n\n<h2>Delivery<\/h2>\nDigital products will be delivered via download link or online streaming. Access to your purchased products will be granted as soon as the payment has been verified.\n\n<hr \/>\n\n<h2>Refunds and Returns<\/h2>\nGiven the digital nature of our products, all sales are final. No refunds will be issued except in cases where the product was not delivered or was misrepresented.\n\n<hr \/>\n\n<h2>Intellectual Property<\/h2>\nAll materials on this website, including digital products, are the intellectual property of The Spiral LTD and are protected by copyright laws.\n\n<hr \/>\n\n<h2>Termination<\/h2>\nWe reserve the right to terminate your account and access to our services for violation of these terms.\n\n<hr \/>\n\n<h2>Limitation of Liability<\/h2>\nThe Spiral LTD shall not be liable for any direct or indirect damages arising out of or in connection with the use of our website or products.\n\n<hr \/>\n\n<h2>Governing Law<\/h2>\nThese Terms and Conditions are governed by the laws of Bulgaria. Any disputes shall be resolved through Bulgarian courts.\n\n<hr \/>\n\n<h2>Changes to the Terms<\/h2>\nWe reserve the right to amend these Terms and Conditions at any time. Any changes will be posted on this page.\n\n<hr \/>\n\n<h2>Contact Information<\/h2>\nFor any queries or concerns, you can reach us at:\nEmail: <a href=\"mailto:support@audiohypnosis.online\" target=\"_new\">support@audiohypnosis.online<\/a>\n\n<hr \/>\n\nThank you for choosing AudioHypnosis.online and The Spiral LTD. We look forward to serving you.\t\t\t\t\t\t<\/div>\n\t\t\t\t<\/div>\n\t\t\t\t\t<\/div>\n\t\t\t\t<\/div>\n\t\t\t\t<\/div>\n\t\t","protected":false},"excerpt":{"rendered":"<p>Termos e Condi\u00e7\u00f5es Gerais Audiohypnosis.online operado por The Spiral LTD \u00daltimaAtualiza\u00e7\u00e3o: outubro de 2023 Introdu\u00e7\u00e3o Obrigado por visitar a AudioHypnosis.online, um servi\u00e7o fornecido pela The Spiral LTD (&#8220;n\u00f3s,&#8221; &#8220;nos,&#8221; &#8220;nosso&#8221;), localizada na Bulg\u00e1ria. Estes Termos e Condi\u00e7\u00f5es Gerais regem o uso do nosso site e a compra de produtos e servi\u00e7os oferecidos nele. Aceita\u00e7\u00e3o dos [&hellip;]<\/p>\n","protected":false},"author":4,"featured_media":0,"parent":0,"menu_order":0,"comment_status":"closed","ping_status":"closed","template":"elementor_theme","meta":{"footnotes":""},"wf_page_folders":[],"class_list":["post-27974","page","type-page","status-publish","hentry","entry","owp-thumbs-layout-horizontal","owp-btn-big","owp-tabs-layout-vertical","has-no-thumbnails","has-product-nav"],"acf":[],"aioseo_notices":[],"_links":{"self":[{"href":"https:\/\/audiohypnosis.online\/pt-br\/wp-json\/wp\/v2\/pages\/27974","targetHints":{"allow":["GET"]}}],"collection":[{"href":"https:\/\/audiohypnosis.online\/pt-br\/wp-json\/wp\/v2\/pages"}],"about":[{"href":"https:\/\/audiohypnosis.online\/pt-br\/wp-json\/wp\/v2\/types\/page"}],"author":[{"embeddable":true,"href":"https:\/\/audiohypnosis.online\/pt-br\/wp-json\/wp\/v2\/users\/4"}],"replies":[{"embeddable":true,"href":"https:\/\/audiohypnosis.online\/pt-br\/wp-json\/wp\/v2\/comments?post=27974"}],"version-history":[{"count":0,"href":"https:\/\/audiohypnosis.online\/pt-br\/wp-json\/wp\/v2\/pages\/27974\/revisions"}],"wp:attachment":[{"href":"https:\/\/audiohypnosis.online\/pt-br\/wp-json\/wp\/v2\/media?parent=27974"}],"wp:term":[{"taxonomy":"wf_page_folders","embeddable":true,"href":"https:\/\/audiohypnosis.online\/pt-br\/wp-json\/wp\/v2\/wf_page_folders?post=27974"}],"curies":[{"name":"wp","href":"https:\/\/api.w.org\/{rel}","templated":true}]}}