{"id":25009,"date":"2023-10-30T13:36:04","date_gmt":"2023-10-30T12:36:04","guid":{"rendered":"http:\/\/audiohypnosis.online\/product\/wzmocnienie-ukladu-odpornosciowego-2\/"},"modified":"2023-10-30T13:36:04","modified_gmt":"2023-10-30T12:36:04","slug":"wzmocnienie-ukladu-odpornosciowego-2","status":"publish","type":"product","link":"https:\/\/audiohypnosis.online\/pl\/produkt\/wzmocnienie-ukladu-odpornosciowego-2\/","title":{"rendered":"Wzmocnienie uk\u0142adu odporno\u015bciowego"},"content":{"rendered":"<p>Chcesz wzmocni\u0107 sw\u00f3j uk\u0142ad odporno\u015bciowy? Nasze pliki MP3 z hipnoz\u0105 audio mog\u0105 poprowadzi\u0107 Ci\u0119 w kierunku zdrowszego stylu \u017cycia Uzyskasz dost\u0119p do 6 plik\u00f3w audio do pobrania i podr\u0119cznika najlepszych praktyk.<\/p>\n","protected":false},"excerpt":{"rendered":"<p>Chcesz wzmocni\u0107 sw\u00f3j uk\u0142ad odporno\u015bciowy?<\/p>\n","protected":false},"featured_media":14064,"comment_status":"closed","ping_status":"closed","template":"","meta":[],"language":[2097,1659,2103,1550,1644,3059],"product_cat":[1512],"product_tag":[2073,3509,1798,2072,1646],"class_list":{"0":"post-25009","1":"product","2":"type-product","3":"status-publish","4":"has-post-thumbnail","6":"language-en-pl","7":"language-fr-pl","8":"language-es-pl","9":"language-nl-pl","10":"language-de-pl-2","11":"language-it-pl","12":"product_cat-zdrowie-i-dobrostan","13":"product_tag-boost-pl","14":"product_tag-salud-pl","15":"product_tag-samoopieka","16":"product_tag-uklad-odpornosciowy","17":"product_tag-zdrowie-pl","18":"pa_languages-angielski","19":"pa_languages-francuski","20":"pa_languages-hiszpanski","21":"pa_languages-niderlandzki","22":"pa_languages-niemiecki","23":"pa_languages-polski","24":"pa_languages-portugalski-brazylia","25":"pa_languages-serbski","26":"pa_languages-ukrainski","27":"pa_languages-wegierski","28":"pa_languages-wloski","30":"entry","31":"has-media","33":"first","34":"instock","35":"shipping-taxable","36":"purchasable","37":"product-type-variable","38":"has-product-nav","39":"col","40":"span_1_of_4","41":"owp-content-center","42":"owp-thumbs-layout-horizontal","43":"owp-btn-big","44":"owp-tabs-layout-vertical","45":"has-no-thumbnails"},"acf":[],"aioseo_notices":[],"_links":{"self":[{"href":"https:\/\/audiohypnosis.online\/pl\/wp-json\/wp\/v2\/product\/25009","targetHints":{"allow":["GET"]}}],"collection":[{"href":"https:\/\/audiohypnosis.online\/pl\/wp-json\/wp\/v2\/product"}],"about":[{"href":"https:\/\/audiohypnosis.online\/pl\/wp-json\/wp\/v2\/types\/product"}],"replies":[{"embeddable":true,"href":"https:\/\/audiohypnosis.online\/pl\/wp-json\/wp\/v2\/comments?post=25009"}],"version-history":[{"count":0,"href":"https:\/\/audiohypnosis.online\/pl\/wp-json\/wp\/v2\/product\/25009\/revisions"}],"wp:featuredmedia":[{"embeddable":true,"href":"https:\/\/audiohypnosis.online\/pl\/wp-json\/wp\/v2\/media\/14064"}],"wp:attachment":[{"href":"https:\/\/audiohypnosis.online\/pl\/wp-json\/wp\/v2\/media?parent=25009"}],"wp:term":[{"taxonomy":"language","embeddable":true,"href":"https:\/\/audiohypnosis.online\/pl\/wp-json\/wp\/v2\/language?post=25009"},{"taxonomy":"product_cat","embeddable":true,"href":"https:\/\/audiohypnosis.online\/pl\/wp-json\/wp\/v2\/product_cat?post=25009"},{"taxonomy":"product_tag","embeddable":true,"href":"https:\/\/audiohypnosis.online\/pl\/wp-json\/wp\/v2\/product_tag?post=25009"}],"curies":[{"name":"wp","href":"https:\/\/api.w.org\/{rel}","templated":true}]}}