{"id":22450,"date":"2023-10-14T09:09:04","date_gmt":"2023-10-14T07:09:04","guid":{"rendered":"http:\/\/audiohypnosis.online\/product\/klaustrofobia\/"},"modified":"2023-10-14T09:09:04","modified_gmt":"2023-10-14T07:09:04","slug":"klaustrofobia","status":"publish","type":"product","link":"https:\/\/audiohypnosis.online\/pl\/produkt\/klaustrofobia\/","title":{"rendered":"Klaustrofobia"},"content":{"rendered":"<p>Boisz si\u0119 ciasnych przestrzeni? Nasze sesje hipnozy audio zosta\u0142y zaprojektowane, aby pom\u00f3c Ci pokona\u0107 klaustrofobi\u0119. Uwolnij si\u0119 od l\u0119k\u00f3w i odzyskaj kontrol\u0119 nad swoim \u017cyciem dzi\u0119ki naszemu pakietowi, kt\u00f3ry zawiera 6 r\u00f3\u017cnych plik\u00f3w audio MP3 i podr\u0119cznik najlepszych praktyk.<\/p>\n","protected":false},"excerpt":{"rendered":"<p>Boisz si\u0119 zamkni\u0119tych przestrzeni?<\/p>\n","protected":false},"featured_media":14010,"comment_status":"closed","ping_status":"closed","template":"","meta":[],"language":[2097,1659,1550,1644],"product_cat":[1509],"product_tag":[1613,1971,1611,1612,1646],"class_list":{"0":"post-22450","1":"product","2":"type-product","3":"status-publish","4":"has-post-thumbnail","6":"language-en-pl","7":"language-fr-pl","8":"language-nl-pl","9":"language-de-pl-2","10":"product_cat-leki-i-fobie","11":"product_tag-fobia","12":"product_tag-klaustrofobia","13":"product_tag-lek","14":"product_tag-strach","15":"product_tag-zdrowie-pl","16":"pa_languages-angielski","17":"pa_languages-francuski","18":"pa_languages-niderlandzki","19":"pa_languages-niemiecki","20":"pa_languages-polski","21":"pa_languages-serbski","22":"pa_languages-ukrainski","23":"pa_languages-wegierski","25":"entry","26":"has-media","28":"first","29":"instock","30":"purchasable","31":"product-type-variable","32":"has-product-nav","33":"col","34":"span_1_of_4","35":"owp-content-center","36":"owp-thumbs-layout-horizontal","37":"owp-btn-big","38":"owp-tabs-layout-vertical","39":"has-no-thumbnails"},"acf":[],"aioseo_notices":[],"_links":{"self":[{"href":"https:\/\/audiohypnosis.online\/pl\/wp-json\/wp\/v2\/product\/22450","targetHints":{"allow":["GET"]}}],"collection":[{"href":"https:\/\/audiohypnosis.online\/pl\/wp-json\/wp\/v2\/product"}],"about":[{"href":"https:\/\/audiohypnosis.online\/pl\/wp-json\/wp\/v2\/types\/product"}],"replies":[{"embeddable":true,"href":"https:\/\/audiohypnosis.online\/pl\/wp-json\/wp\/v2\/comments?post=22450"}],"version-history":[{"count":0,"href":"https:\/\/audiohypnosis.online\/pl\/wp-json\/wp\/v2\/product\/22450\/revisions"}],"wp:featuredmedia":[{"embeddable":true,"href":"https:\/\/audiohypnosis.online\/pl\/wp-json\/wp\/v2\/media\/14010"}],"wp:attachment":[{"href":"https:\/\/audiohypnosis.online\/pl\/wp-json\/wp\/v2\/media?parent=22450"}],"wp:term":[{"taxonomy":"language","embeddable":true,"href":"https:\/\/audiohypnosis.online\/pl\/wp-json\/wp\/v2\/language?post=22450"},{"taxonomy":"product_cat","embeddable":true,"href":"https:\/\/audiohypnosis.online\/pl\/wp-json\/wp\/v2\/product_cat?post=22450"},{"taxonomy":"product_tag","embeddable":true,"href":"https:\/\/audiohypnosis.online\/pl\/wp-json\/wp\/v2\/product_tag?post=22450"}],"curies":[{"name":"wp","href":"https:\/\/api.w.org\/{rel}","templated":true}]}}