{"id":22442,"date":"2023-10-14T09:09:04","date_gmt":"2023-10-14T07:09:04","guid":{"rendered":"http:\/\/audiohypnosis.online\/product\/uzywanie-marihuany\/"},"modified":"2023-10-14T09:09:04","modified_gmt":"2023-10-14T07:09:04","slug":"uzywanie-marihuany","status":"publish","type":"product","link":"https:\/\/audiohypnosis.online\/pl\/produkt\/uzywanie-marihuany\/","title":{"rendered":"U\u017cywanie marihuany"},"content":{"rendered":"<p>Chcesz zyska\u0107 kontrol\u0119 nad nadmiernym u\u017cywaniem marihuany? Nasze pliki MP3 z hipnoz\u0105 audio oferuj\u0105 \u015bcie\u017ck\u0119 do zdrowszych wybor\u00f3w. Nadszed\u0142 czas na pozytywn\u0105 transformacj\u0119. Wprowad\u017a trwa\u0142e zmiany, by odnie\u015b\u0107 szybki i zdrowy sukces. Pomy\u015blne ograniczenie u\u017cywania konopi indyjskich pozwala osi\u0105gn\u0105\u0107 nowy poziom wolno\u015bci, kontroli i dobrego samopoczucia.<\/p>\n","protected":false},"excerpt":{"rendered":"<p>Chcesz kontrolowa\u0107 zu\u017cycie marihuany?<\/p>\n","protected":false},"featured_media":14286,"comment_status":"closed","ping_status":"closed","template":"","meta":[],"language":[1659,2103,1550,1644,3059],"product_cat":[1505],"product_tag":[1991],"class_list":{"0":"post-22442","1":"product","2":"type-product","3":"status-publish","4":"has-post-thumbnail","6":"language-fr-pl","7":"language-es-pl","8":"language-nl-pl","9":"language-de-pl-2","10":"language-it-pl","11":"product_cat-uzaleznienia","12":"product_tag-marihuany","13":"pa_languages-francuski","14":"pa_languages-hiszpanski","15":"pa_languages-niderlandzki","16":"pa_languages-niemiecki","17":"pa_languages-serbski","18":"pa_languages-ukrainski","19":"pa_languages-wegierski","20":"pa_languages-wloski","22":"entry","23":"has-media","25":"first","26":"instock","27":"purchasable","28":"product-type-variable","29":"has-product-nav","30":"col","31":"span_1_of_4","32":"owp-content-center","33":"owp-thumbs-layout-horizontal","34":"owp-btn-big","35":"owp-tabs-layout-vertical","36":"has-no-thumbnails"},"acf":[],"aioseo_notices":[],"_links":{"self":[{"href":"https:\/\/audiohypnosis.online\/pl\/wp-json\/wp\/v2\/product\/22442","targetHints":{"allow":["GET"]}}],"collection":[{"href":"https:\/\/audiohypnosis.online\/pl\/wp-json\/wp\/v2\/product"}],"about":[{"href":"https:\/\/audiohypnosis.online\/pl\/wp-json\/wp\/v2\/types\/product"}],"replies":[{"embeddable":true,"href":"https:\/\/audiohypnosis.online\/pl\/wp-json\/wp\/v2\/comments?post=22442"}],"version-history":[{"count":0,"href":"https:\/\/audiohypnosis.online\/pl\/wp-json\/wp\/v2\/product\/22442\/revisions"}],"wp:featuredmedia":[{"embeddable":true,"href":"https:\/\/audiohypnosis.online\/pl\/wp-json\/wp\/v2\/media\/14286"}],"wp:attachment":[{"href":"https:\/\/audiohypnosis.online\/pl\/wp-json\/wp\/v2\/media?parent=22442"}],"wp:term":[{"taxonomy":"language","embeddable":true,"href":"https:\/\/audiohypnosis.online\/pl\/wp-json\/wp\/v2\/language?post=22442"},{"taxonomy":"product_cat","embeddable":true,"href":"https:\/\/audiohypnosis.online\/pl\/wp-json\/wp\/v2\/product_cat?post=22442"},{"taxonomy":"product_tag","embeddable":true,"href":"https:\/\/audiohypnosis.online\/pl\/wp-json\/wp\/v2\/product_tag?post=22442"}],"curies":[{"name":"wp","href":"https:\/\/api.w.org\/{rel}","templated":true}]}}