{"id":22401,"date":"2023-10-14T09:09:04","date_gmt":"2023-10-14T07:09:04","guid":{"rendered":"http:\/\/audiohypnosis.online\/product\/pelen-pewnosci-siebie\/"},"modified":"2023-10-25T11:10:28","modified_gmt":"2023-10-25T09:10:28","slug":"pewnosc-siebie","status":"publish","type":"product","link":"https:\/\/audiohypnosis.online\/pl\/produkt\/pewnosc-siebie\/","title":{"rendered":"Pe\u0142en pewno\u015bci siebie"},"content":{"rendered":"<p>Chcesz zbudowa\u0107 swoj\u0105 pewno\u015b\u0107 siebie? Nasze sesje hipnozy audio oferuj\u0105 drog\u0119 do wi\u0119kszej pewno\u015bci siebie. Uzyskaj dost\u0119p do 6 plik\u00f3w audio do pobrania i podr\u0119cznika, kt\u00f3ry poprowadzi Ci\u0119 w tej transformacyjnej podr\u00f3\u017cy.<\/p>\n","protected":false},"excerpt":{"rendered":"<p>Chcesz zbudowa\u0107 pewno\u015b\u0107 siebie?<\/p>\n","protected":false},"featured_media":14250,"comment_status":"closed","ping_status":"closed","template":"","meta":[],"language":[1659,2103,1550,1644],"product_cat":[1514],"product_tag":[],"class_list":{"0":"post-22401","1":"product","2":"type-product","3":"status-publish","4":"has-post-thumbnail","6":"language-fr-pl","7":"language-es-pl","8":"language-nl-pl","9":"language-de-pl-2","10":"product_cat-samodoskonalenie","11":"pa_languages-francuski","12":"pa_languages-hiszpanski","13":"pa_languages-niderlandzki","14":"pa_languages-niemiecki","15":"pa_languages-ukrainski","17":"entry","18":"has-media","20":"first","21":"instock","22":"purchasable","23":"product-type-variable","24":"has-product-nav","25":"col","26":"span_1_of_4","27":"owp-content-center","28":"owp-thumbs-layout-horizontal","29":"owp-btn-big","30":"owp-tabs-layout-vertical","31":"has-no-thumbnails"},"acf":[],"aioseo_notices":[],"_links":{"self":[{"href":"https:\/\/audiohypnosis.online\/pl\/wp-json\/wp\/v2\/product\/22401","targetHints":{"allow":["GET"]}}],"collection":[{"href":"https:\/\/audiohypnosis.online\/pl\/wp-json\/wp\/v2\/product"}],"about":[{"href":"https:\/\/audiohypnosis.online\/pl\/wp-json\/wp\/v2\/types\/product"}],"replies":[{"embeddable":true,"href":"https:\/\/audiohypnosis.online\/pl\/wp-json\/wp\/v2\/comments?post=22401"}],"version-history":[{"count":0,"href":"https:\/\/audiohypnosis.online\/pl\/wp-json\/wp\/v2\/product\/22401\/revisions"}],"wp:featuredmedia":[{"embeddable":true,"href":"https:\/\/audiohypnosis.online\/pl\/wp-json\/wp\/v2\/media\/14250"}],"wp:attachment":[{"href":"https:\/\/audiohypnosis.online\/pl\/wp-json\/wp\/v2\/media?parent=22401"}],"wp:term":[{"taxonomy":"language","embeddable":true,"href":"https:\/\/audiohypnosis.online\/pl\/wp-json\/wp\/v2\/language?post=22401"},{"taxonomy":"product_cat","embeddable":true,"href":"https:\/\/audiohypnosis.online\/pl\/wp-json\/wp\/v2\/product_cat?post=22401"},{"taxonomy":"product_tag","embeddable":true,"href":"https:\/\/audiohypnosis.online\/pl\/wp-json\/wp\/v2\/product_tag?post=22401"}],"curies":[{"name":"wp","href":"https:\/\/api.w.org\/{rel}","templated":true}]}}