{"id":22353,"date":"2023-10-14T09:09:04","date_gmt":"2023-10-14T07:09:04","guid":{"rendered":"http:\/\/audiohypnosis.online\/product\/rumienienie-sie\/"},"modified":"2023-10-14T09:09:04","modified_gmt":"2023-10-14T07:09:04","slug":"rumieniec","status":"publish","type":"product","link":"https:\/\/audiohypnosis.online\/pl\/produkt\/rumieniec\/","title":{"rendered":"Rumienienie si\u0119"},"content":{"rendered":"<p>Zmagasz si\u0119 z nadmiernym rumie\u0144cem? Nasze pliki audio MP3 z hipnoz\u0105 pomog\u0105 ci odzyska\u0107 kontrol\u0119 nad t\u0105 mimowoln\u0105 reakcj\u0105. Uzyskasz dost\u0119p do 6 plik\u00f3w audio do pobrania i podr\u0119cznika, kt\u00f3re pomog\u0105 Ci osi\u0105gn\u0105\u0107 najlepsze rezultaty.<\/p>\n","protected":false},"excerpt":{"rendered":"<p>Zmagasz si\u0119 z nadmiernym rumie\u0144cem?<\/p>\n","protected":false},"featured_media":14016,"comment_status":"closed","ping_status":"closed","template":"","meta":[],"language":[1550,1644],"product_cat":[1512],"product_tag":[1797,2206,1611,3509,1798],"class_list":{"0":"post-22353","1":"product","2":"type-product","3":"status-publish","4":"has-post-thumbnail","6":"language-nl-pl","7":"language-de-pl-2","8":"product_cat-zdrowie-i-dobrostan","9":"product_tag-dobre-samopoczucie-emocjonalne","10":"product_tag-kontrolowac","11":"product_tag-lek","12":"product_tag-salud-pl","13":"product_tag-samoopieka","14":"pa_languages-niderlandzki","15":"pa_languages-niemiecki","16":"pa_languages-ukrainski","18":"entry","19":"has-media","21":"first","22":"instock","23":"purchasable","24":"product-type-variable","25":"has-product-nav","26":"col","27":"span_1_of_4","28":"owp-content-center","29":"owp-thumbs-layout-horizontal","30":"owp-btn-big","31":"owp-tabs-layout-vertical","32":"has-no-thumbnails"},"acf":[],"aioseo_notices":[],"_links":{"self":[{"href":"https:\/\/audiohypnosis.online\/pl\/wp-json\/wp\/v2\/product\/22353","targetHints":{"allow":["GET"]}}],"collection":[{"href":"https:\/\/audiohypnosis.online\/pl\/wp-json\/wp\/v2\/product"}],"about":[{"href":"https:\/\/audiohypnosis.online\/pl\/wp-json\/wp\/v2\/types\/product"}],"replies":[{"embeddable":true,"href":"https:\/\/audiohypnosis.online\/pl\/wp-json\/wp\/v2\/comments?post=22353"}],"version-history":[{"count":0,"href":"https:\/\/audiohypnosis.online\/pl\/wp-json\/wp\/v2\/product\/22353\/revisions"}],"wp:featuredmedia":[{"embeddable":true,"href":"https:\/\/audiohypnosis.online\/pl\/wp-json\/wp\/v2\/media\/14016"}],"wp:attachment":[{"href":"https:\/\/audiohypnosis.online\/pl\/wp-json\/wp\/v2\/media?parent=22353"}],"wp:term":[{"taxonomy":"language","embeddable":true,"href":"https:\/\/audiohypnosis.online\/pl\/wp-json\/wp\/v2\/language?post=22353"},{"taxonomy":"product_cat","embeddable":true,"href":"https:\/\/audiohypnosis.online\/pl\/wp-json\/wp\/v2\/product_cat?post=22353"},{"taxonomy":"product_tag","embeddable":true,"href":"https:\/\/audiohypnosis.online\/pl\/wp-json\/wp\/v2\/product_tag?post=22353"}],"curies":[{"name":"wp","href":"https:\/\/api.w.org\/{rel}","templated":true}]}}