{"id":22289,"date":"2023-10-14T09:09:04","date_gmt":"2023-10-14T07:09:04","guid":{"rendered":"http:\/\/audiohypnosis.online\/product\/lepszy-tenis\/"},"modified":"2023-10-14T09:09:04","modified_gmt":"2023-10-14T07:09:04","slug":"lepszy-tenis","status":"publish","type":"product","link":"https:\/\/audiohypnosis.online\/pl\/produkt\/lepszy-tenis\/","title":{"rendered":"Lepszy tenis"},"content":{"rendered":"<p>Chcesz poprawi\u0107 swoje umiej\u0119tno\u015bci tenisowe? Nasze pliki MP3 z hipnoz\u0105 audio mog\u0105 pom\u00f3c ci osi\u0105gn\u0105\u0107 najlepsze wyniki, zar\u00f3wno psychiczne, jak i fizyczne. Uzyskaj dost\u0119p do 6 plik\u00f3w audio do pobrania i obszernego podr\u0119cznika.<\/p>\n","protected":false},"excerpt":{"rendered":"<p>D\u0105\u017cysz do doskona\u0142o\u015bci w tenisie?<\/p>\n","protected":false},"featured_media":13998,"comment_status":"closed","ping_status":"closed","template":"","meta":[],"language":[2097,1659,2103,1550,1644,3059],"product_cat":[1501],"product_tag":[1551,2174,1552,2202,1554],"class_list":{"0":"post-22289","1":"product","2":"type-product","3":"status-publish","4":"has-post-thumbnail","6":"language-en-pl","7":"language-fr-pl","8":"language-es-pl","9":"language-nl-pl","10":"language-de-pl-2","11":"language-it-pl","12":"product_cat-sport-i-gry","13":"product_tag-czas-wolny","14":"product_tag-poprawa","15":"product_tag-sporty","16":"product_tag-tenis","17":"product_tag-umiejetnosc","18":"pa_languages-niderlandzki","19":"pa_languages-niemiecki","21":"entry","22":"has-media","24":"first","25":"instock","26":"purchasable","27":"product-type-variable","28":"has-product-nav","29":"col","30":"span_1_of_4","31":"owp-content-center","32":"owp-thumbs-layout-horizontal","33":"owp-btn-big","34":"owp-tabs-layout-vertical","35":"has-no-thumbnails"},"acf":[],"aioseo_notices":[],"_links":{"self":[{"href":"https:\/\/audiohypnosis.online\/pl\/wp-json\/wp\/v2\/product\/22289","targetHints":{"allow":["GET"]}}],"collection":[{"href":"https:\/\/audiohypnosis.online\/pl\/wp-json\/wp\/v2\/product"}],"about":[{"href":"https:\/\/audiohypnosis.online\/pl\/wp-json\/wp\/v2\/types\/product"}],"replies":[{"embeddable":true,"href":"https:\/\/audiohypnosis.online\/pl\/wp-json\/wp\/v2\/comments?post=22289"}],"version-history":[{"count":0,"href":"https:\/\/audiohypnosis.online\/pl\/wp-json\/wp\/v2\/product\/22289\/revisions"}],"wp:featuredmedia":[{"embeddable":true,"href":"https:\/\/audiohypnosis.online\/pl\/wp-json\/wp\/v2\/media\/13998"}],"wp:attachment":[{"href":"https:\/\/audiohypnosis.online\/pl\/wp-json\/wp\/v2\/media?parent=22289"}],"wp:term":[{"taxonomy":"language","embeddable":true,"href":"https:\/\/audiohypnosis.online\/pl\/wp-json\/wp\/v2\/language?post=22289"},{"taxonomy":"product_cat","embeddable":true,"href":"https:\/\/audiohypnosis.online\/pl\/wp-json\/wp\/v2\/product_cat?post=22289"},{"taxonomy":"product_tag","embeddable":true,"href":"https:\/\/audiohypnosis.online\/pl\/wp-json\/wp\/v2\/product_tag?post=22289"}],"curies":[{"name":"wp","href":"https:\/\/api.w.org\/{rel}","templated":true}]}}