{"id":22257,"date":"2023-10-14T09:09:04","date_gmt":"2023-10-14T07:09:04","guid":{"rendered":"http:\/\/audiohypnosis.online\/product\/lepsze-studiowanie\/"},"modified":"2023-10-14T09:09:04","modified_gmt":"2023-10-14T07:09:04","slug":"lepsze-studiowanie","status":"publish","type":"product","link":"https:\/\/audiohypnosis.online\/pl\/produkt\/lepsze-studiowanie\/","title":{"rendered":"Lepsze studiowanie"},"content":{"rendered":"<p>Chcesz si\u0119 lepiej uczy\u0107? Nasze pliki MP3 z hipnoz\u0105 audio zosta\u0142y zaprojektowane tak, aby pom\u00f3c Ci skupi\u0107 si\u0119 i skutecznie zapami\u0119ta\u0107 informacje. Pakiet zawiera 6 r\u00f3\u017cnych plik\u00f3w audio i podr\u0119cznik, aby zmaksymalizowa\u0107 skuteczno\u015b\u0107.<\/p>\n","protected":false},"excerpt":{"rendered":"<p>Chcesz poprawi\u0107 swoje nawyki zwi\u0105zane z nauk\u0105?<\/p>\n","protected":false},"featured_media":13992,"comment_status":"closed","ping_status":"closed","template":"","meta":[],"language":[2097,1659,2103,1550,1644,3059],"product_cat":[1514],"product_tag":[2181,2198,1861,1737,1846],"class_list":{"0":"post-22257","1":"product","2":"type-product","3":"status-publish","4":"has-post-thumbnail","6":"language-en-pl","7":"language-fr-pl","8":"language-es-pl","9":"language-nl-pl","10":"language-de-pl-2","11":"language-it-pl","12":"product_cat-samodoskonalenie","13":"product_tag-nauka","14":"product_tag-nauka-pl","15":"product_tag-produktywnosc","16":"product_tag-samodoskonalenie","17":"product_tag-skupienie","18":"pa_languages-francuski","19":"pa_languages-niderlandzki","20":"pa_languages-niemiecki","22":"entry","23":"has-media","25":"first","26":"instock","27":"purchasable","28":"product-type-variable","29":"has-product-nav","30":"col","31":"span_1_of_4","32":"owp-content-center","33":"owp-thumbs-layout-horizontal","34":"owp-btn-big","35":"owp-tabs-layout-vertical","36":"has-no-thumbnails"},"acf":[],"aioseo_notices":[],"_links":{"self":[{"href":"https:\/\/audiohypnosis.online\/pl\/wp-json\/wp\/v2\/product\/22257","targetHints":{"allow":["GET"]}}],"collection":[{"href":"https:\/\/audiohypnosis.online\/pl\/wp-json\/wp\/v2\/product"}],"about":[{"href":"https:\/\/audiohypnosis.online\/pl\/wp-json\/wp\/v2\/types\/product"}],"replies":[{"embeddable":true,"href":"https:\/\/audiohypnosis.online\/pl\/wp-json\/wp\/v2\/comments?post=22257"}],"version-history":[{"count":0,"href":"https:\/\/audiohypnosis.online\/pl\/wp-json\/wp\/v2\/product\/22257\/revisions"}],"wp:featuredmedia":[{"embeddable":true,"href":"https:\/\/audiohypnosis.online\/pl\/wp-json\/wp\/v2\/media\/13992"}],"wp:attachment":[{"href":"https:\/\/audiohypnosis.online\/pl\/wp-json\/wp\/v2\/media?parent=22257"}],"wp:term":[{"taxonomy":"language","embeddable":true,"href":"https:\/\/audiohypnosis.online\/pl\/wp-json\/wp\/v2\/language?post=22257"},{"taxonomy":"product_cat","embeddable":true,"href":"https:\/\/audiohypnosis.online\/pl\/wp-json\/wp\/v2\/product_cat?post=22257"},{"taxonomy":"product_tag","embeddable":true,"href":"https:\/\/audiohypnosis.online\/pl\/wp-json\/wp\/v2\/product_tag?post=22257"}],"curies":[{"name":"wp","href":"https:\/\/api.w.org\/{rel}","templated":true}]}}