{"id":22225,"date":"2023-10-14T09:09:04","date_gmt":"2023-10-14T07:09:04","guid":{"rendered":"http:\/\/audiohypnosis.online\/product\/lepszy-sen\/"},"modified":"2023-10-14T09:09:04","modified_gmt":"2023-10-14T07:09:04","slug":"lepszy-sen","status":"publish","type":"product","link":"https:\/\/audiohypnosis.online\/pl\/produkt\/lepszy-sen\/","title":{"rendered":"Lepszy sen"},"content":{"rendered":"<p>Zmagasz si\u0119 z nieprzespanymi nocami? Nasze pliki audio MP3 z hipnoz\u0105 pomog\u0105 ci osi\u0105gn\u0105\u0107 g\u0142\u0119boki i spokojny sen. Uzyskasz dost\u0119p do 6 plik\u00f3w audio do pobrania i podr\u0119cznika, kt\u00f3ry poprowadzi Ci\u0119 w kierunku lepszych nawyk\u00f3w zwi\u0105zanych ze snem.<\/p>\n","protected":false},"excerpt":{"rendered":"<p>Zmagasz si\u0119 z nieprzespanymi nocami?<\/p>\n","protected":false},"featured_media":13986,"comment_status":"closed","ping_status":"closed","template":"","meta":[],"language":[1659,1550,1644,3059],"product_cat":[1516],"product_tag":[2174,2194,3509,1709,1646],"class_list":{"0":"post-22225","1":"product","2":"type-product","3":"status-publish","4":"has-post-thumbnail","6":"language-fr-pl","7":"language-nl-pl","8":"language-de-pl-2","9":"language-it-pl","10":"product_cat-sen","11":"product_tag-poprawa","12":"product_tag-relaks","13":"product_tag-salud-pl","14":"product_tag-sen","15":"product_tag-zdrowie-pl","16":"pa_languages-francuski","17":"pa_languages-niderlandzki","18":"pa_languages-niemiecki","19":"pa_languages-portugalski-brazylia","20":"pa_languages-serbski","21":"pa_languages-wloski","23":"entry","24":"has-media","26":"first","27":"instock","28":"purchasable","29":"product-type-variable","30":"has-product-nav","31":"col","32":"span_1_of_4","33":"owp-content-center","34":"owp-thumbs-layout-horizontal","35":"owp-btn-big","36":"owp-tabs-layout-vertical","37":"has-no-thumbnails"},"acf":[],"aioseo_notices":[],"_links":{"self":[{"href":"https:\/\/audiohypnosis.online\/pl\/wp-json\/wp\/v2\/product\/22225","targetHints":{"allow":["GET"]}}],"collection":[{"href":"https:\/\/audiohypnosis.online\/pl\/wp-json\/wp\/v2\/product"}],"about":[{"href":"https:\/\/audiohypnosis.online\/pl\/wp-json\/wp\/v2\/types\/product"}],"replies":[{"embeddable":true,"href":"https:\/\/audiohypnosis.online\/pl\/wp-json\/wp\/v2\/comments?post=22225"}],"version-history":[{"count":0,"href":"https:\/\/audiohypnosis.online\/pl\/wp-json\/wp\/v2\/product\/22225\/revisions"}],"wp:featuredmedia":[{"embeddable":true,"href":"https:\/\/audiohypnosis.online\/pl\/wp-json\/wp\/v2\/media\/13986"}],"wp:attachment":[{"href":"https:\/\/audiohypnosis.online\/pl\/wp-json\/wp\/v2\/media?parent=22225"}],"wp:term":[{"taxonomy":"language","embeddable":true,"href":"https:\/\/audiohypnosis.online\/pl\/wp-json\/wp\/v2\/language?post=22225"},{"taxonomy":"product_cat","embeddable":true,"href":"https:\/\/audiohypnosis.online\/pl\/wp-json\/wp\/v2\/product_cat?post=22225"},{"taxonomy":"product_tag","embeddable":true,"href":"https:\/\/audiohypnosis.online\/pl\/wp-json\/wp\/v2\/product_tag?post=22225"}],"curies":[{"name":"wp","href":"https:\/\/api.w.org\/{rel}","templated":true}]}}