{"id":22193,"date":"2023-10-14T09:09:04","date_gmt":"2023-10-14T07:09:04","guid":{"rendered":"http:\/\/audiohypnosis.online\/product\/lepszy-poker\/"},"modified":"2023-10-14T09:09:04","modified_gmt":"2023-10-14T07:09:04","slug":"lepszy-poker","status":"publish","type":"product","link":"https:\/\/audiohypnosis.online\/pl\/produkt\/lepszy-poker\/","title":{"rendered":"Lepszy poker"},"content":{"rendered":"<p>Chcesz poprawi\u0107 swoj\u0105 gr\u0119 w pokera? Nasze sesje hipnozy audio mog\u0105 pom\u00f3c poprawi\u0107 koncentracj\u0119, strategi\u0119 i pewno\u015b\u0107 siebie. Uzyskaj dost\u0119p do 6 plik\u00f3w audio do pobrania i podr\u0119cznika, aby uzyska\u0107 najlepsze wyniki.<\/p>\n","protected":false},"excerpt":{"rendered":"<p>Chcesz poprawi\u0107 swoje umiej\u0119tno\u015bci pokerowe?<\/p>\n","protected":false},"featured_media":13980,"comment_status":"closed","ping_status":"closed","template":"","meta":[],"language":[1550,1644],"product_cat":[1501],"product_tag":[1551,2190,2174,1552,1554],"class_list":{"0":"post-22193","1":"product","2":"type-product","3":"status-publish","4":"has-post-thumbnail","6":"language-nl-pl","7":"language-de-pl-2","8":"product_cat-sport-i-gry","9":"product_tag-czas-wolny","10":"product_tag-poker-pl","11":"product_tag-poprawa","12":"product_tag-sporty","13":"product_tag-umiejetnosc","14":"pa_languages-niderlandzki","15":"pa_languages-niemiecki","16":"pa_languages-serbski","18":"entry","19":"has-media","21":"first","22":"instock","23":"purchasable","24":"product-type-variable","25":"has-product-nav","26":"col","27":"span_1_of_4","28":"owp-content-center","29":"owp-thumbs-layout-horizontal","30":"owp-btn-big","31":"owp-tabs-layout-vertical","32":"has-no-thumbnails"},"acf":[],"aioseo_notices":[],"_links":{"self":[{"href":"https:\/\/audiohypnosis.online\/pl\/wp-json\/wp\/v2\/product\/22193","targetHints":{"allow":["GET"]}}],"collection":[{"href":"https:\/\/audiohypnosis.online\/pl\/wp-json\/wp\/v2\/product"}],"about":[{"href":"https:\/\/audiohypnosis.online\/pl\/wp-json\/wp\/v2\/types\/product"}],"replies":[{"embeddable":true,"href":"https:\/\/audiohypnosis.online\/pl\/wp-json\/wp\/v2\/comments?post=22193"}],"version-history":[{"count":0,"href":"https:\/\/audiohypnosis.online\/pl\/wp-json\/wp\/v2\/product\/22193\/revisions"}],"wp:featuredmedia":[{"embeddable":true,"href":"https:\/\/audiohypnosis.online\/pl\/wp-json\/wp\/v2\/media\/13980"}],"wp:attachment":[{"href":"https:\/\/audiohypnosis.online\/pl\/wp-json\/wp\/v2\/media?parent=22193"}],"wp:term":[{"taxonomy":"language","embeddable":true,"href":"https:\/\/audiohypnosis.online\/pl\/wp-json\/wp\/v2\/language?post=22193"},{"taxonomy":"product_cat","embeddable":true,"href":"https:\/\/audiohypnosis.online\/pl\/wp-json\/wp\/v2\/product_cat?post=22193"},{"taxonomy":"product_tag","embeddable":true,"href":"https:\/\/audiohypnosis.online\/pl\/wp-json\/wp\/v2\/product_tag?post=22193"}],"curies":[{"name":"wp","href":"https:\/\/api.w.org\/{rel}","templated":true}]}}