{"id":22161,"date":"2023-10-14T09:09:04","date_gmt":"2023-10-14T07:09:04","guid":{"rendered":"http:\/\/audiohypnosis.online\/product\/lepszy-padel\/"},"modified":"2023-10-14T09:09:04","modified_gmt":"2023-10-14T07:09:04","slug":"lepszy-padel","status":"publish","type":"product","link":"https:\/\/audiohypnosis.online\/pl\/produkt\/lepszy-padel\/","title":{"rendered":"Lepszy Padel"},"content":{"rendered":"<p>Chcesz opanowa\u0107 gr\u0119 w padla? Nasze pliki MP3 z hipnoz\u0105 audio poprowadz\u0105 Ci\u0119 w kierunku poprawy umiej\u0119tno\u015bci gry w padla, aby uzyska\u0107 przewag\u0119 nad konkurencj\u0105. Pakiet zawiera 6 plik\u00f3w audio do pobrania oraz podr\u0119cznik najlepszych praktyk.<\/p>\n","protected":false},"excerpt":{"rendered":"<p>Chcesz poprawi\u0107 swoj\u0105 gr\u0119 w padla?<\/p>\n","protected":false},"featured_media":13974,"comment_status":"closed","ping_status":"closed","template":"","meta":[],"language":[1550],"product_cat":[1501],"product_tag":[1551,2186,2174,1552,1554],"class_list":{"0":"post-22161","1":"product","2":"type-product","3":"status-publish","4":"has-post-thumbnail","6":"language-nl-pl","7":"product_cat-sport-i-gry","8":"product_tag-czas-wolny","9":"product_tag-padel-pl","10":"product_tag-poprawa","11":"product_tag-sporty","12":"product_tag-umiejetnosc","13":"pa_languages-niderlandzki","14":"pa_languages-serbski","16":"entry","17":"has-media","19":"first","20":"instock","21":"purchasable","22":"product-type-variable","23":"has-product-nav","24":"col","25":"span_1_of_4","26":"owp-content-center","27":"owp-thumbs-layout-horizontal","28":"owp-btn-big","29":"owp-tabs-layout-vertical","30":"has-no-thumbnails"},"acf":[],"aioseo_notices":[],"_links":{"self":[{"href":"https:\/\/audiohypnosis.online\/pl\/wp-json\/wp\/v2\/product\/22161","targetHints":{"allow":["GET"]}}],"collection":[{"href":"https:\/\/audiohypnosis.online\/pl\/wp-json\/wp\/v2\/product"}],"about":[{"href":"https:\/\/audiohypnosis.online\/pl\/wp-json\/wp\/v2\/types\/product"}],"replies":[{"embeddable":true,"href":"https:\/\/audiohypnosis.online\/pl\/wp-json\/wp\/v2\/comments?post=22161"}],"version-history":[{"count":0,"href":"https:\/\/audiohypnosis.online\/pl\/wp-json\/wp\/v2\/product\/22161\/revisions"}],"wp:featuredmedia":[{"embeddable":true,"href":"https:\/\/audiohypnosis.online\/pl\/wp-json\/wp\/v2\/media\/13974"}],"wp:attachment":[{"href":"https:\/\/audiohypnosis.online\/pl\/wp-json\/wp\/v2\/media?parent=22161"}],"wp:term":[{"taxonomy":"language","embeddable":true,"href":"https:\/\/audiohypnosis.online\/pl\/wp-json\/wp\/v2\/language?post=22161"},{"taxonomy":"product_cat","embeddable":true,"href":"https:\/\/audiohypnosis.online\/pl\/wp-json\/wp\/v2\/product_cat?post=22161"},{"taxonomy":"product_tag","embeddable":true,"href":"https:\/\/audiohypnosis.online\/pl\/wp-json\/wp\/v2\/product_tag?post=22161"}],"curies":[{"name":"wp","href":"https:\/\/api.w.org\/{rel}","templated":true}]}}