{"id":22129,"date":"2023-10-14T09:09:04","date_gmt":"2023-10-14T07:09:04","guid":{"rendered":"http:\/\/audiohypnosis.online\/product\/lepsza-pamiec\/"},"modified":"2023-10-14T09:09:04","modified_gmt":"2023-10-14T07:09:04","slug":"lepsza-pamiec","status":"publish","type":"product","link":"https:\/\/audiohypnosis.online\/pl\/produkt\/lepsza-pamiec\/","title":{"rendered":"Lepsza pami\u0119\u0107"},"content":{"rendered":"<p>Chcesz poprawi\u0107 swoje umiej\u0119tno\u015bci zapami\u0119tywania? Nasze sesje hipnozy audio zosta\u0142y zaprojektowane, aby pom\u00f3c Ci poprawi\u0107 pami\u0119\u0107 i koncentracj\u0119. Uzyskaj dost\u0119p do 6 plik\u00f3w audio do pobrania i pomocnego podr\u0119cznika, aby przej\u015b\u0107 ca\u0142kowit\u0105 transformacj\u0119.<\/p>\n","protected":false},"excerpt":{"rendered":"<p>Chcesz poprawi\u0107 swoj\u0105 pami\u0119\u0107?<\/p>\n","protected":false},"featured_media":14148,"comment_status":"closed","ping_status":"closed","template":"","meta":[],"language":[2097,1659,2103,1550,1644,3059],"product_cat":[1514],"product_tag":[2181,2180,1737,1846,1646],"class_list":{"0":"post-22129","1":"product","2":"type-product","3":"status-publish","4":"has-post-thumbnail","6":"language-en-pl","7":"language-fr-pl","8":"language-es-pl","9":"language-nl-pl","10":"language-de-pl-2","11":"language-it-pl","12":"product_cat-samodoskonalenie","13":"product_tag-nauka","14":"product_tag-pamiec","15":"product_tag-samodoskonalenie","16":"product_tag-skupienie","17":"product_tag-zdrowie-pl","18":"pa_languages-angielski","19":"pa_languages-francuski","20":"pa_languages-hiszpanski","21":"pa_languages-niderlandzki","22":"pa_languages-niemiecki","23":"pa_languages-polski","24":"pa_languages-portugalski-brazylia","25":"pa_languages-serbski","26":"pa_languages-ukrainski","27":"pa_languages-wegierski","28":"pa_languages-wloski","30":"entry","31":"has-media","33":"first","34":"instock","35":"purchasable","36":"product-type-variable","37":"has-product-nav","38":"col","39":"span_1_of_4","40":"owp-content-center","41":"owp-thumbs-layout-horizontal","42":"owp-btn-big","43":"owp-tabs-layout-vertical","44":"has-no-thumbnails"},"acf":[],"aioseo_notices":[],"_links":{"self":[{"href":"https:\/\/audiohypnosis.online\/pl\/wp-json\/wp\/v2\/product\/22129","targetHints":{"allow":["GET"]}}],"collection":[{"href":"https:\/\/audiohypnosis.online\/pl\/wp-json\/wp\/v2\/product"}],"about":[{"href":"https:\/\/audiohypnosis.online\/pl\/wp-json\/wp\/v2\/types\/product"}],"replies":[{"embeddable":true,"href":"https:\/\/audiohypnosis.online\/pl\/wp-json\/wp\/v2\/comments?post=22129"}],"version-history":[{"count":0,"href":"https:\/\/audiohypnosis.online\/pl\/wp-json\/wp\/v2\/product\/22129\/revisions"}],"wp:featuredmedia":[{"embeddable":true,"href":"https:\/\/audiohypnosis.online\/pl\/wp-json\/wp\/v2\/media\/14148"}],"wp:attachment":[{"href":"https:\/\/audiohypnosis.online\/pl\/wp-json\/wp\/v2\/media?parent=22129"}],"wp:term":[{"taxonomy":"language","embeddable":true,"href":"https:\/\/audiohypnosis.online\/pl\/wp-json\/wp\/v2\/language?post=22129"},{"taxonomy":"product_cat","embeddable":true,"href":"https:\/\/audiohypnosis.online\/pl\/wp-json\/wp\/v2\/product_cat?post=22129"},{"taxonomy":"product_tag","embeddable":true,"href":"https:\/\/audiohypnosis.online\/pl\/wp-json\/wp\/v2\/product_tag?post=22129"}],"curies":[{"name":"wp","href":"https:\/\/api.w.org\/{rel}","templated":true}]}}