{"id":22096,"date":"2023-10-14T09:09:04","date_gmt":"2023-10-14T07:09:04","guid":{"rendered":"http:\/\/audiohypnosis.online\/product\/lepsza-gra-w-golfa\/"},"modified":"2023-10-14T09:09:04","modified_gmt":"2023-10-14T07:09:04","slug":"lepszy-golf","status":"publish","type":"product","link":"https:\/\/audiohypnosis.online\/pl\/produkt\/lepszy-golf\/","title":{"rendered":"Lepsza gra w golfa"},"content":{"rendered":"<p>Chcesz poprawi\u0107 swoj\u0105 gr\u0119 w golfa? Nasze pliki MP3 z hipnoz\u0105 audio mog\u0105 pom\u00f3c poprawi\u0107 koncentracj\u0119, umiej\u0119tno\u015bci i og\u00f3ln\u0105 wydajno\u015b\u0107. Rozpocznij swoj\u0105 podr\u00f3\u017c do lepszej gry w golfa ju\u017c dzi\u015b. Pakiet zawiera 6 plik\u00f3w audio i instrukcj\u0119 zapewniaj\u0105c\u0105 najlepsze rezultaty.<\/p>\n","protected":false},"excerpt":{"rendered":"<p>Chcesz poprawi\u0107 swoj\u0105 gr\u0119 w golfa?<\/p>\n","protected":false},"featured_media":14232,"comment_status":"closed","ping_status":"closed","template":"","meta":[],"language":[1550,1644],"product_cat":[1501],"product_tag":[1551,1553,2174,1552,1554],"class_list":{"0":"post-22096","1":"product","2":"type-product","3":"status-publish","4":"has-post-thumbnail","6":"language-nl-pl","7":"language-de-pl-2","8":"product_cat-sport-i-gry","9":"product_tag-czas-wolny","10":"product_tag-golfik","11":"product_tag-poprawa","12":"product_tag-sporty","13":"product_tag-umiejetnosc","14":"pa_languages-niderlandzki","15":"pa_languages-niemiecki","16":"pa_languages-serbski","18":"entry","19":"has-media","21":"first","22":"instock","23":"purchasable","24":"product-type-variable","25":"has-product-nav","26":"col","27":"span_1_of_4","28":"owp-content-center","29":"owp-thumbs-layout-horizontal","30":"owp-btn-big","31":"owp-tabs-layout-vertical","32":"has-no-thumbnails"},"acf":[],"aioseo_notices":[],"_links":{"self":[{"href":"https:\/\/audiohypnosis.online\/pl\/wp-json\/wp\/v2\/product\/22096","targetHints":{"allow":["GET"]}}],"collection":[{"href":"https:\/\/audiohypnosis.online\/pl\/wp-json\/wp\/v2\/product"}],"about":[{"href":"https:\/\/audiohypnosis.online\/pl\/wp-json\/wp\/v2\/types\/product"}],"replies":[{"embeddable":true,"href":"https:\/\/audiohypnosis.online\/pl\/wp-json\/wp\/v2\/comments?post=22096"}],"version-history":[{"count":0,"href":"https:\/\/audiohypnosis.online\/pl\/wp-json\/wp\/v2\/product\/22096\/revisions"}],"wp:featuredmedia":[{"embeddable":true,"href":"https:\/\/audiohypnosis.online\/pl\/wp-json\/wp\/v2\/media\/14232"}],"wp:attachment":[{"href":"https:\/\/audiohypnosis.online\/pl\/wp-json\/wp\/v2\/media?parent=22096"}],"wp:term":[{"taxonomy":"language","embeddable":true,"href":"https:\/\/audiohypnosis.online\/pl\/wp-json\/wp\/v2\/language?post=22096"},{"taxonomy":"product_cat","embeddable":true,"href":"https:\/\/audiohypnosis.online\/pl\/wp-json\/wp\/v2\/product_cat?post=22096"},{"taxonomy":"product_tag","embeddable":true,"href":"https:\/\/audiohypnosis.online\/pl\/wp-json\/wp\/v2\/product_tag?post=22096"}],"curies":[{"name":"wp","href":"https:\/\/api.w.org\/{rel}","templated":true}]}}