{"id":22063,"date":"2023-10-14T09:09:04","date_gmt":"2023-10-14T07:09:04","guid":{"rendered":"http:\/\/audiohypnosis.online\/product\/strach-przed-pajakami\/"},"modified":"2023-10-24T16:04:19","modified_gmt":"2023-10-24T14:04:19","slug":"strach-przed-pajakami","status":"publish","type":"product","link":"https:\/\/audiohypnosis.online\/pl\/produkt\/strach-przed-pajakami\/","title":{"rendered":"Strach przed paj\u0105kami"},"content":{"rendered":"<p>Paj\u0105ki sprawiaj\u0105, \u017ce sk\u00f3ra ci si\u0119 czo\u0142ga? Dzi\u0119ki naszym sesjom hipnozy audio mo\u017cesz zyska\u0107 kontrol\u0119 nad swoim strachem. Nasz pakiet zawiera 6 r\u00f3\u017cnych plik\u00f3w audio MP3 dostosowanych do Twoich potrzeb oraz podr\u0119cznik zapewniaj\u0105cy najlepsze rezultaty.<\/p>\n","protected":false},"excerpt":{"rendered":"<p>Paj\u0105ki sprawiaj\u0105, \u017ce sk\u00f3ra ci si\u0119 czo\u0142ga?<\/p>\n","protected":false},"featured_media":14268,"comment_status":"closed","ping_status":"closed","template":"","meta":[],"language":[1659,1550,1644],"product_cat":[1509],"product_tag":[1613,1611,2171,1612,1646],"class_list":{"0":"post-22063","1":"product","2":"type-product","3":"status-publish","4":"has-post-thumbnail","6":"language-fr-pl","7":"language-nl-pl","8":"language-de-pl-2","9":"product_cat-leki-i-fobie","10":"product_tag-fobia","11":"product_tag-lek","12":"product_tag-pajaki","13":"product_tag-strach","14":"product_tag-zdrowie-pl","15":"pa_languages-francuski","16":"pa_languages-niderlandzki","17":"pa_languages-niemiecki","18":"pa_languages-serbski","20":"entry","21":"has-media","23":"first","24":"instock","25":"purchasable","26":"product-type-variable","27":"has-product-nav","28":"col","29":"span_1_of_4","30":"owp-content-center","31":"owp-thumbs-layout-horizontal","32":"owp-btn-big","33":"owp-tabs-layout-vertical","34":"has-no-thumbnails"},"acf":[],"aioseo_notices":[],"_links":{"self":[{"href":"https:\/\/audiohypnosis.online\/pl\/wp-json\/wp\/v2\/product\/22063","targetHints":{"allow":["GET"]}}],"collection":[{"href":"https:\/\/audiohypnosis.online\/pl\/wp-json\/wp\/v2\/product"}],"about":[{"href":"https:\/\/audiohypnosis.online\/pl\/wp-json\/wp\/v2\/types\/product"}],"replies":[{"embeddable":true,"href":"https:\/\/audiohypnosis.online\/pl\/wp-json\/wp\/v2\/comments?post=22063"}],"version-history":[{"count":0,"href":"https:\/\/audiohypnosis.online\/pl\/wp-json\/wp\/v2\/product\/22063\/revisions"}],"wp:featuredmedia":[{"embeddable":true,"href":"https:\/\/audiohypnosis.online\/pl\/wp-json\/wp\/v2\/media\/14268"}],"wp:attachment":[{"href":"https:\/\/audiohypnosis.online\/pl\/wp-json\/wp\/v2\/media?parent=22063"}],"wp:term":[{"taxonomy":"language","embeddable":true,"href":"https:\/\/audiohypnosis.online\/pl\/wp-json\/wp\/v2\/language?post=22063"},{"taxonomy":"product_cat","embeddable":true,"href":"https:\/\/audiohypnosis.online\/pl\/wp-json\/wp\/v2\/product_cat?post=22063"},{"taxonomy":"product_tag","embeddable":true,"href":"https:\/\/audiohypnosis.online\/pl\/wp-json\/wp\/v2\/product_tag?post=22063"}],"curies":[{"name":"wp","href":"https:\/\/api.w.org\/{rel}","templated":true}]}}