{"id":22031,"date":"2023-10-14T09:09:04","date_gmt":"2023-10-14T07:09:04","guid":{"rendered":"http:\/\/audiohypnosis.online\/product\/strach-przed-iglami-zastrzykami\/"},"modified":"2023-10-14T09:09:04","modified_gmt":"2023-10-14T07:09:04","slug":"strach-przed-iglami-i-zastrzykami","status":"publish","type":"product","link":"https:\/\/audiohypnosis.online\/pl\/produkt\/strach-przed-iglami-i-zastrzykami\/","title":{"rendered":"Strach przed ig\u0142ami\/zastrzykami"},"content":{"rendered":"<p>Boisz si\u0119 igie\u0142 i zastrzyk\u00f3w? Nasze pliki audio MP3 z hipnoz\u0105 pomog\u0105 ci przezwyci\u0119\u017cy\u0107 ten strach. Dzi\u0119ki 6 plikom audio do pobrania i podr\u0119cznikowi najlepszych praktyk, mo\u017cesz wreszcie stawi\u0107 czo\u0142a procedurom medycznym bez strachu.<\/p>\n","protected":false},"excerpt":{"rendered":"<p>Strach przed ig\u0142ami lub zastrzykami?<\/p>\n","protected":false},"featured_media":13962,"comment_status":"closed","ping_status":"closed","template":"","meta":[],"language":[1550,1644],"product_cat":[1509],"product_tag":[1613,2167,1611,3509,1612],"class_list":{"0":"post-22031","1":"product","2":"type-product","3":"status-publish","4":"has-post-thumbnail","6":"language-nl-pl","7":"language-de-pl-2","8":"product_cat-leki-i-fobie","9":"product_tag-fobia","10":"product_tag-igly","11":"product_tag-lek","12":"product_tag-salud-pl","13":"product_tag-strach","14":"pa_languages-niderlandzki","15":"pa_languages-niemiecki","17":"entry","18":"has-media","20":"first","21":"instock","22":"purchasable","23":"product-type-variable","24":"has-product-nav","25":"col","26":"span_1_of_4","27":"owp-content-center","28":"owp-thumbs-layout-horizontal","29":"owp-btn-big","30":"owp-tabs-layout-vertical","31":"has-no-thumbnails"},"acf":[],"aioseo_notices":[],"_links":{"self":[{"href":"https:\/\/audiohypnosis.online\/pl\/wp-json\/wp\/v2\/product\/22031","targetHints":{"allow":["GET"]}}],"collection":[{"href":"https:\/\/audiohypnosis.online\/pl\/wp-json\/wp\/v2\/product"}],"about":[{"href":"https:\/\/audiohypnosis.online\/pl\/wp-json\/wp\/v2\/types\/product"}],"replies":[{"embeddable":true,"href":"https:\/\/audiohypnosis.online\/pl\/wp-json\/wp\/v2\/comments?post=22031"}],"version-history":[{"count":0,"href":"https:\/\/audiohypnosis.online\/pl\/wp-json\/wp\/v2\/product\/22031\/revisions"}],"wp:featuredmedia":[{"embeddable":true,"href":"https:\/\/audiohypnosis.online\/pl\/wp-json\/wp\/v2\/media\/13962"}],"wp:attachment":[{"href":"https:\/\/audiohypnosis.online\/pl\/wp-json\/wp\/v2\/media?parent=22031"}],"wp:term":[{"taxonomy":"language","embeddable":true,"href":"https:\/\/audiohypnosis.online\/pl\/wp-json\/wp\/v2\/language?post=22031"},{"taxonomy":"product_cat","embeddable":true,"href":"https:\/\/audiohypnosis.online\/pl\/wp-json\/wp\/v2\/product_cat?post=22031"},{"taxonomy":"product_tag","embeddable":true,"href":"https:\/\/audiohypnosis.online\/pl\/wp-json\/wp\/v2\/product_tag?post=22031"}],"curies":[{"name":"wp","href":"https:\/\/api.w.org\/{rel}","templated":true}]}}