{"id":21967,"date":"2023-10-14T09:09:04","date_gmt":"2023-10-14T07:09:04","guid":{"rendered":"http:\/\/audiohypnosis.online\/product\/strach-przed-ciemnoscia\/"},"modified":"2023-10-14T09:09:04","modified_gmt":"2023-10-14T07:09:04","slug":"strach-przed-ciemnoscia","status":"publish","type":"product","link":"https:\/\/audiohypnosis.online\/pl\/produkt\/strach-przed-ciemnoscia\/","title":{"rendered":"Strach przed ciemno\u015bci\u0105"},"content":{"rendered":"<p>Boisz si\u0119 ciemno\u015bci? Nasze audio hipnozy MP3 zosta\u0142y zaprojektowane, aby pom\u00f3c Ci pokona\u0107 ten strach. Poczuj si\u0119 komfortowo i bezpiecznie w ka\u017cdych warunkach o\u015bwietleniowych. Otrzymasz dost\u0119p do 6 plik\u00f3w audio do pobrania wraz z instrukcj\u0105, kt\u00f3ra pomo\u017ce Ci w pe\u0142ni wykorzysta\u0107 do\u015bwiadczenie hipnozy.<\/p>\n","protected":false},"excerpt":{"rendered":"<p>Zmagasz si\u0119 z l\u0119kiem przed ciemno\u015bci\u0105?<\/p>\n","protected":false},"featured_media":14256,"comment_status":"closed","ping_status":"closed","template":"","meta":[],"language":[2097,1659,2103,1550,1644,3059],"product_cat":[1509],"product_tag":[2159,1613,1611,1709,1612],"class_list":{"0":"post-21967","1":"product","2":"type-product","3":"status-publish","4":"has-post-thumbnail","6":"language-en-pl","7":"language-fr-pl","8":"language-es-pl","9":"language-nl-pl","10":"language-de-pl-2","11":"language-it-pl","12":"product_cat-leki-i-fobie","13":"product_tag-ciemnosc","14":"product_tag-fobia","15":"product_tag-lek","16":"product_tag-sen","17":"product_tag-strach","18":"pa_languages-angielski","19":"pa_languages-francuski","20":"pa_languages-hiszpanski","21":"pa_languages-niderlandzki","22":"pa_languages-niemiecki","23":"pa_languages-polski","24":"pa_languages-serbski","25":"pa_languages-ukrainski","26":"pa_languages-wegierski","28":"entry","29":"has-media","31":"first","32":"instock","33":"purchasable","34":"product-type-variable","35":"has-product-nav","36":"col","37":"span_1_of_4","38":"owp-content-center","39":"owp-thumbs-layout-horizontal","40":"owp-btn-big","41":"owp-tabs-layout-vertical","42":"has-no-thumbnails"},"acf":[],"aioseo_notices":[],"_links":{"self":[{"href":"https:\/\/audiohypnosis.online\/pl\/wp-json\/wp\/v2\/product\/21967","targetHints":{"allow":["GET"]}}],"collection":[{"href":"https:\/\/audiohypnosis.online\/pl\/wp-json\/wp\/v2\/product"}],"about":[{"href":"https:\/\/audiohypnosis.online\/pl\/wp-json\/wp\/v2\/types\/product"}],"replies":[{"embeddable":true,"href":"https:\/\/audiohypnosis.online\/pl\/wp-json\/wp\/v2\/comments?post=21967"}],"version-history":[{"count":0,"href":"https:\/\/audiohypnosis.online\/pl\/wp-json\/wp\/v2\/product\/21967\/revisions"}],"wp:featuredmedia":[{"embeddable":true,"href":"https:\/\/audiohypnosis.online\/pl\/wp-json\/wp\/v2\/media\/14256"}],"wp:attachment":[{"href":"https:\/\/audiohypnosis.online\/pl\/wp-json\/wp\/v2\/media?parent=21967"}],"wp:term":[{"taxonomy":"language","embeddable":true,"href":"https:\/\/audiohypnosis.online\/pl\/wp-json\/wp\/v2\/language?post=21967"},{"taxonomy":"product_cat","embeddable":true,"href":"https:\/\/audiohypnosis.online\/pl\/wp-json\/wp\/v2\/product_cat?post=21967"},{"taxonomy":"product_tag","embeddable":true,"href":"https:\/\/audiohypnosis.online\/pl\/wp-json\/wp\/v2\/product_tag?post=21967"}],"curies":[{"name":"wp","href":"https:\/\/api.w.org\/{rel}","templated":true}]}}