{"id":21935,"date":"2023-10-14T09:09:04","date_gmt":"2023-10-14T07:09:04","guid":{"rendered":"http:\/\/audiohypnosis.online\/product\/strach-przed-dentysta\/"},"modified":"2023-10-14T09:09:04","modified_gmt":"2023-10-14T07:09:04","slug":"strach-przed-dentysta","status":"publish","type":"product","link":"https:\/\/audiohypnosis.online\/pl\/produkt\/strach-przed-dentysta\/","title":{"rendered":"Strach przed dentyst\u0105"},"content":{"rendered":"<p>Je\u015bli my\u015bl o wizytach u dentysty parali\u017cuje ci\u0119 strachem, nasze sesje hipnozy audio oferuj\u0105 spos\u00f3b na odzyskanie kontroli. Uwolnij si\u0119 od l\u0119ku przed dentyst\u0105 i stawiaj czo\u0142a wizytom z pewno\u015bci\u0105 siebie. Pakiet zawiera 6 r\u00f3\u017cnych plik\u00f3w audio MP3 i instrukta\u017cowy podr\u0119cznik, kt\u00f3ry poprowadzi Ci\u0119 w kierunku bardziej zrelaksowanego do\u015bwiadczenia dentystycznego.<\/p>\n","protected":false},"excerpt":{"rendered":"<p>Boisz si\u0119 wizyt u dentysty?<\/p>\n","protected":false},"featured_media":14274,"comment_status":"closed","ping_status":"closed","template":"","meta":[],"language":[1550,1644],"product_cat":[1509],"product_tag":[2155,1613,1611,1708,1612],"class_list":{"0":"post-21935","1":"product","2":"type-product","3":"status-publish","4":"has-post-thumbnail","6":"language-nl-pl","7":"language-de-pl-2","8":"product_cat-leki-i-fobie","9":"product_tag-dentysta","10":"product_tag-fobia","11":"product_tag-lek","12":"product_tag-opieka-stomatologiczna","13":"product_tag-strach","14":"pa_languages-niderlandzki","15":"pa_languages-niemiecki","16":"pa_languages-serbski","18":"entry","19":"has-media","21":"first","22":"instock","23":"purchasable","24":"product-type-variable","25":"has-product-nav","26":"col","27":"span_1_of_4","28":"owp-content-center","29":"owp-thumbs-layout-horizontal","30":"owp-btn-big","31":"owp-tabs-layout-vertical","32":"has-no-thumbnails"},"acf":[],"aioseo_notices":[],"_links":{"self":[{"href":"https:\/\/audiohypnosis.online\/pl\/wp-json\/wp\/v2\/product\/21935","targetHints":{"allow":["GET"]}}],"collection":[{"href":"https:\/\/audiohypnosis.online\/pl\/wp-json\/wp\/v2\/product"}],"about":[{"href":"https:\/\/audiohypnosis.online\/pl\/wp-json\/wp\/v2\/types\/product"}],"replies":[{"embeddable":true,"href":"https:\/\/audiohypnosis.online\/pl\/wp-json\/wp\/v2\/comments?post=21935"}],"version-history":[{"count":0,"href":"https:\/\/audiohypnosis.online\/pl\/wp-json\/wp\/v2\/product\/21935\/revisions"}],"wp:featuredmedia":[{"embeddable":true,"href":"https:\/\/audiohypnosis.online\/pl\/wp-json\/wp\/v2\/media\/14274"}],"wp:attachment":[{"href":"https:\/\/audiohypnosis.online\/pl\/wp-json\/wp\/v2\/media?parent=21935"}],"wp:term":[{"taxonomy":"language","embeddable":true,"href":"https:\/\/audiohypnosis.online\/pl\/wp-json\/wp\/v2\/language?post=21935"},{"taxonomy":"product_cat","embeddable":true,"href":"https:\/\/audiohypnosis.online\/pl\/wp-json\/wp\/v2\/product_cat?post=21935"},{"taxonomy":"product_tag","embeddable":true,"href":"https:\/\/audiohypnosis.online\/pl\/wp-json\/wp\/v2\/product_tag?post=21935"}],"curies":[{"name":"wp","href":"https:\/\/api.w.org\/{rel}","templated":true}]}}