{"id":21903,"date":"2023-10-14T09:09:04","date_gmt":"2023-10-14T07:09:04","guid":{"rendered":"http:\/\/audiohypnosis.online\/product\/strach-przed-smiercia\/"},"modified":"2023-10-14T09:09:04","modified_gmt":"2023-10-14T07:09:04","slug":"strach-przed-smiercia","status":"publish","type":"product","link":"https:\/\/audiohypnosis.online\/pl\/produkt\/strach-przed-smiercia\/","title":{"rendered":"Strach przed \u015bmierci\u0105"},"content":{"rendered":"<p>Zmagasz si\u0119 z l\u0119kami egzystencjalnymi? Nasze audio hipnozy MP3 maj\u0105 na celu pom\u00f3c ci pogodzi\u0107 si\u0119 z nieuniknionym aspektem \u017cycia, przed kt\u00f3rym wszyscy stoimy: \u015bmierci\u0105. Zyskaj spok\u00f3j umys\u0142u i \u017cyj pe\u0142ni\u0105 \u017cycia, radz\u0105c sobie z tym l\u0119kiem i redukuj\u0105c go. Nasz pakiet zawiera 6 plik\u00f3w audio do pobrania w r\u00f3\u017cnych wersjach dostosowanych do twoich potrzeb, wraz z instrukcj\u0105 zapewniaj\u0105c\u0105 maksymaln\u0105 skuteczno\u015b\u0107.<\/p>\n","protected":false},"excerpt":{"rendered":"<p>Martwisz si\u0119, \u017ce strach przed \u015bmierci\u0105 wp\u0142ywa na codzienne \u017cycie?<\/p>\n","protected":false},"featured_media":13956,"comment_status":"closed","ping_status":"closed","template":"","meta":[],"language":[2097,1659,2103,1550,1644],"product_cat":[1509],"product_tag":[1613,1611,2151,1612,1646],"class_list":{"0":"post-21903","1":"product","2":"type-product","3":"status-publish","4":"has-post-thumbnail","6":"language-en-pl","7":"language-fr-pl","8":"language-es-pl","9":"language-nl-pl","10":"language-de-pl-2","11":"product_cat-leki-i-fobie","12":"product_tag-fobia","13":"product_tag-lek","14":"product_tag-smierc","15":"product_tag-strach","16":"product_tag-zdrowie-pl","17":"pa_languages-angielski","18":"pa_languages-francuski","19":"pa_languages-hiszpanski","20":"pa_languages-niderlandzki","21":"pa_languages-niemiecki","22":"pa_languages-polski","23":"pa_languages-serbski","24":"pa_languages-ukrainski","26":"entry","27":"has-media","29":"first","30":"instock","31":"purchasable","32":"product-type-variable","33":"has-product-nav","34":"col","35":"span_1_of_4","36":"owp-content-center","37":"owp-thumbs-layout-horizontal","38":"owp-btn-big","39":"owp-tabs-layout-vertical","40":"has-no-thumbnails"},"acf":[],"aioseo_notices":[],"_links":{"self":[{"href":"https:\/\/audiohypnosis.online\/pl\/wp-json\/wp\/v2\/product\/21903","targetHints":{"allow":["GET"]}}],"collection":[{"href":"https:\/\/audiohypnosis.online\/pl\/wp-json\/wp\/v2\/product"}],"about":[{"href":"https:\/\/audiohypnosis.online\/pl\/wp-json\/wp\/v2\/types\/product"}],"replies":[{"embeddable":true,"href":"https:\/\/audiohypnosis.online\/pl\/wp-json\/wp\/v2\/comments?post=21903"}],"version-history":[{"count":0,"href":"https:\/\/audiohypnosis.online\/pl\/wp-json\/wp\/v2\/product\/21903\/revisions"}],"wp:featuredmedia":[{"embeddable":true,"href":"https:\/\/audiohypnosis.online\/pl\/wp-json\/wp\/v2\/media\/13956"}],"wp:attachment":[{"href":"https:\/\/audiohypnosis.online\/pl\/wp-json\/wp\/v2\/media?parent=21903"}],"wp:term":[{"taxonomy":"language","embeddable":true,"href":"https:\/\/audiohypnosis.online\/pl\/wp-json\/wp\/v2\/language?post=21903"},{"taxonomy":"product_cat","embeddable":true,"href":"https:\/\/audiohypnosis.online\/pl\/wp-json\/wp\/v2\/product_cat?post=21903"},{"taxonomy":"product_tag","embeddable":true,"href":"https:\/\/audiohypnosis.online\/pl\/wp-json\/wp\/v2\/product_tag?post=21903"}],"curies":[{"name":"wp","href":"https:\/\/api.w.org\/{rel}","templated":true}]}}