{"id":21871,"date":"2023-08-17T13:19:14","date_gmt":"2023-08-17T11:19:14","guid":{"rendered":"http:\/\/audiohypnosis.online\/product\/rzadsze-uzywanie-marihuany-2\/"},"modified":"2023-08-17T13:19:14","modified_gmt":"2023-08-17T11:19:14","slug":"mniej-uzywania-konopi","status":"publish","type":"product","link":"https:\/\/audiohypnosis.online\/pl\/produkt\/mniej-uzywania-konopi\/","title":{"rendered":"Rzadsze u\u017cywanie marihuany"},"content":{"rendered":"<p>Chcesz zyska\u0107 kontrol\u0119 nad nadmiernym u\u017cywaniem marihuany? Nasze pliki MP3 z hipnoz\u0105 audio oferuj\u0105 \u015bcie\u017ck\u0119 do zdrowszych wybor\u00f3w. Nadszed\u0142 czas na pozytywn\u0105 transformacj\u0119. Wprowad\u017a trwa\u0142e zmiany, by odnie\u015b\u0107 szybki i zdrowy sukces. Pomy\u015blne ograniczenie u\u017cywania konopi indyjskich pozwala osi\u0105gn\u0105\u0107 nowy poziom wolno\u015bci, kontroli i dobrego samopoczucia.<\/p>\n<p>Rozpocznij swoj\u0105 podr\u00f3\u017c do zmian ju\u017c dzi\u015b. Nasze pliki MP3 z hipnoz\u0105 audio poprowadz\u0105 ci\u0119 w kierunku zr\u00f3wnowa\u017conego, zdrowego stylu \u017cycia.<\/p>\n<p>Zapewniamy r\u00f3wnie\u017c podr\u0119cznik, dzi\u0119ki kt\u00f3remu b\u0119dziesz dok\u0142adnie wiedzie\u0107, jak osi\u0105gn\u0105\u0107 najlepsze wyniki dzi\u0119ki naszym plikom MP3 z hipnoz\u0105 audio.<\/p>\n<p>Otrzymasz dost\u0119p do 6 plik\u00f3w audio (MP3) do pobrania.<\/p>\n<p>Sesja podstawowa (pasywna), kr\u00f3tsza wersja (pasywna) oraz sesja do s\u0142uchania podczas spaceru.<\/p>\n","protected":false},"excerpt":{"rendered":"<p>Chcesz zyska\u0107 kontrol\u0119 nad nadmiernym u\u017cywaniem marihuany?<\/p>\n","protected":false},"featured_media":14094,"comment_status":"open","ping_status":"closed","template":"","meta":[],"language":[1659,1550],"product_cat":[1505],"product_tag":[3510,2146,2145,1991,3509,1707,1646],"class_list":{"0":"post-21871","1":"product","2":"type-product","3":"status-publish","4":"has-post-thumbnail","6":"language-fr-pl","7":"language-nl-pl","8":"product_cat-uzaleznienia","9":"product_tag-adiccion-pl","10":"product_tag-chwast","11":"product_tag-marihuana-pl","12":"product_tag-marihuany","13":"product_tag-salud-pl","14":"product_tag-samokontrola","15":"product_tag-zdrowie-pl","16":"pa_languages-francuski","17":"pa_languages-niderlandzki","19":"entry","20":"has-media","22":"first","23":"instock","24":"shipping-taxable","25":"purchasable","26":"product-type-variable","27":"has-product-nav","28":"col","29":"span_1_of_4","30":"owp-content-center","31":"owp-thumbs-layout-horizontal","32":"owp-btn-big","33":"owp-tabs-layout-vertical","34":"has-no-thumbnails"},"acf":[],"aioseo_notices":[],"_links":{"self":[{"href":"https:\/\/audiohypnosis.online\/pl\/wp-json\/wp\/v2\/product\/21871","targetHints":{"allow":["GET"]}}],"collection":[{"href":"https:\/\/audiohypnosis.online\/pl\/wp-json\/wp\/v2\/product"}],"about":[{"href":"https:\/\/audiohypnosis.online\/pl\/wp-json\/wp\/v2\/types\/product"}],"replies":[{"embeddable":true,"href":"https:\/\/audiohypnosis.online\/pl\/wp-json\/wp\/v2\/comments?post=21871"}],"version-history":[{"count":0,"href":"https:\/\/audiohypnosis.online\/pl\/wp-json\/wp\/v2\/product\/21871\/revisions"}],"wp:featuredmedia":[{"embeddable":true,"href":"https:\/\/audiohypnosis.online\/pl\/wp-json\/wp\/v2\/media\/14094"}],"wp:attachment":[{"href":"https:\/\/audiohypnosis.online\/pl\/wp-json\/wp\/v2\/media?parent=21871"}],"wp:term":[{"taxonomy":"language","embeddable":true,"href":"https:\/\/audiohypnosis.online\/pl\/wp-json\/wp\/v2\/language?post=21871"},{"taxonomy":"product_cat","embeddable":true,"href":"https:\/\/audiohypnosis.online\/pl\/wp-json\/wp\/v2\/product_cat?post=21871"},{"taxonomy":"product_tag","embeddable":true,"href":"https:\/\/audiohypnosis.online\/pl\/wp-json\/wp\/v2\/product_tag?post=21871"}],"curies":[{"name":"wp","href":"https:\/\/api.w.org\/{rel}","templated":true}]}}