{"id":21304,"date":"2023-10-14T09:09:09","date_gmt":"2023-10-14T07:09:09","guid":{"rendered":"http:\/\/audiohypnosis.online\/product\/wzmocnienie-ego\/"},"modified":"2023-10-14T09:09:09","modified_gmt":"2023-10-14T07:09:09","slug":"wzmocnienie-ego","status":"publish","type":"product","link":"https:\/\/audiohypnosis.online\/pl\/produkt\/wzmocnienie-ego\/","title":{"rendered":"Wzmocnienie ego"},"content":{"rendered":"<p>Chcesz zwi\u0119kszy\u0107 poczucie w\u0142asnej warto\u015bci? Nasze sesje hipnozy audio oferuj\u0105 \u015bcie\u017ck\u0119 do silniejszego poczucia siebie. Uzyskaj dost\u0119p do 6 plik\u00f3w audio do pobrania i podr\u0119cznika, kt\u00f3ry poprowadzi Ci\u0119 do bardziej pozytywnego obrazu siebie.<\/p>\n","protected":false},"excerpt":{"rendered":"<p>Chcesz zwi\u0119kszy\u0107 poczucie w\u0142asnej warto\u015bci?<\/p>\n","protected":false},"featured_media":14028,"comment_status":"closed","ping_status":"closed","template":"","meta":[],"language":[1659,1550,1644],"product_cat":[1514],"product_tag":[1797,1738,1881,1882,1737],"class_list":{"0":"post-21304","1":"product","2":"type-product","3":"status-publish","4":"has-post-thumbnail","6":"language-fr-pl","7":"language-nl-pl","8":"language-de-pl-2","9":"product_cat-samodoskonalenie","10":"product_tag-dobre-samopoczucie-emocjonalne","11":"product_tag-pewnosc-siebie","12":"product_tag-poczucie-wlasnej-wartosci","13":"product_tag-pozytywnosc","14":"product_tag-samodoskonalenie","15":"pa_languages-francuski","16":"pa_languages-niderlandzki","17":"pa_languages-niemiecki","18":"pa_languages-serbski","19":"pa_languages-ukrainski","21":"entry","22":"has-media","24":"first","25":"instock","26":"purchasable","27":"product-type-variable","28":"has-product-nav","29":"col","30":"span_1_of_4","31":"owp-content-center","32":"owp-thumbs-layout-horizontal","33":"owp-btn-big","34":"owp-tabs-layout-vertical","35":"has-no-thumbnails"},"acf":[],"aioseo_notices":[],"_links":{"self":[{"href":"https:\/\/audiohypnosis.online\/pl\/wp-json\/wp\/v2\/product\/21304","targetHints":{"allow":["GET"]}}],"collection":[{"href":"https:\/\/audiohypnosis.online\/pl\/wp-json\/wp\/v2\/product"}],"about":[{"href":"https:\/\/audiohypnosis.online\/pl\/wp-json\/wp\/v2\/types\/product"}],"replies":[{"embeddable":true,"href":"https:\/\/audiohypnosis.online\/pl\/wp-json\/wp\/v2\/comments?post=21304"}],"version-history":[{"count":0,"href":"https:\/\/audiohypnosis.online\/pl\/wp-json\/wp\/v2\/product\/21304\/revisions"}],"wp:featuredmedia":[{"embeddable":true,"href":"https:\/\/audiohypnosis.online\/pl\/wp-json\/wp\/v2\/media\/14028"}],"wp:attachment":[{"href":"https:\/\/audiohypnosis.online\/pl\/wp-json\/wp\/v2\/media?parent=21304"}],"wp:term":[{"taxonomy":"language","embeddable":true,"href":"https:\/\/audiohypnosis.online\/pl\/wp-json\/wp\/v2\/language?post=21304"},{"taxonomy":"product_cat","embeddable":true,"href":"https:\/\/audiohypnosis.online\/pl\/wp-json\/wp\/v2\/product_cat?post=21304"},{"taxonomy":"product_tag","embeddable":true,"href":"https:\/\/audiohypnosis.online\/pl\/wp-json\/wp\/v2\/product_tag?post=21304"}],"curies":[{"name":"wp","href":"https:\/\/api.w.org\/{rel}","templated":true}]}}