{"id":21296,"date":"2023-10-14T09:09:09","date_gmt":"2023-10-14T07:09:09","guid":{"rendered":"http:\/\/audiohypnosis.online\/product\/zaburzenia-erekcji\/"},"modified":"2023-10-14T09:09:09","modified_gmt":"2023-10-14T07:09:09","slug":"zaburzenia-erekcji","status":"publish","type":"product","link":"https:\/\/audiohypnosis.online\/pl\/produkt\/zaburzenia-erekcji\/","title":{"rendered":"Zaburzenia erekcji"},"content":{"rendered":"<p>Do\u015bwiadczasz problem\u00f3w ze zdrowiem seksualnym? Nasze sesje hipnozy audio koncentruj\u0105 si\u0119 na pomaganiu m\u0119\u017cczyznom w radzeniu sobie z zaburzeniami erekcji. Uzyskasz dost\u0119p do 6 plik\u00f3w audio do pobrania i podr\u0119cznika najlepszych praktyk.<\/p>\n","protected":false},"excerpt":{"rendered":"<p>Chcesz rozwi\u0105za\u0107 problem zaburze\u0144 erekcji?<\/p>\n","protected":false},"featured_media":14034,"comment_status":"closed","ping_status":"closed","template":"","meta":[],"language":[2097,1550,1644,3059],"product_cat":[1515],"product_tag":[2079,2013,3509,2014,2080],"class_list":{"0":"post-21296","1":"product","2":"type-product","3":"status-publish","4":"has-post-thumbnail","6":"language-en-pl","7":"language-nl-pl","8":"language-de-pl-2","9":"language-it-pl","10":"product_cat-seksualnosc","11":"product_tag-mezczyzni","12":"product_tag-relacje","13":"product_tag-salud-pl","14":"product_tag-sexualwellness-pl","15":"product_tag-zaburzenia-erekcji","16":"pa_languages-angielski","17":"pa_languages-niderlandzki","18":"pa_languages-niemiecki","19":"pa_languages-serbski","20":"pa_languages-ukrainski","21":"pa_languages-wloski","23":"entry","24":"has-media","26":"first","27":"instock","28":"purchasable","29":"product-type-variable","30":"has-product-nav","31":"col","32":"span_1_of_4","33":"owp-content-center","34":"owp-thumbs-layout-horizontal","35":"owp-btn-big","36":"owp-tabs-layout-vertical","37":"has-no-thumbnails"},"acf":[],"aioseo_notices":[],"_links":{"self":[{"href":"https:\/\/audiohypnosis.online\/pl\/wp-json\/wp\/v2\/product\/21296","targetHints":{"allow":["GET"]}}],"collection":[{"href":"https:\/\/audiohypnosis.online\/pl\/wp-json\/wp\/v2\/product"}],"about":[{"href":"https:\/\/audiohypnosis.online\/pl\/wp-json\/wp\/v2\/types\/product"}],"replies":[{"embeddable":true,"href":"https:\/\/audiohypnosis.online\/pl\/wp-json\/wp\/v2\/comments?post=21296"}],"version-history":[{"count":0,"href":"https:\/\/audiohypnosis.online\/pl\/wp-json\/wp\/v2\/product\/21296\/revisions"}],"wp:featuredmedia":[{"embeddable":true,"href":"https:\/\/audiohypnosis.online\/pl\/wp-json\/wp\/v2\/media\/14034"}],"wp:attachment":[{"href":"https:\/\/audiohypnosis.online\/pl\/wp-json\/wp\/v2\/media?parent=21296"}],"wp:term":[{"taxonomy":"language","embeddable":true,"href":"https:\/\/audiohypnosis.online\/pl\/wp-json\/wp\/v2\/language?post=21296"},{"taxonomy":"product_cat","embeddable":true,"href":"https:\/\/audiohypnosis.online\/pl\/wp-json\/wp\/v2\/product_cat?post=21296"},{"taxonomy":"product_tag","embeddable":true,"href":"https:\/\/audiohypnosis.online\/pl\/wp-json\/wp\/v2\/product_tag?post=21296"}],"curies":[{"name":"wp","href":"https:\/\/api.w.org\/{rel}","templated":true}]}}