{"id":21288,"date":"2023-10-14T09:09:09","date_gmt":"2023-10-14T07:09:09","guid":{"rendered":"http:\/\/audiohypnosis.online\/product\/bez-alkoholu\/"},"modified":"2023-10-14T09:09:09","modified_gmt":"2023-10-14T07:09:09","slug":"bez-alkoholu","status":"publish","type":"product","link":"https:\/\/audiohypnosis.online\/pl\/produkt\/bez-alkoholu\/","title":{"rendered":"Bez alkoholu"},"content":{"rendered":"<p>Chcesz powstrzyma\u0107 si\u0119 od spo\u017cywania alkoholu? Nasze audio hipnozy MP3 oferuj\u0105 \u015bcie\u017ck\u0119 do zdrowszego \u017cycia. Uzyskaj kontrol\u0119 nad spo\u017cyciem alkoholu i ciesz si\u0119 bardziej zr\u00f3wnowa\u017conym stylem \u017cycia. Pakiet zawiera 6 plik\u00f3w audio i obszerny podr\u0119cznik.<\/p>\n","protected":false},"excerpt":{"rendered":"<p>Chcesz rzuci\u0107 alkohol?<\/p>\n","protected":false},"featured_media":14280,"comment_status":"closed","ping_status":"closed","template":"","meta":[],"language":[2097,1659,2103,1550,1644,3059],"product_cat":[1505],"product_tag":[],"class_list":{"0":"post-21288","1":"product","2":"type-product","3":"status-publish","4":"has-post-thumbnail","6":"language-en-pl","7":"language-fr-pl","8":"language-es-pl","9":"language-nl-pl","10":"language-de-pl-2","11":"language-it-pl","12":"product_cat-uzaleznienia","13":"pa_languages-angielski","14":"pa_languages-francuski","15":"pa_languages-hiszpanski","16":"pa_languages-niderlandzki","17":"pa_languages-niemiecki","18":"pa_languages-portugalski-brazylia","19":"pa_languages-serbski","20":"pa_languages-ukrainski","21":"pa_languages-wegierski","22":"pa_languages-wloski","24":"entry","25":"has-media","27":"first","28":"instock","29":"purchasable","30":"product-type-variable","31":"has-product-nav","32":"col","33":"span_1_of_4","34":"owp-content-center","35":"owp-thumbs-layout-horizontal","36":"owp-btn-big","37":"owp-tabs-layout-vertical","38":"has-no-thumbnails"},"acf":[],"aioseo_notices":[],"_links":{"self":[{"href":"https:\/\/audiohypnosis.online\/pl\/wp-json\/wp\/v2\/product\/21288","targetHints":{"allow":["GET"]}}],"collection":[{"href":"https:\/\/audiohypnosis.online\/pl\/wp-json\/wp\/v2\/product"}],"about":[{"href":"https:\/\/audiohypnosis.online\/pl\/wp-json\/wp\/v2\/types\/product"}],"replies":[{"embeddable":true,"href":"https:\/\/audiohypnosis.online\/pl\/wp-json\/wp\/v2\/comments?post=21288"}],"version-history":[{"count":0,"href":"https:\/\/audiohypnosis.online\/pl\/wp-json\/wp\/v2\/product\/21288\/revisions"}],"wp:featuredmedia":[{"embeddable":true,"href":"https:\/\/audiohypnosis.online\/pl\/wp-json\/wp\/v2\/media\/14280"}],"wp:attachment":[{"href":"https:\/\/audiohypnosis.online\/pl\/wp-json\/wp\/v2\/media?parent=21288"}],"wp:term":[{"taxonomy":"language","embeddable":true,"href":"https:\/\/audiohypnosis.online\/pl\/wp-json\/wp\/v2\/language?post=21288"},{"taxonomy":"product_cat","embeddable":true,"href":"https:\/\/audiohypnosis.online\/pl\/wp-json\/wp\/v2\/product_cat?post=21288"},{"taxonomy":"product_tag","embeddable":true,"href":"https:\/\/audiohypnosis.online\/pl\/wp-json\/wp\/v2\/product_tag?post=21288"}],"curies":[{"name":"wp","href":"https:\/\/api.w.org\/{rel}","templated":true}]}}