{"id":21280,"date":"2023-10-14T09:09:09","date_gmt":"2023-10-14T07:09:09","guid":{"rendered":"http:\/\/audiohypnosis.online\/product\/uzaleznienie-od-hazardu\/"},"modified":"2023-10-14T09:09:09","modified_gmt":"2023-10-14T07:09:09","slug":"uzaleznienie-od-hazardu","status":"publish","type":"product","link":"https:\/\/audiohypnosis.online\/pl\/produkt\/uzaleznienie-od-hazardu\/","title":{"rendered":"Uzale\u017cnienie od hazardu"},"content":{"rendered":"<p>Zmagasz si\u0119 z uzale\u017cnieniem od hazardu? Nasze sesje hipnozy audio maj\u0105 na celu pom\u00f3c ci odzyska\u0107 kontrol\u0119. Pakiet zawiera 6 plik\u00f3w audio do pobrania oraz podr\u0119cznik, kt\u00f3ry poprowadzi Ci\u0119 w drodze do wolno\u015bci od hazardu.<\/p>\n","protected":false},"excerpt":{"rendered":"<p>Zmagasz si\u0119 z uzale\u017cnieniem od hazardu?<\/p>\n","protected":false},"featured_media":14046,"comment_status":"closed","ping_status":"closed","template":"","meta":[],"language":[1659,1550,1644],"product_cat":[1505],"product_tag":[3510,2077,3509,1707,1646],"class_list":{"0":"post-21280","1":"product","2":"type-product","3":"status-publish","4":"has-post-thumbnail","6":"language-fr-pl","7":"language-nl-pl","8":"language-de-pl-2","9":"product_cat-uzaleznienia","10":"product_tag-adiccion-pl","11":"product_tag-hazard","12":"product_tag-salud-pl","13":"product_tag-samokontrola","14":"product_tag-zdrowie-pl","15":"pa_languages-francuski","16":"pa_languages-niderlandzki","17":"pa_languages-niemiecki","18":"pa_languages-serbski","20":"entry","21":"has-media","23":"first","24":"instock","25":"purchasable","26":"product-type-variable","27":"has-product-nav","28":"col","29":"span_1_of_4","30":"owp-content-center","31":"owp-thumbs-layout-horizontal","32":"owp-btn-big","33":"owp-tabs-layout-vertical","34":"has-no-thumbnails"},"acf":[],"aioseo_notices":[],"_links":{"self":[{"href":"https:\/\/audiohypnosis.online\/pl\/wp-json\/wp\/v2\/product\/21280","targetHints":{"allow":["GET"]}}],"collection":[{"href":"https:\/\/audiohypnosis.online\/pl\/wp-json\/wp\/v2\/product"}],"about":[{"href":"https:\/\/audiohypnosis.online\/pl\/wp-json\/wp\/v2\/types\/product"}],"replies":[{"embeddable":true,"href":"https:\/\/audiohypnosis.online\/pl\/wp-json\/wp\/v2\/comments?post=21280"}],"version-history":[{"count":0,"href":"https:\/\/audiohypnosis.online\/pl\/wp-json\/wp\/v2\/product\/21280\/revisions"}],"wp:featuredmedia":[{"embeddable":true,"href":"https:\/\/audiohypnosis.online\/pl\/wp-json\/wp\/v2\/media\/14046"}],"wp:attachment":[{"href":"https:\/\/audiohypnosis.online\/pl\/wp-json\/wp\/v2\/media?parent=21280"}],"wp:term":[{"taxonomy":"language","embeddable":true,"href":"https:\/\/audiohypnosis.online\/pl\/wp-json\/wp\/v2\/language?post=21280"},{"taxonomy":"product_cat","embeddable":true,"href":"https:\/\/audiohypnosis.online\/pl\/wp-json\/wp\/v2\/product_cat?post=21280"},{"taxonomy":"product_tag","embeddable":true,"href":"https:\/\/audiohypnosis.online\/pl\/wp-json\/wp\/v2\/product_tag?post=21280"}],"curies":[{"name":"wp","href":"https:\/\/api.w.org\/{rel}","templated":true}]}}