{"id":21272,"date":"2023-10-14T09:09:09","date_gmt":"2023-10-14T07:09:09","guid":{"rendered":"http:\/\/audiohypnosis.online\/product\/oczekiwanie-w-golfie\/"},"modified":"2023-10-14T09:09:09","modified_gmt":"2023-10-14T07:09:09","slug":"czekanie-w-golfie","status":"publish","type":"product","link":"https:\/\/audiohypnosis.online\/pl\/produkt\/czekanie-w-golfie\/","title":{"rendered":"Oczekiwanie w golfie"},"content":{"rendered":"<p>Niecierpliwisz si\u0119 czekaj\u0105c na swoj\u0105 kolej w golfie? Nasze audio hipnozy MP3 maj\u0105 na celu pom\u00f3c ci kultywowa\u0107 cierpliwo\u015b\u0107, poprawiaj\u0105c zar\u00f3wno twoj\u0105 gr\u0119, jak i samopoczucie psychiczne. Pakiet zawiera 6 plik\u00f3w audio i instrukcj\u0119 efektywnego u\u017cytkowania.<\/p>\n","protected":false},"excerpt":{"rendered":"<p>Potrzebujesz cierpliwo\u015bci w grze w golfa?<\/p>\n","protected":false},"featured_media":14052,"comment_status":"closed","ping_status":"closed","template":"","meta":[],"language":[1550,1644],"product_cat":[1501],"product_tag":[2076,1551,1553,2075,1552],"class_list":{"0":"post-21272","1":"product","2":"type-product","3":"status-publish","4":"has-post-thumbnail","6":"language-nl-pl","7":"language-de-pl-2","8":"product_cat-sport-i-gry","9":"product_tag-cierpliwosc","10":"product_tag-czas-wolny","11":"product_tag-golfik","12":"product_tag-oczekiwanie","13":"product_tag-sporty","14":"pa_languages-niderlandzki","15":"pa_languages-niemiecki","17":"entry","18":"has-media","20":"first","21":"instock","22":"purchasable","23":"product-type-variable","24":"has-product-nav","25":"col","26":"span_1_of_4","27":"owp-content-center","28":"owp-thumbs-layout-horizontal","29":"owp-btn-big","30":"owp-tabs-layout-vertical","31":"has-no-thumbnails"},"acf":[],"aioseo_notices":[],"_links":{"self":[{"href":"https:\/\/audiohypnosis.online\/pl\/wp-json\/wp\/v2\/product\/21272","targetHints":{"allow":["GET"]}}],"collection":[{"href":"https:\/\/audiohypnosis.online\/pl\/wp-json\/wp\/v2\/product"}],"about":[{"href":"https:\/\/audiohypnosis.online\/pl\/wp-json\/wp\/v2\/types\/product"}],"replies":[{"embeddable":true,"href":"https:\/\/audiohypnosis.online\/pl\/wp-json\/wp\/v2\/comments?post=21272"}],"version-history":[{"count":0,"href":"https:\/\/audiohypnosis.online\/pl\/wp-json\/wp\/v2\/product\/21272\/revisions"}],"wp:featuredmedia":[{"embeddable":true,"href":"https:\/\/audiohypnosis.online\/pl\/wp-json\/wp\/v2\/media\/14052"}],"wp:attachment":[{"href":"https:\/\/audiohypnosis.online\/pl\/wp-json\/wp\/v2\/media?parent=21272"}],"wp:term":[{"taxonomy":"language","embeddable":true,"href":"https:\/\/audiohypnosis.online\/pl\/wp-json\/wp\/v2\/language?post=21272"},{"taxonomy":"product_cat","embeddable":true,"href":"https:\/\/audiohypnosis.online\/pl\/wp-json\/wp\/v2\/product_cat?post=21272"},{"taxonomy":"product_tag","embeddable":true,"href":"https:\/\/audiohypnosis.online\/pl\/wp-json\/wp\/v2\/product_tag?post=21272"}],"curies":[{"name":"wp","href":"https:\/\/api.w.org\/{rel}","templated":true}]}}