{"id":21264,"date":"2023-10-14T09:09:09","date_gmt":"2023-10-14T07:09:09","guid":{"rendered":"http:\/\/audiohypnosis.online\/product\/lek-wysokosci\/"},"modified":"2023-10-14T09:09:09","modified_gmt":"2023-10-14T07:09:09","slug":"lek-wysokosci","status":"publish","type":"product","link":"https:\/\/audiohypnosis.online\/pl\/produkt\/lek-wysokosci\/","title":{"rendered":"L\u0119k wysoko\u015bci"},"content":{"rendered":"<p>Akrofobia? Nasze sesje hipnozy audio maj\u0105 na celu pom\u00f3c ci pokona\u0107 l\u0119k wysoko\u015bci. Pakiet zawiera 6 r\u00f3\u017cnych plik\u00f3w audio MP3 i instrukcj\u0119, aby zapewni\u0107 najlepsze wyniki.<\/p>\n","protected":false},"excerpt":{"rendered":"<p>Cierpisz na l\u0119k wysoko\u015bci?<\/p>\n","protected":false},"featured_media":14058,"comment_status":"closed","ping_status":"closed","template":"","meta":[],"language":[1659,1550,1644],"product_cat":[1509],"product_tag":[1945,1611,1612,2074,1646],"class_list":{"0":"post-21264","1":"product","2":"type-product","3":"status-publish","4":"has-post-thumbnail","6":"language-fr-pl","7":"language-nl-pl","8":"language-de-pl-2","9":"product_cat-leki-i-fobie","10":"product_tag-akrofobia","11":"product_tag-lek","12":"product_tag-strach","13":"product_tag-wysokosci","14":"product_tag-zdrowie-pl","16":"entry","17":"has-media","19":"first","20":"instock","21":"purchasable","22":"product-type-variable","23":"has-product-nav","24":"col","25":"span_1_of_4","26":"owp-content-center","27":"owp-thumbs-layout-horizontal","28":"owp-btn-big","29":"owp-tabs-layout-vertical","30":"has-no-thumbnails"},"acf":[],"aioseo_notices":[],"_links":{"self":[{"href":"https:\/\/audiohypnosis.online\/pl\/wp-json\/wp\/v2\/product\/21264","targetHints":{"allow":["GET"]}}],"collection":[{"href":"https:\/\/audiohypnosis.online\/pl\/wp-json\/wp\/v2\/product"}],"about":[{"href":"https:\/\/audiohypnosis.online\/pl\/wp-json\/wp\/v2\/types\/product"}],"replies":[{"embeddable":true,"href":"https:\/\/audiohypnosis.online\/pl\/wp-json\/wp\/v2\/comments?post=21264"}],"version-history":[{"count":0,"href":"https:\/\/audiohypnosis.online\/pl\/wp-json\/wp\/v2\/product\/21264\/revisions"}],"wp:featuredmedia":[{"embeddable":true,"href":"https:\/\/audiohypnosis.online\/pl\/wp-json\/wp\/v2\/media\/14058"}],"wp:attachment":[{"href":"https:\/\/audiohypnosis.online\/pl\/wp-json\/wp\/v2\/media?parent=21264"}],"wp:term":[{"taxonomy":"language","embeddable":true,"href":"https:\/\/audiohypnosis.online\/pl\/wp-json\/wp\/v2\/language?post=21264"},{"taxonomy":"product_cat","embeddable":true,"href":"https:\/\/audiohypnosis.online\/pl\/wp-json\/wp\/v2\/product_cat?post=21264"},{"taxonomy":"product_tag","embeddable":true,"href":"https:\/\/audiohypnosis.online\/pl\/wp-json\/wp\/v2\/product_tag?post=21264"}],"curies":[{"name":"wp","href":"https:\/\/api.w.org\/{rel}","templated":true}]}}