{"id":20632,"date":"2023-10-14T09:09:09","date_gmt":"2023-10-14T07:09:09","guid":{"rendered":"http:\/\/audiohypnosis.online\/product\/zazdrosc\/"},"modified":"2023-10-14T09:09:09","modified_gmt":"2023-10-14T07:09:09","slug":"zazdrosc","status":"publish","type":"product","link":"https:\/\/audiohypnosis.online\/pl\/produkt\/zazdrosc\/","title":{"rendered":"Zazdro\u015b\u0107"},"content":{"rendered":"<p>Zazdro\u015b\u0107 odbija si\u0119 na twoich relacjach? Nasze sesje hipnozy audio maj\u0105 na celu pom\u00f3c ci kontrolowa\u0107 te emocje. Uzyskaj dost\u0119p do 6 plik\u00f3w audio do pobrania i obszernego podr\u0119cznika.<\/p>\n","protected":false},"excerpt":{"rendered":"<p>Zmagasz si\u0119 z zazdro\u015bci\u0105?<\/p>\n","protected":false},"featured_media":14100,"comment_status":"closed","ping_status":"closed","template":"","meta":[],"language":[1659,1550,1644],"product_cat":[1513],"product_tag":[1797,2027,2013,1707,2029],"class_list":{"0":"post-20632","1":"product","2":"type-product","3":"status-publish","4":"has-post-thumbnail","6":"language-fr-pl","7":"language-nl-pl","8":"language-de-pl-2","9":"product_cat-relacje","10":"product_tag-dobre-samopoczucie-emocjonalne","11":"product_tag-milosc","12":"product_tag-relacje","13":"product_tag-samokontrola","14":"product_tag-zazdrosc","15":"pa_languages-francuski","16":"pa_languages-niderlandzki","17":"pa_languages-niemiecki","18":"pa_languages-portugalski-brazylia","20":"entry","21":"has-media","23":"first","24":"instock","25":"purchasable","26":"product-type-variable","27":"has-product-nav","28":"col","29":"span_1_of_4","30":"owp-content-center","31":"owp-thumbs-layout-horizontal","32":"owp-btn-big","33":"owp-tabs-layout-vertical","34":"has-no-thumbnails"},"acf":[],"aioseo_notices":[],"_links":{"self":[{"href":"https:\/\/audiohypnosis.online\/pl\/wp-json\/wp\/v2\/product\/20632","targetHints":{"allow":["GET"]}}],"collection":[{"href":"https:\/\/audiohypnosis.online\/pl\/wp-json\/wp\/v2\/product"}],"about":[{"href":"https:\/\/audiohypnosis.online\/pl\/wp-json\/wp\/v2\/types\/product"}],"replies":[{"embeddable":true,"href":"https:\/\/audiohypnosis.online\/pl\/wp-json\/wp\/v2\/comments?post=20632"}],"version-history":[{"count":0,"href":"https:\/\/audiohypnosis.online\/pl\/wp-json\/wp\/v2\/product\/20632\/revisions"}],"wp:featuredmedia":[{"embeddable":true,"href":"https:\/\/audiohypnosis.online\/pl\/wp-json\/wp\/v2\/media\/14100"}],"wp:attachment":[{"href":"https:\/\/audiohypnosis.online\/pl\/wp-json\/wp\/v2\/media?parent=20632"}],"wp:term":[{"taxonomy":"language","embeddable":true,"href":"https:\/\/audiohypnosis.online\/pl\/wp-json\/wp\/v2\/language?post=20632"},{"taxonomy":"product_cat","embeddable":true,"href":"https:\/\/audiohypnosis.online\/pl\/wp-json\/wp\/v2\/product_cat?post=20632"},{"taxonomy":"product_tag","embeddable":true,"href":"https:\/\/audiohypnosis.online\/pl\/wp-json\/wp\/v2\/product_tag?post=20632"}],"curies":[{"name":"wp","href":"https:\/\/api.w.org\/{rel}","templated":true}]}}