{"id":20609,"date":"2023-10-14T09:09:09","date_gmt":"2023-10-14T07:09:09","guid":{"rendered":"http:\/\/audiohypnosis.online\/product\/zlamane-serce\/"},"modified":"2023-10-14T09:09:09","modified_gmt":"2023-10-14T07:09:09","slug":"zlamane-serce","status":"publish","type":"product","link":"https:\/\/audiohypnosis.online\/pl\/produkt\/zlamane-serce\/","title":{"rendered":"Z\u0142amane serce"},"content":{"rendered":"<p>Cierpisz z powodu z\u0142amanego serca? Nasze pliki MP3 z hipnoz\u0105 audio oferuj\u0105 \u015bcie\u017ck\u0119 do emocjonalnego uzdrowienia. Znajd\u017a ulg\u0119 i zacznij od nowa dzi\u0119ki naszemu pakietowi, kt\u00f3ry zawiera 6 plik\u00f3w audio i podr\u0119cznik najlepszych praktyk.<\/p>\n","protected":false},"excerpt":{"rendered":"<p>Potrzebujesz pomocy w radzeniu sobie ze z\u0142amanym sercem?<\/p>\n","protected":false},"featured_media":14070,"comment_status":"closed","ping_status":"closed","template":"","meta":[],"language":[1659,1550,1644],"product_cat":[1513],"product_tag":[1797,2027,2013,1799,2028],"class_list":{"0":"post-20609","1":"product","2":"type-product","3":"status-publish","4":"has-post-thumbnail","6":"language-fr-pl","7":"language-nl-pl","8":"language-de-pl-2","9":"product_cat-relacje","10":"product_tag-dobre-samopoczucie-emocjonalne","11":"product_tag-milosc","12":"product_tag-relacje","13":"product_tag-uzdrowienie","14":"product_tag-zlamane-serce","15":"pa_languages-francuski","16":"pa_languages-niderlandzki","17":"pa_languages-niemiecki","19":"entry","20":"has-media","22":"first","23":"instock","24":"purchasable","25":"product-type-variable","26":"has-product-nav","27":"col","28":"span_1_of_4","29":"owp-content-center","30":"owp-thumbs-layout-horizontal","31":"owp-btn-big","32":"owp-tabs-layout-vertical","33":"has-no-thumbnails"},"acf":[],"aioseo_notices":[],"_links":{"self":[{"href":"https:\/\/audiohypnosis.online\/pl\/wp-json\/wp\/v2\/product\/20609","targetHints":{"allow":["GET"]}}],"collection":[{"href":"https:\/\/audiohypnosis.online\/pl\/wp-json\/wp\/v2\/product"}],"about":[{"href":"https:\/\/audiohypnosis.online\/pl\/wp-json\/wp\/v2\/types\/product"}],"replies":[{"embeddable":true,"href":"https:\/\/audiohypnosis.online\/pl\/wp-json\/wp\/v2\/comments?post=20609"}],"version-history":[{"count":0,"href":"https:\/\/audiohypnosis.online\/pl\/wp-json\/wp\/v2\/product\/20609\/revisions"}],"wp:featuredmedia":[{"embeddable":true,"href":"https:\/\/audiohypnosis.online\/pl\/wp-json\/wp\/v2\/media\/14070"}],"wp:attachment":[{"href":"https:\/\/audiohypnosis.online\/pl\/wp-json\/wp\/v2\/media?parent=20609"}],"wp:term":[{"taxonomy":"language","embeddable":true,"href":"https:\/\/audiohypnosis.online\/pl\/wp-json\/wp\/v2\/language?post=20609"},{"taxonomy":"product_cat","embeddable":true,"href":"https:\/\/audiohypnosis.online\/pl\/wp-json\/wp\/v2\/product_cat?post=20609"},{"taxonomy":"product_tag","embeddable":true,"href":"https:\/\/audiohypnosis.online\/pl\/wp-json\/wp\/v2\/product_tag?post=20609"}],"curies":[{"name":"wp","href":"https:\/\/api.w.org\/{rel}","templated":true}]}}