{"id":20586,"date":"2023-10-14T09:09:09","date_gmt":"2023-10-14T07:09:09","guid":{"rendered":"http:\/\/audiohypnosis.online\/product\/wiecej-cwiczen\/"},"modified":"2023-10-14T09:09:09","modified_gmt":"2023-10-14T07:09:09","slug":"wiecej-cwiczen","status":"publish","type":"product","link":"https:\/\/audiohypnosis.online\/pl\/produkt\/wiecej-cwiczen\/","title":{"rendered":"Wi\u0119cej \u0107wicze\u0144"},"content":{"rendered":"<p>Chcesz by\u0107 bardziej aktywny fizycznie? Nasze sesje hipnozy audio prowadz\u0105 do zdrowszego stylu \u017cycia poprzez zwi\u0119kszenie motywacji do \u0107wicze\u0144. Pakiet zawiera 6 r\u00f3\u017cnych plik\u00f3w audio i instrukcj\u0119, aby zapewni\u0107 najlepsze wyniki.<\/p>\n","protected":false},"excerpt":{"rendered":"<p>Chcesz zwi\u0119kszy\u0107 swoj\u0105 aktywno\u015b\u0107 fizyczn\u0105?<\/p>\n","protected":false},"featured_media":14040,"comment_status":"closed","ping_status":"closed","template":"","meta":[],"language":[],"product_cat":[1502],"product_tag":[1660,1647,1661,1646,1645],"class_list":{"0":"post-20586","1":"product","2":"type-product","3":"status-publish","4":"has-post-thumbnail","6":"product_cat-waga","7":"product_tag-aktywnosc-fizyczna","8":"product_tag-cwiczenia","9":"product_tag-motywacja","10":"product_tag-zdrowie-pl","11":"product_tag-zdrowie","13":"entry","14":"has-media","16":"first","17":"instock","18":"purchasable","19":"product-type-variable","20":"has-product-nav","21":"col","22":"span_1_of_4","23":"owp-content-center","24":"owp-thumbs-layout-horizontal","25":"owp-btn-big","26":"owp-tabs-layout-vertical","27":"has-no-thumbnails"},"acf":[],"aioseo_notices":[],"_links":{"self":[{"href":"https:\/\/audiohypnosis.online\/pl\/wp-json\/wp\/v2\/product\/20586","targetHints":{"allow":["GET"]}}],"collection":[{"href":"https:\/\/audiohypnosis.online\/pl\/wp-json\/wp\/v2\/product"}],"about":[{"href":"https:\/\/audiohypnosis.online\/pl\/wp-json\/wp\/v2\/types\/product"}],"replies":[{"embeddable":true,"href":"https:\/\/audiohypnosis.online\/pl\/wp-json\/wp\/v2\/comments?post=20586"}],"version-history":[{"count":0,"href":"https:\/\/audiohypnosis.online\/pl\/wp-json\/wp\/v2\/product\/20586\/revisions"}],"wp:featuredmedia":[{"embeddable":true,"href":"https:\/\/audiohypnosis.online\/pl\/wp-json\/wp\/v2\/media\/14040"}],"wp:attachment":[{"href":"https:\/\/audiohypnosis.online\/pl\/wp-json\/wp\/v2\/media?parent=20586"}],"wp:term":[{"taxonomy":"language","embeddable":true,"href":"https:\/\/audiohypnosis.online\/pl\/wp-json\/wp\/v2\/language?post=20586"},{"taxonomy":"product_cat","embeddable":true,"href":"https:\/\/audiohypnosis.online\/pl\/wp-json\/wp\/v2\/product_cat?post=20586"},{"taxonomy":"product_tag","embeddable":true,"href":"https:\/\/audiohypnosis.online\/pl\/wp-json\/wp\/v2\/product_tag?post=20586"}],"curies":[{"name":"wp","href":"https:\/\/api.w.org\/{rel}","templated":true}]}}