{"id":20229,"date":"2023-10-14T09:09:09","date_gmt":"2023-10-14T07:09:09","guid":{"rendered":"http:\/\/audiohypnosis.online\/product\/migreny\/"},"modified":"2023-10-14T09:09:09","modified_gmt":"2023-10-14T07:09:09","slug":"migreny","status":"publish","type":"product","link":"https:\/\/audiohypnosis.online\/pl\/produkt\/migreny\/","title":{"rendered":"Migreny"},"content":{"rendered":"<p>Masz do\u015b\u0107 migren zak\u0142\u00f3caj\u0105cych Twoje \u017cycie? Nasze sesje hipnozy audio koncentruj\u0105 si\u0119 na leczeniu i \u0142agodzeniu b\u00f3lu. Otrzymasz 6 plik\u00f3w audio do pobrania oraz podr\u0119cznik najlepszych praktyk pomagaj\u0105cych radzi\u0107 sobie z objawami.<\/p>\n","protected":false},"excerpt":{"rendered":"<p>Potrzebujesz ulgi od migreny?<\/p>\n","protected":false},"featured_media":14088,"comment_status":"closed","ping_status":"closed","template":"","meta":[],"language":[2097,1659,2103,1550,1644,3059],"product_cat":[1512],"product_tag":[2021],"class_list":{"0":"post-20229","1":"product","2":"type-product","3":"status-publish","4":"has-post-thumbnail","6":"language-en-pl","7":"language-fr-pl","8":"language-es-pl","9":"language-nl-pl","10":"language-de-pl-2","11":"language-it-pl","12":"product_cat-zdrowie-i-dobrostan","13":"product_tag-painmanagement-pl","14":"pa_languages-angielski","15":"pa_languages-francuski","16":"pa_languages-hiszpanski","17":"pa_languages-niderlandzki","18":"pa_languages-niemiecki","19":"pa_languages-portugalski-brazylia","20":"pa_languages-serbski","21":"pa_languages-ukrainski","22":"pa_languages-wegierski","23":"pa_languages-wloski","25":"entry","26":"has-media","28":"first","29":"instock","30":"purchasable","31":"product-type-variable","32":"has-product-nav","33":"col","34":"span_1_of_4","35":"owp-content-center","36":"owp-thumbs-layout-horizontal","37":"owp-btn-big","38":"owp-tabs-layout-vertical","39":"has-no-thumbnails"},"acf":[],"aioseo_notices":[],"_links":{"self":[{"href":"https:\/\/audiohypnosis.online\/pl\/wp-json\/wp\/v2\/product\/20229","targetHints":{"allow":["GET"]}}],"collection":[{"href":"https:\/\/audiohypnosis.online\/pl\/wp-json\/wp\/v2\/product"}],"about":[{"href":"https:\/\/audiohypnosis.online\/pl\/wp-json\/wp\/v2\/types\/product"}],"replies":[{"embeddable":true,"href":"https:\/\/audiohypnosis.online\/pl\/wp-json\/wp\/v2\/comments?post=20229"}],"version-history":[{"count":0,"href":"https:\/\/audiohypnosis.online\/pl\/wp-json\/wp\/v2\/product\/20229\/revisions"}],"wp:featuredmedia":[{"embeddable":true,"href":"https:\/\/audiohypnosis.online\/pl\/wp-json\/wp\/v2\/media\/14088"}],"wp:attachment":[{"href":"https:\/\/audiohypnosis.online\/pl\/wp-json\/wp\/v2\/media?parent=20229"}],"wp:term":[{"taxonomy":"language","embeddable":true,"href":"https:\/\/audiohypnosis.online\/pl\/wp-json\/wp\/v2\/language?post=20229"},{"taxonomy":"product_cat","embeddable":true,"href":"https:\/\/audiohypnosis.online\/pl\/wp-json\/wp\/v2\/product_cat?post=20229"},{"taxonomy":"product_tag","embeddable":true,"href":"https:\/\/audiohypnosis.online\/pl\/wp-json\/wp\/v2\/product_tag?post=20229"}],"curies":[{"name":"wp","href":"https:\/\/api.w.org\/{rel}","templated":true}]}}