{"id":20190,"date":"2023-10-14T09:09:09","date_gmt":"2023-10-14T07:09:09","guid":{"rendered":"http:\/\/audiohypnosis.online\/product\/zwiekszone-pozadanie-seksualne\/"},"modified":"2023-10-20T11:05:16","modified_gmt":"2023-10-20T09:05:16","slug":"zwiekszone-pozadanie-seksualne","status":"publish","type":"product","link":"https:\/\/audiohypnosis.online\/pl\/produkt\/zwiekszone-pozadanie-seksualne\/","title":{"rendered":"Zwi\u0119kszone po\u017c\u0105danie seksualne"},"content":{"rendered":"<p>Pragniesz bardziej satysfakcjonuj\u0105cego \u017cycia seksualnego? Nasze pliki MP3 z hipnoz\u0105 audio mog\u0105 pom\u00f3c zwi\u0119kszy\u0107 libido. Uzyskaj dost\u0119p do 6 plik\u00f3w audio do pobrania i podr\u0119cznika, kt\u00f3ry poprowadzi Ci\u0119 w kierunku bardziej satysfakcjonuj\u0105cego \u017cycia intymnego.<\/p>\n","protected":false},"excerpt":{"rendered":"<p>Chcesz zwi\u0119kszy\u0107 swoje po\u017c\u0105danie seksualne?<\/p>\n","protected":false},"featured_media":14082,"comment_status":"closed","ping_status":"closed","template":"","meta":[],"language":[1659,2103,1550,1644],"product_cat":[1515],"product_tag":[2012,2013],"class_list":{"0":"post-20190","1":"product","2":"type-product","3":"status-publish","4":"has-post-thumbnail","6":"language-fr-pl","7":"language-es-pl","8":"language-nl-pl","9":"language-de-pl-2","10":"product_cat-seksualnosc","11":"product_tag-libido-pl","12":"product_tag-relacje","13":"pa_languages-angielski","14":"pa_languages-francuski","15":"pa_languages-hiszpanski","16":"pa_languages-niderlandzki","17":"pa_languages-niemiecki","18":"pa_languages-portugalski-brazylia","19":"pa_languages-serbski","20":"pa_languages-ukrainski","21":"pa_languages-wegierski","23":"entry","24":"has-media","26":"first","27":"instock","28":"purchasable","29":"product-type-variable","30":"has-product-nav","31":"col","32":"span_1_of_4","33":"owp-content-center","34":"owp-thumbs-layout-horizontal","35":"owp-btn-big","36":"owp-tabs-layout-vertical","37":"has-no-thumbnails"},"acf":[],"aioseo_notices":[],"_links":{"self":[{"href":"https:\/\/audiohypnosis.online\/pl\/wp-json\/wp\/v2\/product\/20190","targetHints":{"allow":["GET"]}}],"collection":[{"href":"https:\/\/audiohypnosis.online\/pl\/wp-json\/wp\/v2\/product"}],"about":[{"href":"https:\/\/audiohypnosis.online\/pl\/wp-json\/wp\/v2\/types\/product"}],"replies":[{"embeddable":true,"href":"https:\/\/audiohypnosis.online\/pl\/wp-json\/wp\/v2\/comments?post=20190"}],"version-history":[{"count":0,"href":"https:\/\/audiohypnosis.online\/pl\/wp-json\/wp\/v2\/product\/20190\/revisions"}],"wp:featuredmedia":[{"embeddable":true,"href":"https:\/\/audiohypnosis.online\/pl\/wp-json\/wp\/v2\/media\/14082"}],"wp:attachment":[{"href":"https:\/\/audiohypnosis.online\/pl\/wp-json\/wp\/v2\/media?parent=20190"}],"wp:term":[{"taxonomy":"language","embeddable":true,"href":"https:\/\/audiohypnosis.online\/pl\/wp-json\/wp\/v2\/language?post=20190"},{"taxonomy":"product_cat","embeddable":true,"href":"https:\/\/audiohypnosis.online\/pl\/wp-json\/wp\/v2\/product_cat?post=20190"},{"taxonomy":"product_tag","embeddable":true,"href":"https:\/\/audiohypnosis.online\/pl\/wp-json\/wp\/v2\/product_tag?post=20190"}],"curies":[{"name":"wp","href":"https:\/\/api.w.org\/{rel}","templated":true}]}}