{"id":18950,"date":"2023-10-14T09:09:09","date_gmt":"2023-10-14T07:09:09","guid":{"rendered":"http:\/\/audiohypnosis.online\/product\/rzadsze-uzywanie-marihuany\/"},"modified":"2023-10-14T09:09:09","modified_gmt":"2023-10-14T07:09:09","slug":"rzadsze-uzywanie-marihuany","status":"publish","type":"product","link":"https:\/\/audiohypnosis.online\/pl\/produkt\/rzadsze-uzywanie-marihuany\/","title":{"rendered":"Rzadsze u\u017cywanie marihuany"},"content":{"rendered":"<p>Chcesz zyska\u0107 kontrol\u0119 nad nadmiernym u\u017cywaniem marihuany? Nasze pliki MP3 z hipnoz\u0105 audio oferuj\u0105 \u015bcie\u017ck\u0119 do zdrowszych wybor\u00f3w. Wprowad\u017a trwa\u0142e zmiany, by odnie\u015b\u0107 szybki i zdrowy sukces. Uzyskasz dost\u0119p do 6 plik\u00f3w audio do pobrania i podr\u0119cznika.<\/p>\n","protected":false},"excerpt":{"rendered":"<p>Chcesz ograniczy\u0107 u\u017cywanie marihuany?<\/p>\n","protected":false},"featured_media":14094,"comment_status":"closed","ping_status":"closed","template":"","meta":[],"language":[1550],"product_cat":[1505],"product_tag":[1991,1707,1955,1645,1646],"class_list":{"0":"post-18950","1":"product","2":"type-product","3":"status-publish","4":"has-post-thumbnail","6":"language-nl-pl","7":"product_cat-uzaleznienia","8":"product_tag-marihuany","9":"product_tag-samokontrola","10":"product_tag-uzaleznienie","11":"product_tag-zdrowie","12":"product_tag-zdrowie-pl","14":"entry","15":"has-media","17":"first","18":"instock","19":"purchasable","20":"product-type-variable","21":"has-product-nav","22":"col","23":"span_1_of_4","24":"owp-content-center","25":"owp-thumbs-layout-horizontal","26":"owp-btn-big","27":"owp-tabs-layout-vertical","28":"has-no-thumbnails"},"acf":[],"aioseo_notices":[],"_links":{"self":[{"href":"https:\/\/audiohypnosis.online\/pl\/wp-json\/wp\/v2\/product\/18950","targetHints":{"allow":["GET"]}}],"collection":[{"href":"https:\/\/audiohypnosis.online\/pl\/wp-json\/wp\/v2\/product"}],"about":[{"href":"https:\/\/audiohypnosis.online\/pl\/wp-json\/wp\/v2\/types\/product"}],"replies":[{"embeddable":true,"href":"https:\/\/audiohypnosis.online\/pl\/wp-json\/wp\/v2\/comments?post=18950"}],"version-history":[{"count":0,"href":"https:\/\/audiohypnosis.online\/pl\/wp-json\/wp\/v2\/product\/18950\/revisions"}],"wp:featuredmedia":[{"embeddable":true,"href":"https:\/\/audiohypnosis.online\/pl\/wp-json\/wp\/v2\/media\/14094"}],"wp:attachment":[{"href":"https:\/\/audiohypnosis.online\/pl\/wp-json\/wp\/v2\/media?parent=18950"}],"wp:term":[{"taxonomy":"language","embeddable":true,"href":"https:\/\/audiohypnosis.online\/pl\/wp-json\/wp\/v2\/language?post=18950"},{"taxonomy":"product_cat","embeddable":true,"href":"https:\/\/audiohypnosis.online\/pl\/wp-json\/wp\/v2\/product_cat?post=18950"},{"taxonomy":"product_tag","embeddable":true,"href":"https:\/\/audiohypnosis.online\/pl\/wp-json\/wp\/v2\/product_tag?post=18950"}],"curies":[{"name":"wp","href":"https:\/\/api.w.org\/{rel}","templated":true}]}}