{"id":18817,"date":"2023-10-14T09:09:09","date_gmt":"2023-10-14T07:09:09","guid":{"rendered":"http:\/\/audiohypnosis.online\/product\/nadmierna-potliwosc\/"},"modified":"2023-10-14T09:09:09","modified_gmt":"2023-10-14T07:09:09","slug":"nadmierna-potliwosc","status":"publish","type":"product","link":"https:\/\/audiohypnosis.online\/pl\/produkt\/nadmierna-potliwosc\/","title":{"rendered":"Nadmierna potliwo\u015b\u0107"},"content":{"rendered":"<p>Martwisz si\u0119 nadmiern\u0105 potliwo\u015bci\u0105? Nasze sesje hipnozy audio oferuj\u0105 spos\u00f3b na lepsze zarz\u0105dzanie tym stanem. Uzyskaj dost\u0119p do 6 plik\u00f3w audio do pobrania i podr\u0119cznika najlepszych praktyk.<\/p>\n","protected":false},"excerpt":{"rendered":"<p>Zmagasz si\u0119 z nadmiern\u0105 potliwo\u015bci\u0105?<\/p>\n","protected":false},"featured_media":14244,"comment_status":"closed","ping_status":"closed","template":"","meta":[],"language":[2097,1659,2103,1550,1644],"product_cat":[1512],"product_tag":[1984,1983,3509,1707,1646],"class_list":{"0":"post-18817","1":"product","2":"type-product","3":"status-publish","4":"has-post-thumbnail","6":"language-en-pl","7":"language-fr-pl","8":"language-es-pl","9":"language-nl-pl","10":"language-de-pl-2","11":"product_cat-zdrowie-i-dobrostan","12":"product_tag-higiena","13":"product_tag-pocenie","14":"product_tag-salud-pl","15":"product_tag-samokontrola","16":"product_tag-zdrowie-pl","17":"pa_languages-angielski","18":"pa_languages-francuski","19":"pa_languages-hiszpanski","20":"pa_languages-niderlandzki","21":"pa_languages-niemiecki","22":"pa_languages-polski","23":"pa_languages-serbski","24":"pa_languages-ukrainski","26":"entry","27":"has-media","29":"first","30":"instock","31":"purchasable","32":"product-type-variable","33":"has-product-nav","34":"col","35":"span_1_of_4","36":"owp-content-center","37":"owp-thumbs-layout-horizontal","38":"owp-btn-big","39":"owp-tabs-layout-vertical","40":"has-no-thumbnails"},"acf":[],"aioseo_notices":[],"_links":{"self":[{"href":"https:\/\/audiohypnosis.online\/pl\/wp-json\/wp\/v2\/product\/18817","targetHints":{"allow":["GET"]}}],"collection":[{"href":"https:\/\/audiohypnosis.online\/pl\/wp-json\/wp\/v2\/product"}],"about":[{"href":"https:\/\/audiohypnosis.online\/pl\/wp-json\/wp\/v2\/types\/product"}],"replies":[{"embeddable":true,"href":"https:\/\/audiohypnosis.online\/pl\/wp-json\/wp\/v2\/comments?post=18817"}],"version-history":[{"count":0,"href":"https:\/\/audiohypnosis.online\/pl\/wp-json\/wp\/v2\/product\/18817\/revisions"}],"wp:featuredmedia":[{"embeddable":true,"href":"https:\/\/audiohypnosis.online\/pl\/wp-json\/wp\/v2\/media\/14244"}],"wp:attachment":[{"href":"https:\/\/audiohypnosis.online\/pl\/wp-json\/wp\/v2\/media?parent=18817"}],"wp:term":[{"taxonomy":"language","embeddable":true,"href":"https:\/\/audiohypnosis.online\/pl\/wp-json\/wp\/v2\/language?post=18817"},{"taxonomy":"product_cat","embeddable":true,"href":"https:\/\/audiohypnosis.online\/pl\/wp-json\/wp\/v2\/product_cat?post=18817"},{"taxonomy":"product_tag","embeddable":true,"href":"https:\/\/audiohypnosis.online\/pl\/wp-json\/wp\/v2\/product_tag?post=18817"}],"curies":[{"name":"wp","href":"https:\/\/api.w.org\/{rel}","templated":true}]}}