{"id":18319,"date":"2023-10-14T09:09:09","date_gmt":"2023-10-14T07:09:09","guid":{"rendered":"http:\/\/audiohypnosis.online\/product\/mniej-zmartwien\/"},"modified":"2023-10-14T09:09:09","modified_gmt":"2023-10-14T07:09:09","slug":"mniej-zmartwien","status":"publish","type":"product","link":"https:\/\/audiohypnosis.online\/pl\/produkt\/mniej-zmartwien\/","title":{"rendered":"Mniej zmartwie\u0144"},"content":{"rendered":"<p>Martwisz si\u0119 nadmiernie? Nasze pliki audio MP3 z hipnoz\u0105 pomog\u0105 ci przyj\u0105\u0107 bardziej zrelaksowane podej\u015bcie do \u017cycia. Pakiet zawiera 6 plik\u00f3w audio i podr\u0119cznik, kt\u00f3ry poprowadzi Ci\u0119 w kierunku mniejszego stresu i wi\u0119kszego spokoju.<\/p>\n","protected":false},"excerpt":{"rendered":"<p>Chcesz mniej si\u0119 martwi\u0107 i \u017cy\u0107 pe\u0142niej?<\/p>\n","protected":false},"featured_media":14112,"comment_status":"closed","ping_status":"closed","template":"","meta":[],"language":[1659,1550,1644],"product_cat":[1508],"product_tag":[1797,1611,1953,1798,1706],"class_list":{"0":"post-18319","1":"product","2":"type-product","3":"status-publish","4":"has-post-thumbnail","6":"language-fr-pl","7":"language-nl-pl","8":"language-de-pl-2","9":"product_cat-dobrostan-emocjonalny","10":"product_tag-dobre-samopoczucie-emocjonalne","11":"product_tag-lek","12":"product_tag-martwienie-sie","13":"product_tag-samoopieka","14":"product_tag-stres","15":"pa_languages-francuski","16":"pa_languages-niderlandzki","17":"pa_languages-niemiecki","18":"pa_languages-portugalski-brazylia","20":"entry","21":"has-media","23":"first","24":"instock","25":"purchasable","26":"product-type-variable","27":"has-product-nav","28":"col","29":"span_1_of_4","30":"owp-content-center","31":"owp-thumbs-layout-horizontal","32":"owp-btn-big","33":"owp-tabs-layout-vertical","34":"has-no-thumbnails"},"acf":[],"aioseo_notices":[],"_links":{"self":[{"href":"https:\/\/audiohypnosis.online\/pl\/wp-json\/wp\/v2\/product\/18319","targetHints":{"allow":["GET"]}}],"collection":[{"href":"https:\/\/audiohypnosis.online\/pl\/wp-json\/wp\/v2\/product"}],"about":[{"href":"https:\/\/audiohypnosis.online\/pl\/wp-json\/wp\/v2\/types\/product"}],"replies":[{"embeddable":true,"href":"https:\/\/audiohypnosis.online\/pl\/wp-json\/wp\/v2\/comments?post=18319"}],"version-history":[{"count":0,"href":"https:\/\/audiohypnosis.online\/pl\/wp-json\/wp\/v2\/product\/18319\/revisions"}],"wp:featuredmedia":[{"embeddable":true,"href":"https:\/\/audiohypnosis.online\/pl\/wp-json\/wp\/v2\/media\/14112"}],"wp:attachment":[{"href":"https:\/\/audiohypnosis.online\/pl\/wp-json\/wp\/v2\/media?parent=18319"}],"wp:term":[{"taxonomy":"language","embeddable":true,"href":"https:\/\/audiohypnosis.online\/pl\/wp-json\/wp\/v2\/language?post=18319"},{"taxonomy":"product_cat","embeddable":true,"href":"https:\/\/audiohypnosis.online\/pl\/wp-json\/wp\/v2\/product_cat?post=18319"},{"taxonomy":"product_tag","embeddable":true,"href":"https:\/\/audiohypnosis.online\/pl\/wp-json\/wp\/v2\/product_tag?post=18319"}],"curies":[{"name":"wp","href":"https:\/\/api.w.org\/{rel}","templated":true}]}}