{"id":18120,"date":"2023-10-14T09:09:13","date_gmt":"2023-10-14T07:09:13","guid":{"rendered":"http:\/\/audiohypnosis.online\/product\/nadmierne-myslenie\/"},"modified":"2023-10-14T09:09:13","modified_gmt":"2023-10-14T07:09:13","slug":"nadmierne-myslenie","status":"publish","type":"product","link":"https:\/\/audiohypnosis.online\/pl\/produkt\/nadmierne-myslenie\/","title":{"rendered":"Nadmierne my\u015blenie"},"content":{"rendered":"<p>Z\u0142apany w p\u0119tl\u0119 nadmiernego my\u015blenia? Nasze audio hipnozy MP3 mog\u0105 pom\u00f3c ci si\u0119 uwolni\u0107 i skupi\u0107 na tym, co naprawd\u0119 wa\u017cne. Pakiet zawiera 6 plik\u00f3w audio i instrukcj\u0119 skutecznego u\u017cytkowania.<\/p>\n","protected":false},"excerpt":{"rendered":"<p>Utkn\u0105\u0142e\u015b w p\u0119tli nadmiernego my\u015blenia?<\/p>\n","protected":false},"featured_media":14160,"comment_status":"closed","ping_status":"closed","template":"","meta":[],"language":[1659,1550],"product_cat":[1508],"product_tag":[1797,1611,1938,1798,1706],"class_list":{"0":"post-18120","1":"product","2":"type-product","3":"status-publish","4":"has-post-thumbnail","6":"language-fr-pl","7":"language-nl-pl","8":"product_cat-dobrostan-emocjonalny","9":"product_tag-dobre-samopoczucie-emocjonalne","10":"product_tag-lek","11":"product_tag-nadmierne-myslenie","12":"product_tag-samoopieka","13":"product_tag-stres","14":"pa_languages-francuski","15":"pa_languages-niderlandzki","16":"pa_languages-niemiecki","18":"entry","19":"has-media","21":"first","22":"instock","23":"purchasable","24":"product-type-variable","25":"has-product-nav","26":"col","27":"span_1_of_4","28":"owp-content-center","29":"owp-thumbs-layout-horizontal","30":"owp-btn-big","31":"owp-tabs-layout-vertical","32":"has-no-thumbnails"},"acf":[],"aioseo_notices":[],"_links":{"self":[{"href":"https:\/\/audiohypnosis.online\/pl\/wp-json\/wp\/v2\/product\/18120","targetHints":{"allow":["GET"]}}],"collection":[{"href":"https:\/\/audiohypnosis.online\/pl\/wp-json\/wp\/v2\/product"}],"about":[{"href":"https:\/\/audiohypnosis.online\/pl\/wp-json\/wp\/v2\/types\/product"}],"replies":[{"embeddable":true,"href":"https:\/\/audiohypnosis.online\/pl\/wp-json\/wp\/v2\/comments?post=18120"}],"version-history":[{"count":0,"href":"https:\/\/audiohypnosis.online\/pl\/wp-json\/wp\/v2\/product\/18120\/revisions"}],"wp:featuredmedia":[{"embeddable":true,"href":"https:\/\/audiohypnosis.online\/pl\/wp-json\/wp\/v2\/media\/14160"}],"wp:attachment":[{"href":"https:\/\/audiohypnosis.online\/pl\/wp-json\/wp\/v2\/media?parent=18120"}],"wp:term":[{"taxonomy":"language","embeddable":true,"href":"https:\/\/audiohypnosis.online\/pl\/wp-json\/wp\/v2\/language?post=18120"},{"taxonomy":"product_cat","embeddable":true,"href":"https:\/\/audiohypnosis.online\/pl\/wp-json\/wp\/v2\/product_cat?post=18120"},{"taxonomy":"product_tag","embeddable":true,"href":"https:\/\/audiohypnosis.online\/pl\/wp-json\/wp\/v2\/product_tag?post=18120"}],"curies":[{"name":"wp","href":"https:\/\/api.w.org\/{rel}","templated":true}]}}