{"id":17813,"date":"2023-10-14T09:09:09","date_gmt":"2023-10-14T07:09:09","guid":{"rendered":"http:\/\/audiohypnosis.online\/product\/mentalnosc-zwyciezcy\/"},"modified":"2023-10-14T09:09:09","modified_gmt":"2023-10-14T07:09:09","slug":"mentalnosc-zwyciezcy","status":"publish","type":"product","link":"https:\/\/audiohypnosis.online\/pl\/produkt\/mentalnosc-zwyciezcy\/","title":{"rendered":"Mentalno\u015b\u0107 zwyci\u0119zcy"},"content":{"rendered":"<p>Chcesz przyj\u0105\u0107 mentalno\u015b\u0107 zwyci\u0119zcy? Nasze sesje hipnozy audio mog\u0105 pom\u00f3c ci kultywowa\u0107 mentalno\u015b\u0107 nastawion\u0105 na sukces. Pakiet zawiera 6 plik\u00f3w audio i podr\u0119cznik skutecznego wdra\u017cania.<\/p>\n","protected":false},"excerpt":{"rendered":"<p>Szukasz mentalno\u015bci zwyci\u0119zcy?<\/p>\n","protected":false},"featured_media":14118,"comment_status":"closed","ping_status":"closed","template":"","meta":[],"language":[2097,1659,2103,1550,1644],"product_cat":[1514],"product_tag":[1924,1661,1738,1737,1925],"class_list":{"0":"post-17813","1":"product","2":"type-product","3":"status-publish","4":"has-post-thumbnail","6":"language-en-pl","7":"language-fr-pl","8":"language-es-pl","9":"language-nl-pl","10":"language-de-pl-2","11":"product_cat-samodoskonalenie","12":"product_tag-mentalnosc","13":"product_tag-motywacja","14":"product_tag-pewnosc-siebie","15":"product_tag-samodoskonalenie","16":"product_tag-sukces","17":"pa_languages-angielski","18":"pa_languages-francuski","19":"pa_languages-hiszpanski","20":"pa_languages-niderlandzki","21":"pa_languages-niemiecki","22":"pa_languages-polski","23":"pa_languages-portugalski-brazylia","24":"pa_languages-ukrainski","25":"pa_languages-wegierski","27":"entry","28":"has-media","30":"first","31":"instock","32":"purchasable","33":"product-type-variable","34":"has-product-nav","35":"col","36":"span_1_of_4","37":"owp-content-center","38":"owp-thumbs-layout-horizontal","39":"owp-btn-big","40":"owp-tabs-layout-vertical","41":"has-no-thumbnails"},"acf":[],"aioseo_notices":[],"_links":{"self":[{"href":"https:\/\/audiohypnosis.online\/pl\/wp-json\/wp\/v2\/product\/17813","targetHints":{"allow":["GET"]}}],"collection":[{"href":"https:\/\/audiohypnosis.online\/pl\/wp-json\/wp\/v2\/product"}],"about":[{"href":"https:\/\/audiohypnosis.online\/pl\/wp-json\/wp\/v2\/types\/product"}],"replies":[{"embeddable":true,"href":"https:\/\/audiohypnosis.online\/pl\/wp-json\/wp\/v2\/comments?post=17813"}],"version-history":[{"count":0,"href":"https:\/\/audiohypnosis.online\/pl\/wp-json\/wp\/v2\/product\/17813\/revisions"}],"wp:featuredmedia":[{"embeddable":true,"href":"https:\/\/audiohypnosis.online\/pl\/wp-json\/wp\/v2\/media\/14118"}],"wp:attachment":[{"href":"https:\/\/audiohypnosis.online\/pl\/wp-json\/wp\/v2\/media?parent=17813"}],"wp:term":[{"taxonomy":"language","embeddable":true,"href":"https:\/\/audiohypnosis.online\/pl\/wp-json\/wp\/v2\/language?post=17813"},{"taxonomy":"product_cat","embeddable":true,"href":"https:\/\/audiohypnosis.online\/pl\/wp-json\/wp\/v2\/product_cat?post=17813"},{"taxonomy":"product_tag","embeddable":true,"href":"https:\/\/audiohypnosis.online\/pl\/wp-json\/wp\/v2\/product_tag?post=17813"}],"curies":[{"name":"wp","href":"https:\/\/api.w.org\/{rel}","templated":true}]}}