{"id":17569,"date":"2023-10-14T09:09:09","date_gmt":"2023-10-14T07:09:09","guid":{"rendered":"http:\/\/audiohypnosis.online\/product\/obgryzanie-paznokci\/"},"modified":"2023-10-14T09:09:09","modified_gmt":"2023-10-14T07:09:09","slug":"obgryzanie-paznokci","status":"publish","type":"product","link":"https:\/\/audiohypnosis.online\/pl\/produkt\/obgryzanie-paznokci\/","title":{"rendered":"Obgryzanie paznokci"},"content":{"rendered":"<p>Chcesz pozby\u0107 si\u0119 nawyku obgryzania paznokci? Nasze pliki audio MP3 z hipnoz\u0105 pomog\u0105 ci uzyska\u0107 kontrol\u0119 nad tym nawykiem. Otrzymasz dost\u0119p do 6 plik\u00f3w audio do pobrania oraz podr\u0119cznik skutecznych praktyk.<\/p>\n","protected":false},"excerpt":{"rendered":"<p>Chcesz przesta\u0107 obgryza\u0107 paznokcie?<\/p>\n","protected":false},"featured_media":14136,"comment_status":"closed","ping_status":"closed","template":"","meta":[],"language":[2097,1550],"product_cat":[1507],"product_tag":[1912,1913,3509,1707,1646],"class_list":{"0":"post-17569","1":"product","2":"type-product","3":"status-publish","4":"has-post-thumbnail","6":"language-en-pl","7":"language-nl-pl","8":"product_cat-zle-nawyki","9":"product_tag-nawyk","10":"product_tag-obgryzanie-paznokci","11":"product_tag-salud-pl","12":"product_tag-samokontrola","13":"product_tag-zdrowie-pl","14":"pa_languages-angielski","15":"pa_languages-niderlandzki","16":"pa_languages-ukrainski","18":"entry","19":"has-media","21":"first","22":"instock","23":"purchasable","24":"product-type-variable","25":"has-product-nav","26":"col","27":"span_1_of_4","28":"owp-content-center","29":"owp-thumbs-layout-horizontal","30":"owp-btn-big","31":"owp-tabs-layout-vertical","32":"has-no-thumbnails"},"acf":[],"aioseo_notices":[],"_links":{"self":[{"href":"https:\/\/audiohypnosis.online\/pl\/wp-json\/wp\/v2\/product\/17569","targetHints":{"allow":["GET"]}}],"collection":[{"href":"https:\/\/audiohypnosis.online\/pl\/wp-json\/wp\/v2\/product"}],"about":[{"href":"https:\/\/audiohypnosis.online\/pl\/wp-json\/wp\/v2\/types\/product"}],"replies":[{"embeddable":true,"href":"https:\/\/audiohypnosis.online\/pl\/wp-json\/wp\/v2\/comments?post=17569"}],"version-history":[{"count":0,"href":"https:\/\/audiohypnosis.online\/pl\/wp-json\/wp\/v2\/product\/17569\/revisions"}],"wp:featuredmedia":[{"embeddable":true,"href":"https:\/\/audiohypnosis.online\/pl\/wp-json\/wp\/v2\/media\/14136"}],"wp:attachment":[{"href":"https:\/\/audiohypnosis.online\/pl\/wp-json\/wp\/v2\/media?parent=17569"}],"wp:term":[{"taxonomy":"language","embeddable":true,"href":"https:\/\/audiohypnosis.online\/pl\/wp-json\/wp\/v2\/language?post=17569"},{"taxonomy":"product_cat","embeddable":true,"href":"https:\/\/audiohypnosis.online\/pl\/wp-json\/wp\/v2\/product_cat?post=17569"},{"taxonomy":"product_tag","embeddable":true,"href":"https:\/\/audiohypnosis.online\/pl\/wp-json\/wp\/v2\/product_tag?post=17569"}],"curies":[{"name":"wp","href":"https:\/\/api.w.org\/{rel}","templated":true}]}}