{"id":17406,"date":"2023-10-14T09:09:13","date_gmt":"2023-10-14T07:09:13","guid":{"rendered":"http:\/\/audiohypnosis.online\/product\/ataki-paniki\/"},"modified":"2023-10-14T09:09:13","modified_gmt":"2023-10-14T07:09:13","slug":"ataki-paniki","status":"publish","type":"product","link":"https:\/\/audiohypnosis.online\/pl\/produkt\/ataki-paniki\/","title":{"rendered":"Ataki paniki"},"content":{"rendered":"<p>Do\u015bwiadczasz atak\u00f3w paniki? Nasze sesje hipnozy audio koncentruj\u0105 si\u0119 na \u0142agodzeniu stresu i dobrym samopoczuciu emocjonalnym. Uzyskasz dost\u0119p do 6 plik\u00f3w audio do pobrania i podr\u0119cznika, kt\u00f3ry poprowadzi Ci\u0119 w kierunku spokojniejszego \u017cycia.<\/p>\n","protected":false},"excerpt":{"rendered":"<p>Cierpisz na ataki paniki?<\/p>\n","protected":false},"featured_media":14154,"comment_status":"closed","ping_status":"closed","template":"","meta":[],"language":[1659,1550],"product_cat":[1509],"product_tag":[1904,1797,1611,1706,1685],"class_list":{"0":"post-17406","1":"product","2":"type-product","3":"status-publish","4":"has-post-thumbnail","6":"language-fr-pl","7":"language-nl-pl","8":"product_cat-leki-i-fobie","9":"product_tag-ataki-paniki","10":"product_tag-dobre-samopoczucie-emocjonalne","11":"product_tag-lek","12":"product_tag-stres","13":"product_tag-ulga","14":"pa_languages-francuski","15":"pa_languages-niderlandzki","17":"entry","18":"has-media","20":"first","21":"instock","22":"purchasable","23":"product-type-variable","24":"has-product-nav","25":"col","26":"span_1_of_4","27":"owp-content-center","28":"owp-thumbs-layout-horizontal","29":"owp-btn-big","30":"owp-tabs-layout-vertical","31":"has-no-thumbnails"},"acf":[],"aioseo_notices":[],"_links":{"self":[{"href":"https:\/\/audiohypnosis.online\/pl\/wp-json\/wp\/v2\/product\/17406","targetHints":{"allow":["GET"]}}],"collection":[{"href":"https:\/\/audiohypnosis.online\/pl\/wp-json\/wp\/v2\/product"}],"about":[{"href":"https:\/\/audiohypnosis.online\/pl\/wp-json\/wp\/v2\/types\/product"}],"replies":[{"embeddable":true,"href":"https:\/\/audiohypnosis.online\/pl\/wp-json\/wp\/v2\/comments?post=17406"}],"version-history":[{"count":0,"href":"https:\/\/audiohypnosis.online\/pl\/wp-json\/wp\/v2\/product\/17406\/revisions"}],"wp:featuredmedia":[{"embeddable":true,"href":"https:\/\/audiohypnosis.online\/pl\/wp-json\/wp\/v2\/media\/14154"}],"wp:attachment":[{"href":"https:\/\/audiohypnosis.online\/pl\/wp-json\/wp\/v2\/media?parent=17406"}],"wp:term":[{"taxonomy":"language","embeddable":true,"href":"https:\/\/audiohypnosis.online\/pl\/wp-json\/wp\/v2\/language?post=17406"},{"taxonomy":"product_cat","embeddable":true,"href":"https:\/\/audiohypnosis.online\/pl\/wp-json\/wp\/v2\/product_cat?post=17406"},{"taxonomy":"product_tag","embeddable":true,"href":"https:\/\/audiohypnosis.online\/pl\/wp-json\/wp\/v2\/product_tag?post=17406"}],"curies":[{"name":"wp","href":"https:\/\/api.w.org\/{rel}","templated":true}]}}