{"id":17290,"date":"2023-10-14T09:09:13","date_gmt":"2023-10-14T07:09:13","guid":{"rendered":"http:\/\/audiohypnosis.online\/product\/bolesne-miesiaczki\/"},"modified":"2023-10-14T09:09:13","modified_gmt":"2023-10-14T07:09:13","slug":"bolesne-miesiaczki","status":"publish","type":"product","link":"https:\/\/audiohypnosis.online\/pl\/produkt\/bolesne-miesiaczki\/","title":{"rendered":"Bolesne miesi\u0105czki"},"content":{"rendered":"<p>Zmagasz si\u0119 z bolesnymi miesi\u0105czkami? Nasze pliki audio MP3 z hipnoz\u0105 koncentruj\u0105 si\u0119 na radzeniu sobie z b\u00f3lem i \u0142agodzeniu go podczas menstruacji. Pakiet zawiera 6 plik\u00f3w audio i instrukcj\u0119 skutecznego u\u017cytkowania.<\/p>\n","protected":false},"excerpt":{"rendered":"<p>Potrzebujesz ulgi od bolesnych miesi\u0105czek?<\/p>\n","protected":false},"featured_media":14166,"comment_status":"closed","ping_status":"closed","template":"","meta":[],"language":[2097,1659,2103,1550,1644,3059],"product_cat":[1512],"product_tag":[],"class_list":{"0":"post-17290","1":"product","2":"type-product","3":"status-publish","4":"has-post-thumbnail","6":"language-en-pl","7":"language-fr-pl","8":"language-es-pl","9":"language-nl-pl","10":"language-de-pl-2","11":"language-it-pl","12":"product_cat-zdrowie-i-dobrostan","13":"pa_languages-angielski","14":"pa_languages-francuski","15":"pa_languages-hiszpanski","16":"pa_languages-niderlandzki","17":"pa_languages-niemiecki","18":"pa_languages-serbski","19":"pa_languages-ukrainski","20":"pa_languages-wegierski","21":"pa_languages-wloski","23":"entry","24":"has-media","26":"first","27":"instock","28":"purchasable","29":"product-type-variable","30":"has-product-nav","31":"col","32":"span_1_of_4","33":"owp-content-center","34":"owp-thumbs-layout-horizontal","35":"owp-btn-big","36":"owp-tabs-layout-vertical","37":"has-no-thumbnails"},"acf":[],"aioseo_notices":[],"_links":{"self":[{"href":"https:\/\/audiohypnosis.online\/pl\/wp-json\/wp\/v2\/product\/17290","targetHints":{"allow":["GET"]}}],"collection":[{"href":"https:\/\/audiohypnosis.online\/pl\/wp-json\/wp\/v2\/product"}],"about":[{"href":"https:\/\/audiohypnosis.online\/pl\/wp-json\/wp\/v2\/types\/product"}],"replies":[{"embeddable":true,"href":"https:\/\/audiohypnosis.online\/pl\/wp-json\/wp\/v2\/comments?post=17290"}],"version-history":[{"count":0,"href":"https:\/\/audiohypnosis.online\/pl\/wp-json\/wp\/v2\/product\/17290\/revisions"}],"wp:featuredmedia":[{"embeddable":true,"href":"https:\/\/audiohypnosis.online\/pl\/wp-json\/wp\/v2\/media\/14166"}],"wp:attachment":[{"href":"https:\/\/audiohypnosis.online\/pl\/wp-json\/wp\/v2\/media?parent=17290"}],"wp:term":[{"taxonomy":"language","embeddable":true,"href":"https:\/\/audiohypnosis.online\/pl\/wp-json\/wp\/v2\/language?post=17290"},{"taxonomy":"product_cat","embeddable":true,"href":"https:\/\/audiohypnosis.online\/pl\/wp-json\/wp\/v2\/product_cat?post=17290"},{"taxonomy":"product_tag","embeddable":true,"href":"https:\/\/audiohypnosis.online\/pl\/wp-json\/wp\/v2\/product_tag?post=17290"}],"curies":[{"name":"wp","href":"https:\/\/api.w.org\/{rel}","templated":true}]}}