{"id":17242,"date":"2023-10-14T09:09:13","date_gmt":"2023-10-14T07:09:13","guid":{"rendered":"http:\/\/audiohypnosis.online\/product\/pozytywny-obraz-samego-siebie\/"},"modified":"2023-10-14T09:09:13","modified_gmt":"2023-10-14T07:09:13","slug":"pozytywna-samoocena","status":"publish","type":"product","link":"https:\/\/audiohypnosis.online\/pl\/produkt\/pozytywna-samoocena\/","title":{"rendered":"Pozytywny obraz samego siebie"},"content":{"rendered":"<p>Chcesz poprawi\u0107 sw\u00f3j wizerunek? Nasze sesje hipnozy audio oferuj\u0105 drog\u0119 do wi\u0119kszej mi\u0142o\u015bci w\u0142asnej i pewno\u015bci siebie. Uzyskasz dost\u0119p do 6 plik\u00f3w audio do pobrania i podr\u0119cznika najlepszych praktyk.<\/p>\n","protected":false},"excerpt":{"rendered":"<p>Chcesz poprawi\u0107 sw\u00f3j wizerunek?<\/p>\n","protected":false},"featured_media":14142,"comment_status":"closed","ping_status":"closed","template":"","meta":[],"language":[1659,1550],"product_cat":[1514],"product_tag":[1797,1738,1881,1882,1737],"class_list":{"0":"post-17242","1":"product","2":"type-product","3":"status-publish","4":"has-post-thumbnail","6":"language-fr-pl","7":"language-nl-pl","8":"product_cat-samodoskonalenie","9":"product_tag-dobre-samopoczucie-emocjonalne","10":"product_tag-pewnosc-siebie","11":"product_tag-poczucie-wlasnej-wartosci","12":"product_tag-pozytywnosc","13":"product_tag-samodoskonalenie","14":"pa_languages-francuski","15":"pa_languages-niderlandzki","16":"pa_languages-portugalski-brazylia","18":"entry","19":"has-media","21":"first","22":"instock","23":"purchasable","24":"product-type-variable","25":"has-product-nav","26":"col","27":"span_1_of_4","28":"owp-content-center","29":"owp-thumbs-layout-horizontal","30":"owp-btn-big","31":"owp-tabs-layout-vertical","32":"has-no-thumbnails"},"acf":[],"aioseo_notices":[],"_links":{"self":[{"href":"https:\/\/audiohypnosis.online\/pl\/wp-json\/wp\/v2\/product\/17242","targetHints":{"allow":["GET"]}}],"collection":[{"href":"https:\/\/audiohypnosis.online\/pl\/wp-json\/wp\/v2\/product"}],"about":[{"href":"https:\/\/audiohypnosis.online\/pl\/wp-json\/wp\/v2\/types\/product"}],"replies":[{"embeddable":true,"href":"https:\/\/audiohypnosis.online\/pl\/wp-json\/wp\/v2\/comments?post=17242"}],"version-history":[{"count":0,"href":"https:\/\/audiohypnosis.online\/pl\/wp-json\/wp\/v2\/product\/17242\/revisions"}],"wp:featuredmedia":[{"embeddable":true,"href":"https:\/\/audiohypnosis.online\/pl\/wp-json\/wp\/v2\/media\/14142"}],"wp:attachment":[{"href":"https:\/\/audiohypnosis.online\/pl\/wp-json\/wp\/v2\/media?parent=17242"}],"wp:term":[{"taxonomy":"language","embeddable":true,"href":"https:\/\/audiohypnosis.online\/pl\/wp-json\/wp\/v2\/language?post=17242"},{"taxonomy":"product_cat","embeddable":true,"href":"https:\/\/audiohypnosis.online\/pl\/wp-json\/wp\/v2\/product_cat?post=17242"},{"taxonomy":"product_tag","embeddable":true,"href":"https:\/\/audiohypnosis.online\/pl\/wp-json\/wp\/v2\/product_tag?post=17242"}],"curies":[{"name":"wp","href":"https:\/\/api.w.org\/{rel}","templated":true}]}}