{"id":17189,"date":"2023-10-14T09:09:13","date_gmt":"2023-10-14T07:09:13","guid":{"rendered":"http:\/\/audiohypnosis.online\/product\/produktywnosc\/"},"modified":"2023-10-14T09:09:13","modified_gmt":"2023-10-14T07:09:13","slug":"produktywnosc","status":"publish","type":"product","link":"https:\/\/audiohypnosis.online\/pl\/produkt\/produktywnosc\/","title":{"rendered":"Produktywno\u015b\u0107"},"content":{"rendered":"<p>Potrzebujesz zwi\u0119kszenia produktywno\u015bci? Nasze pliki audio MP3 z hipnoz\u0105 mog\u0105 pom\u00f3c ci si\u0119 skupi\u0107 i by\u0107 bardziej wydajnym w wykonywaniu zada\u0144. Pakiet zawiera 6 r\u00f3\u017cnych plik\u00f3w audio i podr\u0119cznik, kt\u00f3ry poprowadzi Ci\u0119 w kierunku wy\u017cszej produktywno\u015bci.<\/p>\n","protected":false},"excerpt":{"rendered":"<p>Potrzebujesz zwi\u0119kszenia produktywno\u015bci?<\/p>\n","protected":false},"featured_media":14178,"comment_status":"closed","ping_status":"closed","template":"","meta":[],"language":[2097,1659,2103,1550,1644],"product_cat":[1514],"product_tag":[1862,1861,1737,1846,1863],"class_list":{"0":"post-17189","1":"product","2":"type-product","3":"status-publish","4":"has-post-thumbnail","6":"language-en-pl","7":"language-fr-pl","8":"language-es-pl","9":"language-nl-pl","10":"language-de-pl-2","11":"product_cat-samodoskonalenie","12":"product_tag-praca","13":"product_tag-produktywnosc","14":"product_tag-samodoskonalenie","15":"product_tag-skupienie","16":"product_tag-wydajnosc","17":"pa_languages-angielski","18":"pa_languages-francuski","19":"pa_languages-hiszpanski","20":"pa_languages-niderlandzki","21":"pa_languages-niemiecki","22":"pa_languages-portugalski-brazylia","23":"pa_languages-serbski","24":"pa_languages-ukrainski","26":"entry","27":"has-media","29":"first","30":"instock","31":"sale","32":"purchasable","33":"product-type-variable","34":"has-product-nav","35":"col","36":"span_1_of_4","37":"owp-content-center","38":"owp-thumbs-layout-horizontal","39":"owp-btn-big","40":"owp-tabs-layout-vertical","41":"has-no-thumbnails"},"acf":[],"aioseo_notices":[],"_links":{"self":[{"href":"https:\/\/audiohypnosis.online\/pl\/wp-json\/wp\/v2\/product\/17189","targetHints":{"allow":["GET"]}}],"collection":[{"href":"https:\/\/audiohypnosis.online\/pl\/wp-json\/wp\/v2\/product"}],"about":[{"href":"https:\/\/audiohypnosis.online\/pl\/wp-json\/wp\/v2\/types\/product"}],"replies":[{"embeddable":true,"href":"https:\/\/audiohypnosis.online\/pl\/wp-json\/wp\/v2\/comments?post=17189"}],"version-history":[{"count":0,"href":"https:\/\/audiohypnosis.online\/pl\/wp-json\/wp\/v2\/product\/17189\/revisions"}],"wp:featuredmedia":[{"embeddable":true,"href":"https:\/\/audiohypnosis.online\/pl\/wp-json\/wp\/v2\/media\/14178"}],"wp:attachment":[{"href":"https:\/\/audiohypnosis.online\/pl\/wp-json\/wp\/v2\/media?parent=17189"}],"wp:term":[{"taxonomy":"language","embeddable":true,"href":"https:\/\/audiohypnosis.online\/pl\/wp-json\/wp\/v2\/language?post=17189"},{"taxonomy":"product_cat","embeddable":true,"href":"https:\/\/audiohypnosis.online\/pl\/wp-json\/wp\/v2\/product_cat?post=17189"},{"taxonomy":"product_tag","embeddable":true,"href":"https:\/\/audiohypnosis.online\/pl\/wp-json\/wp\/v2\/product_tag?post=17189"}],"curies":[{"name":"wp","href":"https:\/\/api.w.org\/{rel}","templated":true}]}}