{"id":171590,"date":"2024-04-04T16:40:23","date_gmt":"2024-04-04T14:40:23","guid":{"rendered":"https:\/\/audiohypnosis.online\/?post_type=product&#038;p=171590"},"modified":"2024-06-05T12:07:25","modified_gmt":"2024-06-05T10:07:25","slug":"zmniejsz-uzywanie-narkotykow","status":"publish","type":"product","link":"https:\/\/audiohypnosis.online\/pl\/produkt\/zmniejsz-uzywanie-narkotykow\/","title":{"rendered":"Zmniejsz u\u017cywanie narkotyk\u00f3w"},"content":{"rendered":"<p>Rozpocznij swoj\u0105 podr\u00f3\u017c w kierunku zdrowszego stylu \u017cycia z naszymi MP3 z hipnoz\u0105 audio. Otrzymasz sze\u015b\u0107 \u015bcie\u017cek d\u017awi\u0119kowych i szczeg\u00f3\u0142owy podr\u0119cznik do efektywnego wykorzystania.<\/p>\n","protected":false},"excerpt":{"rendered":"<p>We\u017a kontrol\u0119 nad swoimi wyborami i podejd\u017a do ka\u017cdego dnia z odnowion\u0105 determinacj\u0105 i energi\u0105, aby wprowadzi\u0107 pozytywne zmiany.<\/p>\n","protected":false},"featured_media":168896,"comment_status":"closed","ping_status":"closed","template":"","meta":[],"language":[1644],"product_cat":[1505],"product_tag":[1924,1799],"class_list":{"0":"post-171590","1":"product","2":"type-product","3":"status-publish","4":"has-post-thumbnail","6":"language-de-pl-2","7":"product_cat-uzaleznienia","8":"product_tag-mentalnosc","9":"product_tag-uzdrowienie","10":"pa_languages-niemiecki","12":"entry","13":"has-media","15":"first","16":"instock","17":"shipping-taxable","18":"purchasable","19":"product-type-variable","20":"has-product-nav","21":"col","22":"span_1_of_4","23":"owp-content-center","24":"owp-thumbs-layout-horizontal","25":"owp-btn-big","26":"owp-tabs-layout-vertical","27":"has-no-thumbnails"},"acf":[],"aioseo_notices":[],"_links":{"self":[{"href":"https:\/\/audiohypnosis.online\/pl\/wp-json\/wp\/v2\/product\/171590","targetHints":{"allow":["GET"]}}],"collection":[{"href":"https:\/\/audiohypnosis.online\/pl\/wp-json\/wp\/v2\/product"}],"about":[{"href":"https:\/\/audiohypnosis.online\/pl\/wp-json\/wp\/v2\/types\/product"}],"replies":[{"embeddable":true,"href":"https:\/\/audiohypnosis.online\/pl\/wp-json\/wp\/v2\/comments?post=171590"}],"version-history":[{"count":1,"href":"https:\/\/audiohypnosis.online\/pl\/wp-json\/wp\/v2\/product\/171590\/revisions"}],"predecessor-version":[{"id":171592,"href":"https:\/\/audiohypnosis.online\/pl\/wp-json\/wp\/v2\/product\/171590\/revisions\/171592"}],"wp:featuredmedia":[{"embeddable":true,"href":"https:\/\/audiohypnosis.online\/pl\/wp-json\/wp\/v2\/media\/168896"}],"wp:attachment":[{"href":"https:\/\/audiohypnosis.online\/pl\/wp-json\/wp\/v2\/media?parent=171590"}],"wp:term":[{"taxonomy":"language","embeddable":true,"href":"https:\/\/audiohypnosis.online\/pl\/wp-json\/wp\/v2\/language?post=171590"},{"taxonomy":"product_cat","embeddable":true,"href":"https:\/\/audiohypnosis.online\/pl\/wp-json\/wp\/v2\/product_cat?post=171590"},{"taxonomy":"product_tag","embeddable":true,"href":"https:\/\/audiohypnosis.online\/pl\/wp-json\/wp\/v2\/product_tag?post=171590"}],"curies":[{"name":"wp","href":"https:\/\/api.w.org\/{rel}","templated":true}]}}